{"id":15437,"date":"2022-03-17T10:10:59","date_gmt":"2022-03-17T10:10:59","guid":{"rendered":"https:\/\/visitthefrenchriviera.com\/airbnb\/"},"modified":"2022-03-17T10:10:59","modified_gmt":"2022-03-17T10:10:59","slug":"airbnb","status":"publish","type":"page","link":"https:\/\/visitthefrenchriviera.com\/fr\/airbnb\/","title":{"rendered":"Airbnb"},"content":{"rendered":"<h2>Airbnb en C\u00f4te d&#8217;Azur<\/h2>\n<p>En dehors des h\u00f4tels, des auberges et du couch surfing, il y a aussi l&#8217;option Airbnb ou encore air bed and breakfast.<\/p>\n<p>Vous pouvez trouver de tr\u00e8s bonnes affaires de locations Airbnb le long de la C\u00f4te d&#8217;Azur surtout quand c&#8217;est la basse saison. Avec Airbnb, vous pouvez choisir de rester avec le propri\u00e9taire de la maison\/de l&#8217;appartement ou de louer enti\u00e8rement pour vous.<\/p>\n<p>Les prix diff\u00e8rent en fonction de la p\u00e9riode que vous choisissez de louer, de la r\u00e9gion de votre choix et bien s\u00fbr du type de logement. Airbnb est g\u00e9n\u00e9ralement moins cher que les h\u00f4tels, donc si vous \u00eates inquiet pour votre budget, Visit The French Riviera a \u00e9tabli une liste pour vous permettre de choisir parmi les appartements les plus abordables.<\/p>\n<p>Que vous soyez int\u00e9ress\u00e9 par la location \u00e0 long terme ou \u00e0 court terme, il y a toujours une option pour tout le monde.<\/p>\n","protected":false},"excerpt":{"rendered":"<p>Airbnb en C\u00f4te d&#8217;Azur En dehors des h\u00f4tels, des auberges et du couch surfing, il y a aussi l&#8217;option Airbnb ou encore air bed and breakfast. Vous pouvez trouver de tr\u00e8s bonnes affaires de locations Airbnb le long de la C\u00f4te d&#8217;Azur surtout quand c&#8217;est la basse saison. Avec Airbnb, vous pouvez choisir de rester [&hellip;]<\/p>\n","protected":false},"author":3,"featured_media":10650,"parent":0,"menu_order":0,"comment_status":"closed","ping_status":"closed","template":"template-home-modern.php","meta":{"_acf_changed":false,"footnotes":""},"class_list":["post-15437","page","type-page","status-publish","has-post-thumbnail","hentry"],"acf":[],"yoast_head":"<!-- This site is optimized with the Yoast SEO plugin v26.1.1 - https:\/\/yoast.com\/wordpress\/plugins\/seo\/ -->\n<title>Airbnb dans la C\u00f4te d&#039;Azur | Visitez la C\u00f4te d&#039;Azur<\/title>\n<meta name=\"description\" content=\"Vous ne devriez pas vous soucier de l&#039;h\u00e9bergement car vous pouvez trouver une large s\u00e9lection d&#039;airbnb ou encore de chambres d&#039;h\u00f4tes ici sur la C\u00f4te d&#039;Azur.\" \/>\n<meta name=\"robots\" content=\"index, follow, max-snippet:-1, max-image-preview:large, max-video-preview:-1\" \/>\n<link rel=\"canonical\" href=\"https:\/\/visitthefrenchriviera.com\/airbnb\/\" \/>\n<meta property=\"og:locale\" content=\"fr_FR\" \/>\n<meta property=\"og:type\" content=\"article\" \/>\n<meta property=\"og:title\" content=\"Airbnb dans la C\u00f4te d&#039;Azur | Visitez la C\u00f4te d&#039;Azur\" \/>\n<meta property=\"og:description\" content=\"Vous ne devriez pas vous soucier de l&#039;h\u00e9bergement car vous pouvez trouver une large s\u00e9lection d&#039;airbnb ou encore de chambres d&#039;h\u00f4tes ici sur la C\u00f4te d&#039;Azur.\" \/>\n<meta property=\"og:url\" content=\"https:\/\/visitthefrenchriviera.com\/airbnb\/\" \/>\n<meta property=\"og:site_name\" content=\"Visitthefrenchriviera - C\u00f4te d&#039;Azur France\" \/>\n<meta property=\"og:image\" content=\"https:\/\/visitthefrenchriviera.com\/wp-content\/uploads\/2021\/04\/airbnb-french-riviera.jpg\" \/>\n\t<meta property=\"og:image:width\" content=\"1920\" \/>\n\t<meta property=\"og:image:height\" content=\"1087\" \/>\n\t<meta property=\"og:image:type\" content=\"image\/jpeg\" \/>\n<meta name=\"twitter:card\" content=\"summary_large_image\" \/>\n<meta name=\"twitter:label1\" content=\"Dur\u00e9e de lecture estim\u00e9e\" \/>\n\t<meta name=\"twitter:data1\" content=\"1 minute\" \/>\n<!-- \/ Yoast SEO plugin. -->","yoast_head_json":{"title":"Airbnb dans la C\u00f4te d'Azur | Visitez la C\u00f4te d'Azur","description":"Vous ne devriez pas vous soucier de l'h\u00e9bergement car vous pouvez trouver une large s\u00e9lection d'airbnb ou encore de chambres d'h\u00f4tes ici sur la C\u00f4te d'Azur.","robots":{"index":"index","follow":"follow","max-snippet":"max-snippet:-1","max-image-preview":"max-image-preview:large","max-video-preview":"max-video-preview:-1"},"canonical":"https:\/\/visitthefrenchriviera.com\/airbnb\/","og_locale":"fr_FR","og_type":"article","og_title":"Airbnb dans la C\u00f4te d'Azur | Visitez la C\u00f4te d'Azur","og_description":"Vous ne devriez pas vous soucier de l'h\u00e9bergement car vous pouvez trouver une large s\u00e9lection d'airbnb ou encore de chambres d'h\u00f4tes ici sur la C\u00f4te d'Azur.","og_url":"https:\/\/visitthefrenchriviera.com\/airbnb\/","og_site_name":"Visitthefrenchriviera - C\u00f4te d&#039;Azur France","og_image":[{"width":1920,"height":1087,"url":"https:\/\/visitthefrenchriviera.com\/wp-content\/uploads\/2021\/04\/airbnb-french-riviera.jpg","type":"image\/jpeg"}],"twitter_card":"summary_large_image","twitter_misc":{"Dur\u00e9e de lecture estim\u00e9e":"1 minute"},"schema":{"@context":"https:\/\/schema.org","@graph":[{"@type":"WebPage","@id":"https:\/\/visitthefrenchriviera.com\/airbnb\/","url":"https:\/\/visitthefrenchriviera.com\/airbnb\/","name":"Airbnb dans la C\u00f4te d'Azur | Visitez la C\u00f4te d'Azur","isPartOf":{"@id":"https:\/\/visitthefrenchriviera.com\/#website"},"primaryImageOfPage":{"@id":"https:\/\/visitthefrenchriviera.com\/airbnb\/#primaryimage"},"image":{"@id":"https:\/\/visitthefrenchriviera.com\/airbnb\/#primaryimage"},"thumbnailUrl":"https:\/\/visitthefrenchriviera.com\/wp-content\/uploads\/2021\/04\/airbnb-french-riviera.jpg","datePublished":"2022-03-17T10:10:59+00:00","description":"Vous ne devriez pas vous soucier de l'h\u00e9bergement car vous pouvez trouver une large s\u00e9lection d'airbnb ou encore de chambres d'h\u00f4tes ici sur la C\u00f4te d'Azur.","breadcrumb":{"@id":"https:\/\/visitthefrenchriviera.com\/airbnb\/#breadcrumb"},"inLanguage":"fr-FR","potentialAction":[{"@type":"ReadAction","target":["https:\/\/visitthefrenchriviera.com\/airbnb\/"]}]},{"@type":"ImageObject","inLanguage":"fr-FR","@id":"https:\/\/visitthefrenchriviera.com\/airbnb\/#primaryimage","url":"https:\/\/visitthefrenchriviera.com\/wp-content\/uploads\/2021\/04\/airbnb-french-riviera.jpg","contentUrl":"https:\/\/visitthefrenchriviera.com\/wp-content\/uploads\/2021\/04\/airbnb-french-riviera.jpg","width":1920,"height":1087,"caption":"airbnb c\u00f4te d'azur"},{"@type":"BreadcrumbList","@id":"https:\/\/visitthefrenchriviera.com\/airbnb\/#breadcrumb","itemListElement":[{"@type":"ListItem","position":1,"name":"Home","item":"https:\/\/visitthefrenchriviera.com\/"},{"@type":"ListItem","position":2,"name":"Airbnb"}]},{"@type":"WebSite","@id":"https:\/\/visitthefrenchriviera.com\/#website","url":"https:\/\/visitthefrenchriviera.com\/","name":"Visitthefrenchriviera - C\u00f4te d&#039;Azur France","description":"C\u00f4te d&#039;Azur Exclusives \u2013 Curated Experiences for the Discerning Explorer","potentialAction":[{"@type":"SearchAction","target":{"@type":"EntryPoint","urlTemplate":"https:\/\/visitthefrenchriviera.com\/?s={search_term_string}"},"query-input":{"@type":"PropertyValueSpecification","valueRequired":true,"valueName":"search_term_string"}}],"inLanguage":"fr-FR"}]}},"_links":{"self":[{"href":"https:\/\/visitthefrenchriviera.com\/fr\/wp-json\/wp\/v2\/pages\/15437","targetHints":{"allow":["GET"]}}],"collection":[{"href":"https:\/\/visitthefrenchriviera.com\/fr\/wp-json\/wp\/v2\/pages"}],"about":[{"href":"https:\/\/visitthefrenchriviera.com\/fr\/wp-json\/wp\/v2\/types\/page"}],"author":[{"embeddable":true,"href":"https:\/\/visitthefrenchriviera.com\/fr\/wp-json\/wp\/v2\/users\/3"}],"replies":[{"embeddable":true,"href":"https:\/\/visitthefrenchriviera.com\/fr\/wp-json\/wp\/v2\/comments?post=15437"}],"version-history":[{"count":0,"href":"https:\/\/visitthefrenchriviera.com\/fr\/wp-json\/wp\/v2\/pages\/15437\/revisions"}],"wp:featuredmedia":[{"embeddable":true,"href":"https:\/\/visitthefrenchriviera.com\/fr\/wp-json\/wp\/v2\/media\/10650"}],"wp:attachment":[{"href":"https:\/\/visitthefrenchriviera.com\/fr\/wp-json\/wp\/v2\/media?parent=15437"}],"curies":[{"name":"wp","href":"https:\/\/api.w.org\/{rel}","templated":true}]}}