{"id":15440,"date":"2022-03-17T10:27:47","date_gmt":"2022-03-17T10:27:47","guid":{"rendered":"https:\/\/visitthefrenchriviera.com\/soiree-barathon\/"},"modified":"2022-03-17T11:01:31","modified_gmt":"2022-03-17T11:01:31","slug":"soiree-barathon","status":"publish","type":"page","link":"https:\/\/visitthefrenchriviera.com\/fr\/soiree-barathon\/","title":{"rendered":"Soir\u00e9e Barathon"},"content":{"rendered":"<h2>Soir\u00e9e Barathon C\u00f4te d&#8217;Azur<\/h2>\n<p>Comme son nom l&#8217;indique, un pub crawl ou un bar crawl est l&#8217;id\u00e9e de visiter diff\u00e9rents bars pendant la nuit et de rassembler principalement des gens. L&#8217;objectif est de cr\u00e9er un groupe d&#8217;amis, de coll\u00e8gues de travail ou m\u00eame d&#8217;inconnus et de leur faire vivre une exp\u00e9rience inoubliable en d\u00e9gustant des boissons dans chaque bar.<\/p>\n<p>\u00c0 leur arriv\u00e9e dans chaque bar, les invit\u00e9s se voient offrir un verre de bienvenue, puis un menu sp\u00e9cifique ax\u00e9 sur les offres de boissons disponibles pour le groupe pendant la nuit. Il y a toujours un horaire sp\u00e9cifique \u00e0 suivre dans chaque bar, g\u00e9n\u00e9ralement entre 1 heure et 1h30 pour chaque visite de bar. Il y a g\u00e9n\u00e9ralement 2 \u00e0 5 guides qui dirigent la tourn\u00e9e des bars, en fonction du nombre de participants. Les guides veillent toujours \u00e0 ce que le groupe soit soud\u00e9 et passe un bon moment.<\/p>\n<p>La tourn\u00e9e des bars implique g\u00e9n\u00e9ralement un d\u00e9placement \u00e0 pied, mais la distance est toujours raisonnable. C&#8217;est une activit\u00e9 id\u00e9ale, surtout pour les touristes qui visitent un pays pour quelques jours et qui veulent en profiter pour rencontrer les habitants ou m\u00eame d&#8217;autres voyageurs.<\/p>\n<p>Certains forfaits comprennent g\u00e9n\u00e9ralement des boissons de bienvenue gratuites, des r\u00e9ductions exclusives sur des boissons suppl\u00e9mentaires et des \u00e9v\u00e9nements sp\u00e9ciaux, des entr\u00e9es VIP dans les meilleures bo\u00eetes de nuit, les lieux de rencontre les plus branch\u00e9s de la ville et, bien s\u00fbr, une \u00e9quipe de guides locaux sympathiques qui vous feront vivre une exp\u00e9rience inoubliable et cr\u00e9eront des souvenirs durables.<\/p>\n<p>Visit The French Riviera propose de nombreux forfaits de tourn\u00e9e des bars, en particulier pendant l&#8217;\u00e9t\u00e9, alors assurez-vous de r\u00e9server \u00e0 l&#8217;avance et profitez d&#8217;une nuit pleine de musique, de boissons et, bien s\u00fbr, de gens formidables !<\/p>\n","protected":false},"excerpt":{"rendered":"<p>Soir\u00e9e Barathon C\u00f4te d&#8217;Azur Comme son nom l&#8217;indique, un pub crawl ou un bar crawl est l&#8217;id\u00e9e de visiter diff\u00e9rents bars pendant la nuit et de rassembler principalement des gens. L&#8217;objectif est de cr\u00e9er un groupe d&#8217;amis, de coll\u00e8gues de travail ou m\u00eame d&#8217;inconnus et de leur faire vivre une exp\u00e9rience inoubliable en d\u00e9gustant des [&hellip;]<\/p>\n","protected":false},"author":3,"featured_media":11409,"parent":0,"menu_order":0,"comment_status":"closed","ping_status":"closed","template":"template-home-modern.php","meta":{"_acf_changed":false,"footnotes":""},"class_list":["post-15440","page","type-page","status-publish","has-post-thumbnail","hentry"],"acf":[],"yoast_head":"<!-- This site is optimized with the Yoast SEO plugin v26.1.1 - https:\/\/yoast.com\/wordpress\/plugins\/seo\/ -->\n<title>Soir\u00e9e Barathon C\u00f4te d&#039;Azur I Visitez la C\u00f4te d&#039;Azur<\/title>\n<meta name=\"description\" content=\"Comme son nom l&#039;indique, un pub crawl ou un bar crawl est l&#039;id\u00e9e de visiter diff\u00e9rents bars pendant la nuit et de rassembler principalement des gens.\" \/>\n<meta name=\"robots\" content=\"index, follow, max-snippet:-1, max-image-preview:large, max-video-preview:-1\" \/>\n<link rel=\"canonical\" href=\"https:\/\/visitthefrenchriviera.com\/bar-crawls\/\" \/>\n<meta property=\"og:locale\" content=\"fr_FR\" \/>\n<meta property=\"og:type\" content=\"article\" \/>\n<meta property=\"og:title\" content=\"Soir\u00e9e Barathon C\u00f4te d&#039;Azur I Visitez la C\u00f4te d&#039;Azur\" \/>\n<meta property=\"og:description\" content=\"Comme son nom l&#039;indique, un pub crawl ou un bar crawl est l&#039;id\u00e9e de visiter diff\u00e9rents bars pendant la nuit et de rassembler principalement des gens.\" \/>\n<meta property=\"og:url\" content=\"https:\/\/visitthefrenchriviera.com\/bar-crawls\/\" \/>\n<meta property=\"og:site_name\" content=\"Visitthefrenchriviera - C\u00f4te d&#039;Azur France\" \/>\n<meta property=\"article:modified_time\" content=\"2022-03-17T11:01:31+00:00\" \/>\n<meta property=\"og:image\" content=\"https:\/\/visitthefrenchriviera.com\/wp-content\/uploads\/2021\/05\/Bar-Crawls-2.jpg\" \/>\n\t<meta property=\"og:image:width\" content=\"1920\" \/>\n\t<meta property=\"og:image:height\" content=\"1280\" \/>\n\t<meta property=\"og:image:type\" content=\"image\/jpeg\" \/>\n<meta name=\"twitter:card\" content=\"summary_large_image\" \/>\n<meta name=\"twitter:label1\" content=\"Dur\u00e9e de lecture estim\u00e9e\" \/>\n\t<meta name=\"twitter:data1\" content=\"2 minutes\" \/>\n<!-- \/ Yoast SEO plugin. -->","yoast_head_json":{"title":"Soir\u00e9e Barathon C\u00f4te d'Azur I Visitez la C\u00f4te d'Azur","description":"Comme son nom l'indique, un pub crawl ou un bar crawl est l'id\u00e9e de visiter diff\u00e9rents bars pendant la nuit et de rassembler principalement des gens.","robots":{"index":"index","follow":"follow","max-snippet":"max-snippet:-1","max-image-preview":"max-image-preview:large","max-video-preview":"max-video-preview:-1"},"canonical":"https:\/\/visitthefrenchriviera.com\/bar-crawls\/","og_locale":"fr_FR","og_type":"article","og_title":"Soir\u00e9e Barathon C\u00f4te d'Azur I Visitez la C\u00f4te d'Azur","og_description":"Comme son nom l'indique, un pub crawl ou un bar crawl est l'id\u00e9e de visiter diff\u00e9rents bars pendant la nuit et de rassembler principalement des gens.","og_url":"https:\/\/visitthefrenchriviera.com\/bar-crawls\/","og_site_name":"Visitthefrenchriviera - C\u00f4te d&#039;Azur France","article_modified_time":"2022-03-17T11:01:31+00:00","og_image":[{"width":1920,"height":1280,"url":"https:\/\/visitthefrenchriviera.com\/wp-content\/uploads\/2021\/05\/Bar-Crawls-2.jpg","type":"image\/jpeg"}],"twitter_card":"summary_large_image","twitter_misc":{"Dur\u00e9e de lecture estim\u00e9e":"2 minutes"},"schema":{"@context":"https:\/\/schema.org","@graph":[{"@type":"WebPage","@id":"https:\/\/visitthefrenchriviera.com\/bar-crawls\/","url":"https:\/\/visitthefrenchriviera.com\/bar-crawls\/","name":"Soir\u00e9e Barathon C\u00f4te d'Azur I Visitez la C\u00f4te d'Azur","isPartOf":{"@id":"https:\/\/visitthefrenchriviera.com\/#website"},"primaryImageOfPage":{"@id":"https:\/\/visitthefrenchriviera.com\/bar-crawls\/#primaryimage"},"image":{"@id":"https:\/\/visitthefrenchriviera.com\/bar-crawls\/#primaryimage"},"thumbnailUrl":"https:\/\/visitthefrenchriviera.com\/wp-content\/uploads\/2021\/05\/Bar-Crawls-2.jpg","datePublished":"2022-03-17T10:27:47+00:00","dateModified":"2022-03-17T11:01:31+00:00","description":"Comme son nom l'indique, un pub crawl ou un bar crawl est l'id\u00e9e de visiter diff\u00e9rents bars pendant la nuit et de rassembler principalement des gens.","breadcrumb":{"@id":"https:\/\/visitthefrenchriviera.com\/bar-crawls\/#breadcrumb"},"inLanguage":"fr-FR","potentialAction":[{"@type":"ReadAction","target":["https:\/\/visitthefrenchriviera.com\/bar-crawls\/"]}]},{"@type":"ImageObject","inLanguage":"fr-FR","@id":"https:\/\/visitthefrenchriviera.com\/bar-crawls\/#primaryimage","url":"https:\/\/visitthefrenchriviera.com\/wp-content\/uploads\/2021\/05\/Bar-Crawls-2.jpg","contentUrl":"https:\/\/visitthefrenchriviera.com\/wp-content\/uploads\/2021\/05\/Bar-Crawls-2.jpg","width":1920,"height":1280,"caption":"Soir\u00e9e Barathon"},{"@type":"BreadcrumbList","@id":"https:\/\/visitthefrenchriviera.com\/bar-crawls\/#breadcrumb","itemListElement":[{"@type":"ListItem","position":1,"name":"Home","item":"https:\/\/visitthefrenchriviera.com\/"},{"@type":"ListItem","position":2,"name":"Soir\u00e9e Barathon"}]},{"@type":"WebSite","@id":"https:\/\/visitthefrenchriviera.com\/#website","url":"https:\/\/visitthefrenchriviera.com\/","name":"Visitthefrenchriviera - C\u00f4te d&#039;Azur France","description":"C\u00f4te d&#039;Azur Exclusives \u2013 Curated Experiences for the Discerning Explorer","potentialAction":[{"@type":"SearchAction","target":{"@type":"EntryPoint","urlTemplate":"https:\/\/visitthefrenchriviera.com\/?s={search_term_string}"},"query-input":{"@type":"PropertyValueSpecification","valueRequired":true,"valueName":"search_term_string"}}],"inLanguage":"fr-FR"}]}},"_links":{"self":[{"href":"https:\/\/visitthefrenchriviera.com\/fr\/wp-json\/wp\/v2\/pages\/15440","targetHints":{"allow":["GET"]}}],"collection":[{"href":"https:\/\/visitthefrenchriviera.com\/fr\/wp-json\/wp\/v2\/pages"}],"about":[{"href":"https:\/\/visitthefrenchriviera.com\/fr\/wp-json\/wp\/v2\/types\/page"}],"author":[{"embeddable":true,"href":"https:\/\/visitthefrenchriviera.com\/fr\/wp-json\/wp\/v2\/users\/3"}],"replies":[{"embeddable":true,"href":"https:\/\/visitthefrenchriviera.com\/fr\/wp-json\/wp\/v2\/comments?post=15440"}],"version-history":[{"count":1,"href":"https:\/\/visitthefrenchriviera.com\/fr\/wp-json\/wp\/v2\/pages\/15440\/revisions"}],"predecessor-version":[{"id":15452,"href":"https:\/\/visitthefrenchriviera.com\/fr\/wp-json\/wp\/v2\/pages\/15440\/revisions\/15452"}],"wp:featuredmedia":[{"embeddable":true,"href":"https:\/\/visitthefrenchriviera.com\/fr\/wp-json\/wp\/v2\/media\/11409"}],"wp:attachment":[{"href":"https:\/\/visitthefrenchriviera.com\/fr\/wp-json\/wp\/v2\/media?parent=15440"}],"curies":[{"name":"wp","href":"https:\/\/api.w.org\/{rel}","templated":true}]}}