{"id":15450,"date":"2022-03-17T10:56:54","date_gmt":"2022-03-17T10:56:54","guid":{"rendered":"https:\/\/visitthefrenchriviera.com\/circuits-gourmands\/"},"modified":"2022-03-17T10:56:54","modified_gmt":"2022-03-17T10:56:54","slug":"circuits-gourmands","status":"publish","type":"page","link":"https:\/\/visitthefrenchriviera.com\/fr\/circuits-gourmands\/","title":{"rendered":"Circuits gourmands"},"content":{"rendered":"<h2 class=\"st-heading\">D\u00e9gustation de sp\u00e9cialit\u00e9s la C\u00f4te d&#8217;Azur<\/h2>\n<p>Quelle meilleure fa\u00e7on de d\u00e9couvrir la C\u00f4te d&#8217;Azur ? Vous pensez peut-\u00eatre que vous pouvez trouver les m\u00eames plats que dans n&#8217;importe quelle autre r\u00e9gion de France, comme Paris. Pourtant, ce n&#8217;est pas le cas de la C\u00f4te d&#8217;Azur !<\/p>\n<p>Nice, la capitale de la C\u00f4te d&#8217;Azur, n&#8217;a pas toujours fait partie de la France. Ce n&#8217;est qu&#8217;en 1861 qu&#8217;elle a \u00e9t\u00e9 officiellement annex\u00e9e \u00e0 la France et avant cela, Nice appartenait au royaume de Sardaigne. On y trouve donc une combinaison d&#8217;architecture, de cuisine, de culture et de traditions fran\u00e7aises et italiennes !<\/p>\n<p>Avec Visit The French Riviera, vous pouvez faire une visite gastronomique avec nos guides experts locaux et en d\u00e9couvrir davantage sur l&#8217;histoire de Nice avec la Sardaigne et la France. Normalement, les circuits gastronomiques comprennent 5 \u00e0 7 endroits diff\u00e9rents, donc en offrant une aventure culinaire \u00e0 plusieurs plats d&#8217;une visite guid\u00e9e avec des conseils sur les meilleurs restaurants et bars de la ville. Vous d\u00e9couvrirez des endroits que de nombreux touristes ignorent et, bien s\u00fbr, vous apprendrez beaucoup sur la r\u00e9gion et ses influences.<\/p>\n<p>Parmi les plats locaux que vous go\u00fbterez, citons des sp\u00e9cialit\u00e9s telles que la Socca, le Pan Bagnat, le Pissaldiere et bien d&#8217;autres encore. Un excellent aper\u00e7u de la cuisine ni\u00e7oise et m\u00e9diterran\u00e9enne pour vous et vos amis.<\/p>\n<p>&nbsp;<\/p>\n","protected":false},"excerpt":{"rendered":"<p>D\u00e9gustation de sp\u00e9cialit\u00e9s la C\u00f4te d&#8217;Azur Quelle meilleure fa\u00e7on de d\u00e9couvrir la C\u00f4te d&#8217;Azur ? Vous pensez peut-\u00eatre que vous pouvez trouver les m\u00eames plats que dans n&#8217;importe quelle autre r\u00e9gion de France, comme Paris. Pourtant, ce n&#8217;est pas le cas de la C\u00f4te d&#8217;Azur ! Nice, la capitale de la C\u00f4te d&#8217;Azur, n&#8217;a pas [&hellip;]<\/p>\n","protected":false},"author":3,"featured_media":11393,"parent":0,"menu_order":0,"comment_status":"closed","ping_status":"closed","template":"template-home-modern.php","meta":{"_acf_changed":false,"footnotes":""},"class_list":["post-15450","page","type-page","status-publish","has-post-thumbnail","hentry"],"acf":[],"yoast_head":"<!-- This site is optimized with the Yoast SEO plugin v26.1.1 - https:\/\/yoast.com\/wordpress\/plugins\/seo\/ -->\n<title>Circuits gourmands \u00e0 la C\u00f4te d&#039;Azur I Visitez la C\u00f4te d&#039;Azur<\/title>\n<meta name=\"description\" content=\"Avec Visit The French Riviera, vous pouvez participer \u00e0 une visite gastronomique avec nos guides experts locaux et en savoir plus sur l&#039;histoire de Nice avec la Sardaigne et la France.\" \/>\n<meta name=\"robots\" content=\"index, follow, max-snippet:-1, max-image-preview:large, max-video-preview:-1\" \/>\n<link rel=\"canonical\" href=\"https:\/\/visitthefrenchriviera.com\/food-tours\/\" \/>\n<meta property=\"og:locale\" content=\"fr_FR\" \/>\n<meta property=\"og:type\" content=\"article\" \/>\n<meta property=\"og:title\" content=\"Circuits gourmands \u00e0 la C\u00f4te d&#039;Azur I Visitez la C\u00f4te d&#039;Azur\" \/>\n<meta property=\"og:description\" content=\"Avec Visit The French Riviera, vous pouvez participer \u00e0 une visite gastronomique avec nos guides experts locaux et en savoir plus sur l&#039;histoire de Nice avec la Sardaigne et la France.\" \/>\n<meta property=\"og:url\" content=\"https:\/\/visitthefrenchriviera.com\/food-tours\/\" \/>\n<meta property=\"og:site_name\" content=\"Visitthefrenchriviera - C\u00f4te d&#039;Azur France\" \/>\n<meta property=\"og:image\" content=\"https:\/\/visitthefrenchriviera.com\/wp-content\/uploads\/2021\/05\/Food-Tours.jpg\" \/>\n\t<meta property=\"og:image:width\" content=\"1920\" \/>\n\t<meta property=\"og:image:height\" content=\"1280\" \/>\n\t<meta property=\"og:image:type\" content=\"image\/jpeg\" \/>\n<meta name=\"twitter:card\" content=\"summary_large_image\" \/>\n<meta name=\"twitter:label1\" content=\"Dur\u00e9e de lecture estim\u00e9e\" \/>\n\t<meta name=\"twitter:data1\" content=\"1 minute\" \/>\n<!-- \/ Yoast SEO plugin. -->","yoast_head_json":{"title":"Circuits gourmands \u00e0 la C\u00f4te d'Azur I Visitez la C\u00f4te d'Azur","description":"Avec Visit The French Riviera, vous pouvez participer \u00e0 une visite gastronomique avec nos guides experts locaux et en savoir plus sur l'histoire de Nice avec la Sardaigne et la France.","robots":{"index":"index","follow":"follow","max-snippet":"max-snippet:-1","max-image-preview":"max-image-preview:large","max-video-preview":"max-video-preview:-1"},"canonical":"https:\/\/visitthefrenchriviera.com\/food-tours\/","og_locale":"fr_FR","og_type":"article","og_title":"Circuits gourmands \u00e0 la C\u00f4te d'Azur I Visitez la C\u00f4te d'Azur","og_description":"Avec Visit The French Riviera, vous pouvez participer \u00e0 une visite gastronomique avec nos guides experts locaux et en savoir plus sur l'histoire de Nice avec la Sardaigne et la France.","og_url":"https:\/\/visitthefrenchriviera.com\/food-tours\/","og_site_name":"Visitthefrenchriviera - C\u00f4te d&#039;Azur France","og_image":[{"width":1920,"height":1280,"url":"https:\/\/visitthefrenchriviera.com\/wp-content\/uploads\/2021\/05\/Food-Tours.jpg","type":"image\/jpeg"}],"twitter_card":"summary_large_image","twitter_misc":{"Dur\u00e9e de lecture estim\u00e9e":"1 minute"},"schema":{"@context":"https:\/\/schema.org","@graph":[{"@type":"WebPage","@id":"https:\/\/visitthefrenchriviera.com\/food-tours\/","url":"https:\/\/visitthefrenchriviera.com\/food-tours\/","name":"Circuits gourmands \u00e0 la C\u00f4te d'Azur I Visitez la C\u00f4te d'Azur","isPartOf":{"@id":"https:\/\/visitthefrenchriviera.com\/#website"},"primaryImageOfPage":{"@id":"https:\/\/visitthefrenchriviera.com\/food-tours\/#primaryimage"},"image":{"@id":"https:\/\/visitthefrenchriviera.com\/food-tours\/#primaryimage"},"thumbnailUrl":"https:\/\/visitthefrenchriviera.com\/wp-content\/uploads\/2021\/05\/Food-Tours.jpg","datePublished":"2022-03-17T10:56:54+00:00","description":"Avec Visit The French Riviera, vous pouvez participer \u00e0 une visite gastronomique avec nos guides experts locaux et en savoir plus sur l'histoire de Nice avec la Sardaigne et la France.","breadcrumb":{"@id":"https:\/\/visitthefrenchriviera.com\/food-tours\/#breadcrumb"},"inLanguage":"fr-FR","potentialAction":[{"@type":"ReadAction","target":["https:\/\/visitthefrenchriviera.com\/food-tours\/"]}]},{"@type":"ImageObject","inLanguage":"fr-FR","@id":"https:\/\/visitthefrenchriviera.com\/food-tours\/#primaryimage","url":"https:\/\/visitthefrenchriviera.com\/wp-content\/uploads\/2021\/05\/Food-Tours.jpg","contentUrl":"https:\/\/visitthefrenchriviera.com\/wp-content\/uploads\/2021\/05\/Food-Tours.jpg","width":1920,"height":1280,"caption":"Circuits gourmands"},{"@type":"BreadcrumbList","@id":"https:\/\/visitthefrenchriviera.com\/food-tours\/#breadcrumb","itemListElement":[{"@type":"ListItem","position":1,"name":"Home","item":"https:\/\/visitthefrenchriviera.com\/"},{"@type":"ListItem","position":2,"name":"Circuits gourmands"}]},{"@type":"WebSite","@id":"https:\/\/visitthefrenchriviera.com\/#website","url":"https:\/\/visitthefrenchriviera.com\/","name":"Visitthefrenchriviera - C\u00f4te d&#039;Azur France","description":"C\u00f4te d&#039;Azur Exclusives \u2013 Curated Experiences for the Discerning Explorer","potentialAction":[{"@type":"SearchAction","target":{"@type":"EntryPoint","urlTemplate":"https:\/\/visitthefrenchriviera.com\/?s={search_term_string}"},"query-input":{"@type":"PropertyValueSpecification","valueRequired":true,"valueName":"search_term_string"}}],"inLanguage":"fr-FR"}]}},"_links":{"self":[{"href":"https:\/\/visitthefrenchriviera.com\/fr\/wp-json\/wp\/v2\/pages\/15450","targetHints":{"allow":["GET"]}}],"collection":[{"href":"https:\/\/visitthefrenchriviera.com\/fr\/wp-json\/wp\/v2\/pages"}],"about":[{"href":"https:\/\/visitthefrenchriviera.com\/fr\/wp-json\/wp\/v2\/types\/page"}],"author":[{"embeddable":true,"href":"https:\/\/visitthefrenchriviera.com\/fr\/wp-json\/wp\/v2\/users\/3"}],"replies":[{"embeddable":true,"href":"https:\/\/visitthefrenchriviera.com\/fr\/wp-json\/wp\/v2\/comments?post=15450"}],"version-history":[{"count":0,"href":"https:\/\/visitthefrenchriviera.com\/fr\/wp-json\/wp\/v2\/pages\/15450\/revisions"}],"wp:featuredmedia":[{"embeddable":true,"href":"https:\/\/visitthefrenchriviera.com\/fr\/wp-json\/wp\/v2\/media\/11393"}],"wp:attachment":[{"href":"https:\/\/visitthefrenchriviera.com\/fr\/wp-json\/wp\/v2\/media?parent=15450"}],"curies":[{"name":"wp","href":"https:\/\/api.w.org\/{rel}","templated":true}]}}