{"id":15463,"date":"2022-03-17T11:13:07","date_gmt":"2022-03-17T11:13:07","guid":{"rendered":"https:\/\/visitthefrenchriviera.com\/jet-ski\/"},"modified":"2022-03-17T11:13:07","modified_gmt":"2022-03-17T11:13:07","slug":"jet-ski","status":"publish","type":"page","link":"https:\/\/visitthefrenchriviera.com\/fr\/jet-ski\/","title":{"rendered":"Jet Ski"},"content":{"rendered":"<h2>Jet ski C\u00f4te d&#8217;Azur<\/h2>\n<p>La C\u00f4te d&#8217;Azur et sa situation au bord de la mer M\u00e9diterran\u00e9e est parfaite pour les sports et activit\u00e9s nautiques. Lors de votre visite sur la C\u00f4te d&#8217;Azur, surtout si c&#8217;est l&#8217;\u00e9t\u00e9, nous vous conseillons de profiter de la Baie des Anges avec une location de jet ski !<\/p>\n<p>Une exp\u00e9rience formidable pour conduire et profiter des magnifiques bleus de la baie de la C\u00f4te d&#8217;Azur. De plus, vous n&#8217;avez pas besoin de permis bateau, les machines sont tr\u00e8s faciles \u00e0 utiliser et elles peuvent atteindre une vitesse de 80 km\/h.<\/p>\n<p>Normalement, cette activit\u00e9 est destin\u00e9e \u00e0 1 ou 2 personnes et vous pouvez choisir entre 20 minutes, 40 ou 60 minutes selon l&#8217;agence et ses offres.<\/p>\n","protected":false},"excerpt":{"rendered":"<p>Jet ski C\u00f4te d&#8217;Azur La C\u00f4te d&#8217;Azur et sa situation au bord de la mer M\u00e9diterran\u00e9e est parfaite pour les sports et activit\u00e9s nautiques. Lors de votre visite sur la C\u00f4te d&#8217;Azur, surtout si c&#8217;est l&#8217;\u00e9t\u00e9, nous vous conseillons de profiter de la Baie des Anges avec une location de jet ski ! Une exp\u00e9rience [&hellip;]<\/p>\n","protected":false},"author":3,"featured_media":11391,"parent":0,"menu_order":0,"comment_status":"closed","ping_status":"closed","template":"template-home-modern.php","meta":{"_acf_changed":false,"footnotes":""},"class_list":["post-15463","page","type-page","status-publish","has-post-thumbnail","hentry"],"acf":[],"yoast_head":"<!-- This site is optimized with the Yoast SEO plugin v26.1.1 - https:\/\/yoast.com\/wordpress\/plugins\/seo\/ -->\n<title>Jet Ski \u00e0 la C\u00f4te d&#039;Azur I Visitez la C\u00f4te d&#039;Azur<\/title>\n<meta name=\"description\" content=\"Lors de votre visite sur la C\u00f4te d&#039;Azur, surtout si c&#039;est l&#039;\u00e9t\u00e9, nous vous conseillons de profiter de la Baie des Anges avec une location de jet ski !\" \/>\n<meta name=\"robots\" content=\"index, follow, max-snippet:-1, max-image-preview:large, max-video-preview:-1\" \/>\n<link rel=\"canonical\" href=\"https:\/\/visitthefrenchriviera.com\/jet-ski\/\" \/>\n<meta property=\"og:locale\" content=\"fr_FR\" \/>\n<meta property=\"og:type\" content=\"article\" \/>\n<meta property=\"og:title\" content=\"Jet Ski \u00e0 la C\u00f4te d&#039;Azur I Visitez la C\u00f4te d&#039;Azur\" \/>\n<meta property=\"og:description\" content=\"Lors de votre visite sur la C\u00f4te d&#039;Azur, surtout si c&#039;est l&#039;\u00e9t\u00e9, nous vous conseillons de profiter de la Baie des Anges avec une location de jet ski !\" \/>\n<meta property=\"og:url\" content=\"https:\/\/visitthefrenchriviera.com\/jet-ski\/\" \/>\n<meta property=\"og:site_name\" content=\"Visitthefrenchriviera - C\u00f4te d&#039;Azur France\" \/>\n<meta property=\"og:image\" content=\"https:\/\/visitthefrenchriviera.com\/wp-content\/uploads\/2021\/05\/jet-ski-french-riviera.jpg\" \/>\n\t<meta property=\"og:image:width\" content=\"1920\" \/>\n\t<meta property=\"og:image:height\" content=\"1280\" \/>\n\t<meta property=\"og:image:type\" content=\"image\/jpeg\" \/>\n<meta name=\"twitter:card\" content=\"summary_large_image\" \/>\n<meta name=\"twitter:label1\" content=\"Dur\u00e9e de lecture estim\u00e9e\" \/>\n\t<meta name=\"twitter:data1\" content=\"1 minute\" \/>\n<!-- \/ Yoast SEO plugin. -->","yoast_head_json":{"title":"Jet Ski \u00e0 la C\u00f4te d'Azur I Visitez la C\u00f4te d'Azur","description":"Lors de votre visite sur la C\u00f4te d'Azur, surtout si c'est l'\u00e9t\u00e9, nous vous conseillons de profiter de la Baie des Anges avec une location de jet ski !","robots":{"index":"index","follow":"follow","max-snippet":"max-snippet:-1","max-image-preview":"max-image-preview:large","max-video-preview":"max-video-preview:-1"},"canonical":"https:\/\/visitthefrenchriviera.com\/jet-ski\/","og_locale":"fr_FR","og_type":"article","og_title":"Jet Ski \u00e0 la C\u00f4te d'Azur I Visitez la C\u00f4te d'Azur","og_description":"Lors de votre visite sur la C\u00f4te d'Azur, surtout si c'est l'\u00e9t\u00e9, nous vous conseillons de profiter de la Baie des Anges avec une location de jet ski !","og_url":"https:\/\/visitthefrenchriviera.com\/jet-ski\/","og_site_name":"Visitthefrenchriviera - C\u00f4te d&#039;Azur France","og_image":[{"width":1920,"height":1280,"url":"https:\/\/visitthefrenchriviera.com\/wp-content\/uploads\/2021\/05\/jet-ski-french-riviera.jpg","type":"image\/jpeg"}],"twitter_card":"summary_large_image","twitter_misc":{"Dur\u00e9e de lecture estim\u00e9e":"1 minute"},"schema":{"@context":"https:\/\/schema.org","@graph":[{"@type":"WebPage","@id":"https:\/\/visitthefrenchriviera.com\/jet-ski\/","url":"https:\/\/visitthefrenchriviera.com\/jet-ski\/","name":"Jet Ski \u00e0 la C\u00f4te d'Azur I Visitez la C\u00f4te d'Azur","isPartOf":{"@id":"https:\/\/visitthefrenchriviera.com\/#website"},"primaryImageOfPage":{"@id":"https:\/\/visitthefrenchriviera.com\/jet-ski\/#primaryimage"},"image":{"@id":"https:\/\/visitthefrenchriviera.com\/jet-ski\/#primaryimage"},"thumbnailUrl":"https:\/\/visitthefrenchriviera.com\/wp-content\/uploads\/2021\/05\/jet-ski-french-riviera.jpg","datePublished":"2022-03-17T11:13:07+00:00","description":"Lors de votre visite sur la C\u00f4te d'Azur, surtout si c'est l'\u00e9t\u00e9, nous vous conseillons de profiter de la Baie des Anges avec une location de jet ski !","breadcrumb":{"@id":"https:\/\/visitthefrenchriviera.com\/jet-ski\/#breadcrumb"},"inLanguage":"fr-FR","potentialAction":[{"@type":"ReadAction","target":["https:\/\/visitthefrenchriviera.com\/jet-ski\/"]}]},{"@type":"ImageObject","inLanguage":"fr-FR","@id":"https:\/\/visitthefrenchriviera.com\/jet-ski\/#primaryimage","url":"https:\/\/visitthefrenchriviera.com\/wp-content\/uploads\/2021\/05\/jet-ski-french-riviera.jpg","contentUrl":"https:\/\/visitthefrenchriviera.com\/wp-content\/uploads\/2021\/05\/jet-ski-french-riviera.jpg","width":1920,"height":1280,"caption":"jet ski c\u00f4te d'azur"},{"@type":"BreadcrumbList","@id":"https:\/\/visitthefrenchriviera.com\/jet-ski\/#breadcrumb","itemListElement":[{"@type":"ListItem","position":1,"name":"Home","item":"https:\/\/visitthefrenchriviera.com\/"},{"@type":"ListItem","position":2,"name":"Jet Ski"}]},{"@type":"WebSite","@id":"https:\/\/visitthefrenchriviera.com\/#website","url":"https:\/\/visitthefrenchriviera.com\/","name":"Visitthefrenchriviera - C\u00f4te d&#039;Azur France","description":"C\u00f4te d&#039;Azur Exclusives \u2013 Curated Experiences for the Discerning Explorer","potentialAction":[{"@type":"SearchAction","target":{"@type":"EntryPoint","urlTemplate":"https:\/\/visitthefrenchriviera.com\/?s={search_term_string}"},"query-input":{"@type":"PropertyValueSpecification","valueRequired":true,"valueName":"search_term_string"}}],"inLanguage":"fr-FR"}]}},"_links":{"self":[{"href":"https:\/\/visitthefrenchriviera.com\/fr\/wp-json\/wp\/v2\/pages\/15463","targetHints":{"allow":["GET"]}}],"collection":[{"href":"https:\/\/visitthefrenchriviera.com\/fr\/wp-json\/wp\/v2\/pages"}],"about":[{"href":"https:\/\/visitthefrenchriviera.com\/fr\/wp-json\/wp\/v2\/types\/page"}],"author":[{"embeddable":true,"href":"https:\/\/visitthefrenchriviera.com\/fr\/wp-json\/wp\/v2\/users\/3"}],"replies":[{"embeddable":true,"href":"https:\/\/visitthefrenchriviera.com\/fr\/wp-json\/wp\/v2\/comments?post=15463"}],"version-history":[{"count":0,"href":"https:\/\/visitthefrenchriviera.com\/fr\/wp-json\/wp\/v2\/pages\/15463\/revisions"}],"wp:featuredmedia":[{"embeddable":true,"href":"https:\/\/visitthefrenchriviera.com\/fr\/wp-json\/wp\/v2\/media\/11391"}],"wp:attachment":[{"href":"https:\/\/visitthefrenchriviera.com\/fr\/wp-json\/wp\/v2\/media?parent=15463"}],"curies":[{"name":"wp","href":"https:\/\/api.w.org\/{rel}","templated":true}]}}