{"id":15465,"date":"2022-03-17T11:15:47","date_gmt":"2022-03-17T11:15:47","guid":{"rendered":"https:\/\/visitthefrenchriviera.com\/transfert-minivan\/"},"modified":"2022-03-17T11:15:47","modified_gmt":"2022-03-17T11:15:47","slug":"transfert-minivan","status":"publish","type":"page","link":"https:\/\/visitthefrenchriviera.com\/fr\/transfert-minivan\/","title":{"rendered":"Transfert Minivan"},"content":{"rendered":"<h2>Transfert Minivan C\u00f4te d&#8217;Azur<\/h2>\n<p>Si vous souhaitez voyager autour de la C\u00f4te d&#8217;Azur avec un minivan, nous sommes heureux de vous informer qu&#8217;il existe une option pour vous de r\u00e9server un minivan priv\u00e9 pour vous et vos amis ou votre famille. La plupart des entreprises proposent \u00e9galement des circuits autour de la C\u00f4te d&#8217;Azur.<\/p>\n<p>Selon le circuit et la destination que vous choisissez, vous pourrez explorer le charme de Nice, capitale de la C\u00f4te d&#8217;Azur, avec la Promenade des Anglais et son c\u00e9l\u00e8bre march\u00e9 aux fleurs du Cours Saleya. Vous pourrez ensuite vous rendre \u00e0 Cannes, Antibes, Saint-Paul-de-Vence, Menton ou encore Vintimille aux fronti\u00e8res italiennes.<\/p>\n<p>Une excellente fa\u00e7on de d\u00e9couvrir la beaut\u00e9 des villages proven\u00e7aux ainsi que les champs de lavande qui font la r\u00e9putation du Sud de la France !<\/p>\n<p>Avec Minivan, vous pouvez choisir entre la location d&#8217;un minivan pour une visite priv\u00e9e ou bien s\u00fbr la location comme moyen de transport pendant votre s\u00e9jour sur la C\u00f4te d&#8217;Azur.<\/p>\n","protected":false},"excerpt":{"rendered":"<p>Transfert Minivan C\u00f4te d&#8217;Azur Si vous souhaitez voyager autour de la C\u00f4te d&#8217;Azur avec un minivan, nous sommes heureux de vous informer qu&#8217;il existe une option pour vous de r\u00e9server un minivan priv\u00e9 pour vous et vos amis ou votre famille. La plupart des entreprises proposent \u00e9galement des circuits autour de la C\u00f4te d&#8217;Azur. Selon [&hellip;]<\/p>\n","protected":false},"author":3,"featured_media":11417,"parent":0,"menu_order":0,"comment_status":"closed","ping_status":"closed","template":"template-home-modern.php","meta":{"_acf_changed":false,"footnotes":""},"class_list":["post-15465","page","type-page","status-publish","has-post-thumbnail","hentry"],"acf":[],"yoast_head":"<!-- This site is optimized with the Yoast SEO plugin v26.1.1 - https:\/\/yoast.com\/wordpress\/plugins\/seo\/ -->\n<title>Transfert Minivan \u00e0 la C\u00f4te d&#039;Azur I Visitez la C\u00f4te d&#039;Azur<\/title>\n<meta name=\"description\" content=\"Lorsque vous \u00eates sur la C\u00f4te d&#039;Azur, nous avons le plaisir de vous informer qu&#039;il est possible de r\u00e9server un minivan priv\u00e9 et d&#039;explorer cette magnifique r\u00e9gion.\" \/>\n<meta name=\"robots\" content=\"index, follow, max-snippet:-1, max-image-preview:large, max-video-preview:-1\" \/>\n<link rel=\"canonical\" href=\"https:\/\/visitthefrenchriviera.com\/transfer-minivan\/\" \/>\n<meta property=\"og:locale\" content=\"fr_FR\" \/>\n<meta property=\"og:type\" content=\"article\" \/>\n<meta property=\"og:title\" content=\"Transfert Minivan \u00e0 la C\u00f4te d&#039;Azur I Visitez la C\u00f4te d&#039;Azur\" \/>\n<meta property=\"og:description\" content=\"Lorsque vous \u00eates sur la C\u00f4te d&#039;Azur, nous avons le plaisir de vous informer qu&#039;il est possible de r\u00e9server un minivan priv\u00e9 et d&#039;explorer cette magnifique r\u00e9gion.\" \/>\n<meta property=\"og:url\" content=\"https:\/\/visitthefrenchriviera.com\/transfer-minivan\/\" \/>\n<meta property=\"og:site_name\" content=\"Visitthefrenchriviera - C\u00f4te d&#039;Azur France\" \/>\n<meta property=\"og:image\" content=\"https:\/\/visitthefrenchriviera.com\/wp-content\/uploads\/2021\/05\/Transfer-Minivan.jpg\" \/>\n\t<meta property=\"og:image:width\" content=\"1920\" \/>\n\t<meta property=\"og:image:height\" content=\"1280\" \/>\n\t<meta property=\"og:image:type\" content=\"image\/jpeg\" \/>\n<meta name=\"twitter:card\" content=\"summary_large_image\" \/>\n<meta name=\"twitter:label1\" content=\"Dur\u00e9e de lecture estim\u00e9e\" \/>\n\t<meta name=\"twitter:data1\" content=\"1 minute\" \/>\n<!-- \/ Yoast SEO plugin. -->","yoast_head_json":{"title":"Transfert Minivan \u00e0 la C\u00f4te d'Azur I Visitez la C\u00f4te d'Azur","description":"Lorsque vous \u00eates sur la C\u00f4te d'Azur, nous avons le plaisir de vous informer qu'il est possible de r\u00e9server un minivan priv\u00e9 et d'explorer cette magnifique r\u00e9gion.","robots":{"index":"index","follow":"follow","max-snippet":"max-snippet:-1","max-image-preview":"max-image-preview:large","max-video-preview":"max-video-preview:-1"},"canonical":"https:\/\/visitthefrenchriviera.com\/transfer-minivan\/","og_locale":"fr_FR","og_type":"article","og_title":"Transfert Minivan \u00e0 la C\u00f4te d'Azur I Visitez la C\u00f4te d'Azur","og_description":"Lorsque vous \u00eates sur la C\u00f4te d'Azur, nous avons le plaisir de vous informer qu'il est possible de r\u00e9server un minivan priv\u00e9 et d'explorer cette magnifique r\u00e9gion.","og_url":"https:\/\/visitthefrenchriviera.com\/transfer-minivan\/","og_site_name":"Visitthefrenchriviera - C\u00f4te d&#039;Azur France","og_image":[{"width":1920,"height":1280,"url":"https:\/\/visitthefrenchriviera.com\/wp-content\/uploads\/2021\/05\/Transfer-Minivan.jpg","type":"image\/jpeg"}],"twitter_card":"summary_large_image","twitter_misc":{"Dur\u00e9e de lecture estim\u00e9e":"1 minute"},"schema":{"@context":"https:\/\/schema.org","@graph":[{"@type":"WebPage","@id":"https:\/\/visitthefrenchriviera.com\/transfer-minivan\/","url":"https:\/\/visitthefrenchriviera.com\/transfer-minivan\/","name":"Transfert Minivan \u00e0 la C\u00f4te d'Azur I Visitez la C\u00f4te d'Azur","isPartOf":{"@id":"https:\/\/visitthefrenchriviera.com\/#website"},"primaryImageOfPage":{"@id":"https:\/\/visitthefrenchriviera.com\/transfer-minivan\/#primaryimage"},"image":{"@id":"https:\/\/visitthefrenchriviera.com\/transfer-minivan\/#primaryimage"},"thumbnailUrl":"https:\/\/visitthefrenchriviera.com\/wp-content\/uploads\/2021\/05\/Transfer-Minivan.jpg","datePublished":"2022-03-17T11:15:47+00:00","description":"Lorsque vous \u00eates sur la C\u00f4te d'Azur, nous avons le plaisir de vous informer qu'il est possible de r\u00e9server un minivan priv\u00e9 et d'explorer cette magnifique r\u00e9gion.","breadcrumb":{"@id":"https:\/\/visitthefrenchriviera.com\/transfer-minivan\/#breadcrumb"},"inLanguage":"fr-FR","potentialAction":[{"@type":"ReadAction","target":["https:\/\/visitthefrenchriviera.com\/transfer-minivan\/"]}]},{"@type":"ImageObject","inLanguage":"fr-FR","@id":"https:\/\/visitthefrenchriviera.com\/transfer-minivan\/#primaryimage","url":"https:\/\/visitthefrenchriviera.com\/wp-content\/uploads\/2021\/05\/Transfer-Minivan.jpg","contentUrl":"https:\/\/visitthefrenchriviera.com\/wp-content\/uploads\/2021\/05\/Transfer-Minivan.jpg","width":1920,"height":1280,"caption":"Transfer Minivan"},{"@type":"BreadcrumbList","@id":"https:\/\/visitthefrenchriviera.com\/transfer-minivan\/#breadcrumb","itemListElement":[{"@type":"ListItem","position":1,"name":"Home","item":"https:\/\/visitthefrenchriviera.com\/"},{"@type":"ListItem","position":2,"name":"Transfert Minivan"}]},{"@type":"WebSite","@id":"https:\/\/visitthefrenchriviera.com\/#website","url":"https:\/\/visitthefrenchriviera.com\/","name":"Visitthefrenchriviera - C\u00f4te d&#039;Azur France","description":"C\u00f4te d&#039;Azur Exclusives \u2013 Curated Experiences for the Discerning Explorer","potentialAction":[{"@type":"SearchAction","target":{"@type":"EntryPoint","urlTemplate":"https:\/\/visitthefrenchriviera.com\/?s={search_term_string}"},"query-input":{"@type":"PropertyValueSpecification","valueRequired":true,"valueName":"search_term_string"}}],"inLanguage":"fr-FR"}]}},"_links":{"self":[{"href":"https:\/\/visitthefrenchriviera.com\/fr\/wp-json\/wp\/v2\/pages\/15465","targetHints":{"allow":["GET"]}}],"collection":[{"href":"https:\/\/visitthefrenchriviera.com\/fr\/wp-json\/wp\/v2\/pages"}],"about":[{"href":"https:\/\/visitthefrenchriviera.com\/fr\/wp-json\/wp\/v2\/types\/page"}],"author":[{"embeddable":true,"href":"https:\/\/visitthefrenchriviera.com\/fr\/wp-json\/wp\/v2\/users\/3"}],"replies":[{"embeddable":true,"href":"https:\/\/visitthefrenchriviera.com\/fr\/wp-json\/wp\/v2\/comments?post=15465"}],"version-history":[{"count":0,"href":"https:\/\/visitthefrenchriviera.com\/fr\/wp-json\/wp\/v2\/pages\/15465\/revisions"}],"wp:featuredmedia":[{"embeddable":true,"href":"https:\/\/visitthefrenchriviera.com\/fr\/wp-json\/wp\/v2\/media\/11417"}],"wp:attachment":[{"href":"https:\/\/visitthefrenchriviera.com\/fr\/wp-json\/wp\/v2\/media?parent=15465"}],"curies":[{"name":"wp","href":"https:\/\/api.w.org\/{rel}","templated":true}]}}