{"id":15467,"date":"2022-03-17T11:18:19","date_gmt":"2022-03-17T11:18:19","guid":{"rendered":"https:\/\/visitthefrenchriviera.com\/la-voile\/"},"modified":"2022-03-17T11:18:19","modified_gmt":"2022-03-17T11:18:19","slug":"la-voile","status":"publish","type":"page","link":"https:\/\/visitthefrenchriviera.com\/fr\/la-voile\/","title":{"rendered":"La voile"},"content":{"rendered":"<h2>La voile sur la C\u00f4te d&#8217;Azur<\/h2>\n<p>Le littoral de la C\u00f4te d&#8217;Azur est infini ! Il y a tant d&#8217;endroits que vous pouvez visiter dans cette magnifique r\u00e9gion et l&#8217;une des meilleures fa\u00e7ons de profiter pleinement de la C\u00f4te d&#8217;Azur est de faire de la voile !<\/p>\n<p>Sa mer bleue qui a donn\u00e9 son nom \u00e0 la r\u00e9gion, la C\u00f4te d&#8217;Azur, et sa vari\u00e9t\u00e9 de ports et de yachts de luxe dans presque chaque ville comme Cannes, Monaco, St Tropez, font de la voile une exp\u00e9rience tr\u00e8s amusante pour d\u00e9couvrir la r\u00e9gion.<\/p>\n<p>De Nice \u00e0 Marseille, \u00e0 Cannes, \u00e0 Monaco et m\u00eame \u00e0 Vintimille, vous pouvez profiter de la Baie des Anges et faire un tour en bateau. Vous pouvez toujours choisir entre des \u00eeles telles que l&#8217;\u00eele de Porquerolles, l&#8217;\u00eele du Levant, l&#8217;\u00eele Sainte-Marguerite et l&#8217;\u00eele de Corse.<\/p>\n<p>Les voyages \u00e0 la voile comprennent g\u00e9n\u00e9ralement un itin\u00e9raire de 2 \u00e0 7 jours, mais vous pouvez toujours faire une petite excursion \u00e0 la voile pour la journ\u00e9e et profiter des bleus de la mer M\u00e9diterran\u00e9e.<\/p>\n","protected":false},"excerpt":{"rendered":"<p>La voile sur la C\u00f4te d&#8217;Azur Le littoral de la C\u00f4te d&#8217;Azur est infini ! Il y a tant d&#8217;endroits que vous pouvez visiter dans cette magnifique r\u00e9gion et l&#8217;une des meilleures fa\u00e7ons de profiter pleinement de la C\u00f4te d&#8217;Azur est de faire de la voile ! Sa mer bleue qui a donn\u00e9 son nom [&hellip;]<\/p>\n","protected":false},"author":3,"featured_media":11385,"parent":0,"menu_order":0,"comment_status":"closed","ping_status":"closed","template":"template-home-modern.php","meta":{"_acf_changed":false,"footnotes":""},"class_list":["post-15467","page","type-page","status-publish","has-post-thumbnail","hentry"],"acf":[],"yoast_head":"<!-- This site is optimized with the Yoast SEO plugin v26.1.1 - https:\/\/yoast.com\/wordpress\/plugins\/seo\/ -->\n<title>La voile \u00e0 la C\u00f4te d&#039;Azur I Visitez la C\u00f4te d&#039;Azur<\/title>\n<meta name=\"description\" content=\"Il y a tant d&#039;endroits que vous pouvez visiter dans cette magnifique r\u00e9gion et l&#039;une des meilleures fa\u00e7ons de vivre pleinement l&#039;exp\u00e9rience de la C\u00f4te d&#039;Azur est de faire de la voile !\" \/>\n<meta name=\"robots\" content=\"index, follow, max-snippet:-1, max-image-preview:large, max-video-preview:-1\" \/>\n<link rel=\"canonical\" href=\"https:\/\/visitthefrenchriviera.com\/sailing\/\" \/>\n<meta property=\"og:locale\" content=\"fr_FR\" \/>\n<meta property=\"og:type\" content=\"article\" \/>\n<meta property=\"og:title\" content=\"La voile \u00e0 la C\u00f4te d&#039;Azur I Visitez la C\u00f4te d&#039;Azur\" \/>\n<meta property=\"og:description\" content=\"Il y a tant d&#039;endroits que vous pouvez visiter dans cette magnifique r\u00e9gion et l&#039;une des meilleures fa\u00e7ons de vivre pleinement l&#039;exp\u00e9rience de la C\u00f4te d&#039;Azur est de faire de la voile !\" \/>\n<meta property=\"og:url\" content=\"https:\/\/visitthefrenchriviera.com\/sailing\/\" \/>\n<meta property=\"og:site_name\" content=\"Visitthefrenchriviera - C\u00f4te d&#039;Azur France\" \/>\n<meta property=\"og:image\" content=\"https:\/\/visitthefrenchriviera.com\/wp-content\/uploads\/2021\/05\/Sailing.jpg\" \/>\n\t<meta property=\"og:image:width\" content=\"1920\" \/>\n\t<meta property=\"og:image:height\" content=\"1280\" \/>\n\t<meta property=\"og:image:type\" content=\"image\/jpeg\" \/>\n<meta name=\"twitter:card\" content=\"summary_large_image\" \/>\n<meta name=\"twitter:label1\" content=\"Dur\u00e9e de lecture estim\u00e9e\" \/>\n\t<meta name=\"twitter:data1\" content=\"1 minute\" \/>\n<!-- \/ Yoast SEO plugin. -->","yoast_head_json":{"title":"La voile \u00e0 la C\u00f4te d'Azur I Visitez la C\u00f4te d'Azur","description":"Il y a tant d'endroits que vous pouvez visiter dans cette magnifique r\u00e9gion et l'une des meilleures fa\u00e7ons de vivre pleinement l'exp\u00e9rience de la C\u00f4te d'Azur est de faire de la voile !","robots":{"index":"index","follow":"follow","max-snippet":"max-snippet:-1","max-image-preview":"max-image-preview:large","max-video-preview":"max-video-preview:-1"},"canonical":"https:\/\/visitthefrenchriviera.com\/sailing\/","og_locale":"fr_FR","og_type":"article","og_title":"La voile \u00e0 la C\u00f4te d'Azur I Visitez la C\u00f4te d'Azur","og_description":"Il y a tant d'endroits que vous pouvez visiter dans cette magnifique r\u00e9gion et l'une des meilleures fa\u00e7ons de vivre pleinement l'exp\u00e9rience de la C\u00f4te d'Azur est de faire de la voile !","og_url":"https:\/\/visitthefrenchriviera.com\/sailing\/","og_site_name":"Visitthefrenchriviera - C\u00f4te d&#039;Azur France","og_image":[{"width":1920,"height":1280,"url":"https:\/\/visitthefrenchriviera.com\/wp-content\/uploads\/2021\/05\/Sailing.jpg","type":"image\/jpeg"}],"twitter_card":"summary_large_image","twitter_misc":{"Dur\u00e9e de lecture estim\u00e9e":"1 minute"},"schema":{"@context":"https:\/\/schema.org","@graph":[{"@type":"WebPage","@id":"https:\/\/visitthefrenchriviera.com\/sailing\/","url":"https:\/\/visitthefrenchriviera.com\/sailing\/","name":"La voile \u00e0 la C\u00f4te d'Azur I Visitez la C\u00f4te d'Azur","isPartOf":{"@id":"https:\/\/visitthefrenchriviera.com\/#website"},"primaryImageOfPage":{"@id":"https:\/\/visitthefrenchriviera.com\/sailing\/#primaryimage"},"image":{"@id":"https:\/\/visitthefrenchriviera.com\/sailing\/#primaryimage"},"thumbnailUrl":"https:\/\/visitthefrenchriviera.com\/wp-content\/uploads\/2021\/05\/Sailing.jpg","datePublished":"2022-03-17T11:18:19+00:00","description":"Il y a tant d'endroits que vous pouvez visiter dans cette magnifique r\u00e9gion et l'une des meilleures fa\u00e7ons de vivre pleinement l'exp\u00e9rience de la C\u00f4te d'Azur est de faire de la voile !","breadcrumb":{"@id":"https:\/\/visitthefrenchriviera.com\/sailing\/#breadcrumb"},"inLanguage":"fr-FR","potentialAction":[{"@type":"ReadAction","target":["https:\/\/visitthefrenchriviera.com\/sailing\/"]}]},{"@type":"ImageObject","inLanguage":"fr-FR","@id":"https:\/\/visitthefrenchriviera.com\/sailing\/#primaryimage","url":"https:\/\/visitthefrenchriviera.com\/wp-content\/uploads\/2021\/05\/Sailing.jpg","contentUrl":"https:\/\/visitthefrenchriviera.com\/wp-content\/uploads\/2021\/05\/Sailing.jpg","width":1920,"height":1280,"caption":"La voile"},{"@type":"BreadcrumbList","@id":"https:\/\/visitthefrenchriviera.com\/sailing\/#breadcrumb","itemListElement":[{"@type":"ListItem","position":1,"name":"Home","item":"https:\/\/visitthefrenchriviera.com\/"},{"@type":"ListItem","position":2,"name":"La voile"}]},{"@type":"WebSite","@id":"https:\/\/visitthefrenchriviera.com\/#website","url":"https:\/\/visitthefrenchriviera.com\/","name":"Visitthefrenchriviera - C\u00f4te d&#039;Azur France","description":"C\u00f4te d&#039;Azur Exclusives \u2013 Curated Experiences for the Discerning Explorer","potentialAction":[{"@type":"SearchAction","target":{"@type":"EntryPoint","urlTemplate":"https:\/\/visitthefrenchriviera.com\/?s={search_term_string}"},"query-input":{"@type":"PropertyValueSpecification","valueRequired":true,"valueName":"search_term_string"}}],"inLanguage":"fr-FR"}]}},"_links":{"self":[{"href":"https:\/\/visitthefrenchriviera.com\/fr\/wp-json\/wp\/v2\/pages\/15467","targetHints":{"allow":["GET"]}}],"collection":[{"href":"https:\/\/visitthefrenchriviera.com\/fr\/wp-json\/wp\/v2\/pages"}],"about":[{"href":"https:\/\/visitthefrenchriviera.com\/fr\/wp-json\/wp\/v2\/types\/page"}],"author":[{"embeddable":true,"href":"https:\/\/visitthefrenchriviera.com\/fr\/wp-json\/wp\/v2\/users\/3"}],"replies":[{"embeddable":true,"href":"https:\/\/visitthefrenchriviera.com\/fr\/wp-json\/wp\/v2\/comments?post=15467"}],"version-history":[{"count":0,"href":"https:\/\/visitthefrenchriviera.com\/fr\/wp-json\/wp\/v2\/pages\/15467\/revisions"}],"wp:featuredmedia":[{"embeddable":true,"href":"https:\/\/visitthefrenchriviera.com\/fr\/wp-json\/wp\/v2\/media\/11385"}],"wp:attachment":[{"href":"https:\/\/visitthefrenchriviera.com\/fr\/wp-json\/wp\/v2\/media?parent=15467"}],"curies":[{"name":"wp","href":"https:\/\/api.w.org\/{rel}","templated":true}]}}