{"id":15468,"date":"2022-03-17T11:19:46","date_gmt":"2022-03-17T11:19:46","guid":{"rendered":"https:\/\/visitthefrenchriviera.com\/transfert-en-helicoptere\/"},"modified":"2022-03-17T11:19:46","modified_gmt":"2022-03-17T11:19:46","slug":"transfert-en-helicoptere","status":"publish","type":"page","link":"https:\/\/visitthefrenchriviera.com\/fr\/transfert-en-helicoptere\/","title":{"rendered":"Transfert en h\u00e9licopt\u00e8re"},"content":{"rendered":"<h2>Transferts en h\u00e9licopt\u00e8re sur la C\u00f4te d&#8217;Azur<\/h2>\n<p>Sur la C\u00f4te d&#8217;Azur, vous pouvez effectuer des transferts en h\u00e9licopt\u00e8re de l&#8217;a\u00e9roport de Nice vers d&#8217;autres villes de la C\u00f4te d&#8217;Azur, mais vous pouvez \u00e9galement r\u00e9server des tours priv\u00e9s dans le ciel au-dessus du magnifique littoral de la C\u00f4te d&#8217;Azur.<\/p>\n<p>Par exemple, Heli Air Monaco est une compagnie tr\u00e8s connue qui propose un transfert direct vers Monaco. C&#8217;est une fa\u00e7on tr\u00e8s glamour d&#8217;arriver de l&#8217;a\u00e9roport de Nice au luxueux Monaco !<\/p>\n<p>Outre Heli Air Monaco, vous pouvez \u00e9galement choisir entre Nice Helicopters, H\u00e9li S\u00e9curit\u00e9 et Monacair, qui proposent tous des vols panoramiques au-dessus de la C\u00f4te d&#8217;Azur. La dur\u00e9e de chaque vol varie en fonction de la destination choisie, avec un minimum de 20 minutes et un maximum de 40 minutes.<\/p>\n<p>Certaines destinations que vous devriez envisager avec les transferts en h\u00e9licopt\u00e8re peuvent \u00eatre Cannes, les \u00eeles de L\u00e9rins, les Gorges du Verdon, les \u00eeles corses et m\u00eame la Sardaigne !<\/p>\n<p>C&#8217;est une excellente occasion pour vous de profiter au maximum de votre s\u00e9jour sur la C\u00f4te d&#8217;Azur et de gagner du temps pendant votre s\u00e9jour tout en profitant bien s\u00fbr des vues panoramiques de la merveilleuse C\u00f4te d&#8217;Azur.<\/p>\n","protected":false},"excerpt":{"rendered":"<p>Transferts en h\u00e9licopt\u00e8re sur la C\u00f4te d&#8217;Azur Sur la C\u00f4te d&#8217;Azur, vous pouvez effectuer des transferts en h\u00e9licopt\u00e8re de l&#8217;a\u00e9roport de Nice vers d&#8217;autres villes de la C\u00f4te d&#8217;Azur, mais vous pouvez \u00e9galement r\u00e9server des tours priv\u00e9s dans le ciel au-dessus du magnifique littoral de la C\u00f4te d&#8217;Azur. Par exemple, Heli Air Monaco est une [&hellip;]<\/p>\n","protected":false},"author":3,"featured_media":11415,"parent":0,"menu_order":0,"comment_status":"closed","ping_status":"closed","template":"template-home-modern.php","meta":{"_acf_changed":false,"footnotes":""},"class_list":["post-15468","page","type-page","status-publish","has-post-thumbnail","hentry"],"acf":[],"yoast_head":"<!-- This site is optimized with the Yoast SEO plugin v26.1.1 - https:\/\/yoast.com\/wordpress\/plugins\/seo\/ -->\n<title>Transfert en h\u00e9licopt\u00e8re \u00e0 la C\u00f4te d&#039;Azur I Visitez la C\u00f4te d&#039;Azur<\/title>\n<meta name=\"description\" content=\"Lorsque vous \u00eates sur la C\u00f4te d&#039;Azur, vous pouvez prendre des transferts en h\u00e9licopt\u00e8re depuis la plupart des villes, mais vous pouvez \u00e9galement r\u00e9server des tours priv\u00e9s dans le ciel au-dessus du littoral.\" \/>\n<meta name=\"robots\" content=\"index, follow, max-snippet:-1, max-image-preview:large, max-video-preview:-1\" \/>\n<link rel=\"canonical\" href=\"https:\/\/visitthefrenchriviera.com\/transfer-helicopter\/\" \/>\n<meta property=\"og:locale\" content=\"fr_FR\" \/>\n<meta property=\"og:type\" content=\"article\" \/>\n<meta property=\"og:title\" content=\"Transfert en h\u00e9licopt\u00e8re \u00e0 la C\u00f4te d&#039;Azur I Visitez la C\u00f4te d&#039;Azur\" \/>\n<meta property=\"og:description\" content=\"Lorsque vous \u00eates sur la C\u00f4te d&#039;Azur, vous pouvez prendre des transferts en h\u00e9licopt\u00e8re depuis la plupart des villes, mais vous pouvez \u00e9galement r\u00e9server des tours priv\u00e9s dans le ciel au-dessus du littoral.\" \/>\n<meta property=\"og:url\" content=\"https:\/\/visitthefrenchriviera.com\/transfer-helicopter\/\" \/>\n<meta property=\"og:site_name\" content=\"Visitthefrenchriviera - C\u00f4te d&#039;Azur France\" \/>\n<meta property=\"og:image\" content=\"https:\/\/visitthefrenchriviera.com\/wp-content\/uploads\/2021\/05\/Transfer-Helicopter.jpg\" \/>\n\t<meta property=\"og:image:width\" content=\"1920\" \/>\n\t<meta property=\"og:image:height\" content=\"1280\" \/>\n\t<meta property=\"og:image:type\" content=\"image\/jpeg\" \/>\n<meta name=\"twitter:card\" content=\"summary_large_image\" \/>\n<meta name=\"twitter:label1\" content=\"Dur\u00e9e de lecture estim\u00e9e\" \/>\n\t<meta name=\"twitter:data1\" content=\"1 minute\" \/>\n<!-- \/ Yoast SEO plugin. -->","yoast_head_json":{"title":"Transfert en h\u00e9licopt\u00e8re \u00e0 la C\u00f4te d'Azur I Visitez la C\u00f4te d'Azur","description":"Lorsque vous \u00eates sur la C\u00f4te d'Azur, vous pouvez prendre des transferts en h\u00e9licopt\u00e8re depuis la plupart des villes, mais vous pouvez \u00e9galement r\u00e9server des tours priv\u00e9s dans le ciel au-dessus du littoral.","robots":{"index":"index","follow":"follow","max-snippet":"max-snippet:-1","max-image-preview":"max-image-preview:large","max-video-preview":"max-video-preview:-1"},"canonical":"https:\/\/visitthefrenchriviera.com\/transfer-helicopter\/","og_locale":"fr_FR","og_type":"article","og_title":"Transfert en h\u00e9licopt\u00e8re \u00e0 la C\u00f4te d'Azur I Visitez la C\u00f4te d'Azur","og_description":"Lorsque vous \u00eates sur la C\u00f4te d'Azur, vous pouvez prendre des transferts en h\u00e9licopt\u00e8re depuis la plupart des villes, mais vous pouvez \u00e9galement r\u00e9server des tours priv\u00e9s dans le ciel au-dessus du littoral.","og_url":"https:\/\/visitthefrenchriviera.com\/transfer-helicopter\/","og_site_name":"Visitthefrenchriviera - C\u00f4te d&#039;Azur France","og_image":[{"width":1920,"height":1280,"url":"https:\/\/visitthefrenchriviera.com\/wp-content\/uploads\/2021\/05\/Transfer-Helicopter.jpg","type":"image\/jpeg"}],"twitter_card":"summary_large_image","twitter_misc":{"Dur\u00e9e de lecture estim\u00e9e":"1 minute"},"schema":{"@context":"https:\/\/schema.org","@graph":[{"@type":"WebPage","@id":"https:\/\/visitthefrenchriviera.com\/transfer-helicopter\/","url":"https:\/\/visitthefrenchriviera.com\/transfer-helicopter\/","name":"Transfert en h\u00e9licopt\u00e8re \u00e0 la C\u00f4te d'Azur I Visitez la C\u00f4te d'Azur","isPartOf":{"@id":"https:\/\/visitthefrenchriviera.com\/#website"},"primaryImageOfPage":{"@id":"https:\/\/visitthefrenchriviera.com\/transfer-helicopter\/#primaryimage"},"image":{"@id":"https:\/\/visitthefrenchriviera.com\/transfer-helicopter\/#primaryimage"},"thumbnailUrl":"https:\/\/visitthefrenchriviera.com\/wp-content\/uploads\/2021\/05\/Transfer-Helicopter.jpg","datePublished":"2022-03-17T11:19:46+00:00","description":"Lorsque vous \u00eates sur la C\u00f4te d'Azur, vous pouvez prendre des transferts en h\u00e9licopt\u00e8re depuis la plupart des villes, mais vous pouvez \u00e9galement r\u00e9server des tours priv\u00e9s dans le ciel au-dessus du littoral.","breadcrumb":{"@id":"https:\/\/visitthefrenchriviera.com\/transfer-helicopter\/#breadcrumb"},"inLanguage":"fr-FR","potentialAction":[{"@type":"ReadAction","target":["https:\/\/visitthefrenchriviera.com\/transfer-helicopter\/"]}]},{"@type":"ImageObject","inLanguage":"fr-FR","@id":"https:\/\/visitthefrenchriviera.com\/transfer-helicopter\/#primaryimage","url":"https:\/\/visitthefrenchriviera.com\/wp-content\/uploads\/2021\/05\/Transfer-Helicopter.jpg","contentUrl":"https:\/\/visitthefrenchriviera.com\/wp-content\/uploads\/2021\/05\/Transfer-Helicopter.jpg","width":1920,"height":1280,"caption":"Transfert en h\u00e9licopt\u00e8re"},{"@type":"BreadcrumbList","@id":"https:\/\/visitthefrenchriviera.com\/transfer-helicopter\/#breadcrumb","itemListElement":[{"@type":"ListItem","position":1,"name":"Home","item":"https:\/\/visitthefrenchriviera.com\/"},{"@type":"ListItem","position":2,"name":"Transfert en h\u00e9licopt\u00e8re"}]},{"@type":"WebSite","@id":"https:\/\/visitthefrenchriviera.com\/#website","url":"https:\/\/visitthefrenchriviera.com\/","name":"Visitthefrenchriviera - C\u00f4te d&#039;Azur France","description":"C\u00f4te d&#039;Azur Exclusives \u2013 Curated Experiences for the Discerning Explorer","potentialAction":[{"@type":"SearchAction","target":{"@type":"EntryPoint","urlTemplate":"https:\/\/visitthefrenchriviera.com\/?s={search_term_string}"},"query-input":{"@type":"PropertyValueSpecification","valueRequired":true,"valueName":"search_term_string"}}],"inLanguage":"fr-FR"}]}},"_links":{"self":[{"href":"https:\/\/visitthefrenchriviera.com\/fr\/wp-json\/wp\/v2\/pages\/15468","targetHints":{"allow":["GET"]}}],"collection":[{"href":"https:\/\/visitthefrenchriviera.com\/fr\/wp-json\/wp\/v2\/pages"}],"about":[{"href":"https:\/\/visitthefrenchriviera.com\/fr\/wp-json\/wp\/v2\/types\/page"}],"author":[{"embeddable":true,"href":"https:\/\/visitthefrenchriviera.com\/fr\/wp-json\/wp\/v2\/users\/3"}],"replies":[{"embeddable":true,"href":"https:\/\/visitthefrenchriviera.com\/fr\/wp-json\/wp\/v2\/comments?post=15468"}],"version-history":[{"count":0,"href":"https:\/\/visitthefrenchriviera.com\/fr\/wp-json\/wp\/v2\/pages\/15468\/revisions"}],"wp:featuredmedia":[{"embeddable":true,"href":"https:\/\/visitthefrenchriviera.com\/fr\/wp-json\/wp\/v2\/media\/11415"}],"wp:attachment":[{"href":"https:\/\/visitthefrenchriviera.com\/fr\/wp-json\/wp\/v2\/media?parent=15468"}],"curies":[{"name":"wp","href":"https:\/\/api.w.org\/{rel}","templated":true}]}}