{"id":15469,"date":"2022-03-17T11:21:40","date_gmt":"2022-03-17T11:21:40","guid":{"rendered":"https:\/\/visitthefrenchriviera.com\/chauffeur-prive\/"},"modified":"2022-03-17T11:21:40","modified_gmt":"2022-03-17T11:21:40","slug":"chauffeur-prive","status":"publish","type":"page","link":"https:\/\/visitthefrenchriviera.com\/fr\/chauffeur-prive\/","title":{"rendered":"Chauffeur priv\u00e9"},"content":{"rendered":"<h2>CHAUFFEUR PRIV\u00c9<\/h2>\n<p>Lorsque vous \u00eates sur la C\u00f4te d&#8217;Azur, vous pouvez b\u00e9n\u00e9ficier des services de chauffeurs priv\u00e9s, ce qui est toujours pratique car vous n&#8217;avez pas \u00e0 vous soucier de la circulation, du stationnement ou de l&#8217;attente d&#8217;un taxi.<\/p>\n<p>Vous aurez votre chauffeur priv\u00e9 pr\u00eat et capable de vous aider avec tous vos besoins de transport pendant votre s\u00e9jour sur la C\u00f4te d&#8217;Azur. Les chauffeurs sont bien s\u00fbr bien form\u00e9s pour vous conduire, vous et ceux qui vous accompagnent, en toute s\u00e9curit\u00e9 \u00e0 votre destination finale.<\/p>\n<p>Que vous voyagiez pour affaires ou pour les vacances, il existe des prix sp\u00e9ciaux pour chaque occasion, en fonction de la compagnie que vous choisissez et de la dur\u00e9e de votre s\u00e9jour.<\/p>\n<p>Pour ne citer que quelques soci\u00e9t\u00e9s, Riviera Driver, My Driver Nice, Nice Driver et bien d&#8217;autres sont \u00e0 votre disposition !<\/p>\n","protected":false},"excerpt":{"rendered":"<p>CHAUFFEUR PRIV\u00c9 Lorsque vous \u00eates sur la C\u00f4te d&#8217;Azur, vous pouvez b\u00e9n\u00e9ficier des services de chauffeurs priv\u00e9s, ce qui est toujours pratique car vous n&#8217;avez pas \u00e0 vous soucier de la circulation, du stationnement ou de l&#8217;attente d&#8217;un taxi. Vous aurez votre chauffeur priv\u00e9 pr\u00eat et capable de vous aider avec tous vos besoins de [&hellip;]<\/p>\n","protected":false},"author":3,"featured_media":11452,"parent":0,"menu_order":0,"comment_status":"closed","ping_status":"closed","template":"template-home-modern.php","meta":{"_acf_changed":false,"footnotes":""},"class_list":["post-15469","page","type-page","status-publish","has-post-thumbnail","hentry"],"acf":[],"yoast_head":"<!-- This site is optimized with the Yoast SEO plugin v26.1.1 - https:\/\/yoast.com\/wordpress\/plugins\/seo\/ -->\n<title>Chauffeur priv\u00e9 \u00e0 la C\u00f4te d&#039;Azur I Visitez la C\u00f4te d&#039;Azur<\/title>\n<meta name=\"description\" content=\"Lorsque vous \u00eates sur la C\u00f4te d&#039;Azur, vous pouvez b\u00e9n\u00e9ficier des services de chauffeurs priv\u00e9s afin de ne pas avoir \u00e0 vous soucier de la circulation, du stationnement ou de l&#039;attente d&#039;un taxi.\" \/>\n<meta name=\"robots\" content=\"index, follow, max-snippet:-1, max-image-preview:large, max-video-preview:-1\" \/>\n<link rel=\"canonical\" href=\"https:\/\/visitthefrenchriviera.com\/private-driver\/\" \/>\n<meta property=\"og:locale\" content=\"fr_FR\" \/>\n<meta property=\"og:type\" content=\"article\" \/>\n<meta property=\"og:title\" content=\"Chauffeur priv\u00e9 \u00e0 la C\u00f4te d&#039;Azur I Visitez la C\u00f4te d&#039;Azur\" \/>\n<meta property=\"og:description\" content=\"Lorsque vous \u00eates sur la C\u00f4te d&#039;Azur, vous pouvez b\u00e9n\u00e9ficier des services de chauffeurs priv\u00e9s afin de ne pas avoir \u00e0 vous soucier de la circulation, du stationnement ou de l&#039;attente d&#039;un taxi.\" \/>\n<meta property=\"og:url\" content=\"https:\/\/visitthefrenchriviera.com\/private-driver\/\" \/>\n<meta property=\"og:site_name\" content=\"Visitthefrenchriviera - C\u00f4te d&#039;Azur France\" \/>\n<meta property=\"og:image\" content=\"https:\/\/visitthefrenchriviera.com\/wp-content\/uploads\/2021\/05\/private-driver-2.jpg\" \/>\n\t<meta property=\"og:image:width\" content=\"1920\" \/>\n\t<meta property=\"og:image:height\" content=\"1280\" \/>\n\t<meta property=\"og:image:type\" content=\"image\/jpeg\" \/>\n<meta name=\"twitter:card\" content=\"summary_large_image\" \/>\n<meta name=\"twitter:label1\" content=\"Dur\u00e9e de lecture estim\u00e9e\" \/>\n\t<meta name=\"twitter:data1\" content=\"1 minute\" \/>\n<!-- \/ Yoast SEO plugin. -->","yoast_head_json":{"title":"Chauffeur priv\u00e9 \u00e0 la C\u00f4te d'Azur I Visitez la C\u00f4te d'Azur","description":"Lorsque vous \u00eates sur la C\u00f4te d'Azur, vous pouvez b\u00e9n\u00e9ficier des services de chauffeurs priv\u00e9s afin de ne pas avoir \u00e0 vous soucier de la circulation, du stationnement ou de l'attente d'un taxi.","robots":{"index":"index","follow":"follow","max-snippet":"max-snippet:-1","max-image-preview":"max-image-preview:large","max-video-preview":"max-video-preview:-1"},"canonical":"https:\/\/visitthefrenchriviera.com\/private-driver\/","og_locale":"fr_FR","og_type":"article","og_title":"Chauffeur priv\u00e9 \u00e0 la C\u00f4te d'Azur I Visitez la C\u00f4te d'Azur","og_description":"Lorsque vous \u00eates sur la C\u00f4te d'Azur, vous pouvez b\u00e9n\u00e9ficier des services de chauffeurs priv\u00e9s afin de ne pas avoir \u00e0 vous soucier de la circulation, du stationnement ou de l'attente d'un taxi.","og_url":"https:\/\/visitthefrenchriviera.com\/private-driver\/","og_site_name":"Visitthefrenchriviera - C\u00f4te d&#039;Azur France","og_image":[{"width":1920,"height":1280,"url":"https:\/\/visitthefrenchriviera.com\/wp-content\/uploads\/2021\/05\/private-driver-2.jpg","type":"image\/jpeg"}],"twitter_card":"summary_large_image","twitter_misc":{"Dur\u00e9e de lecture estim\u00e9e":"1 minute"},"schema":{"@context":"https:\/\/schema.org","@graph":[{"@type":"WebPage","@id":"https:\/\/visitthefrenchriviera.com\/private-driver\/","url":"https:\/\/visitthefrenchriviera.com\/private-driver\/","name":"Chauffeur priv\u00e9 \u00e0 la C\u00f4te d'Azur I Visitez la C\u00f4te d'Azur","isPartOf":{"@id":"https:\/\/visitthefrenchriviera.com\/#website"},"primaryImageOfPage":{"@id":"https:\/\/visitthefrenchriviera.com\/private-driver\/#primaryimage"},"image":{"@id":"https:\/\/visitthefrenchriviera.com\/private-driver\/#primaryimage"},"thumbnailUrl":"https:\/\/visitthefrenchriviera.com\/wp-content\/uploads\/2021\/05\/private-driver-2.jpg","datePublished":"2022-03-17T11:21:40+00:00","description":"Lorsque vous \u00eates sur la C\u00f4te d'Azur, vous pouvez b\u00e9n\u00e9ficier des services de chauffeurs priv\u00e9s afin de ne pas avoir \u00e0 vous soucier de la circulation, du stationnement ou de l'attente d'un taxi.","breadcrumb":{"@id":"https:\/\/visitthefrenchriviera.com\/private-driver\/#breadcrumb"},"inLanguage":"fr-FR","potentialAction":[{"@type":"ReadAction","target":["https:\/\/visitthefrenchriviera.com\/private-driver\/"]}]},{"@type":"ImageObject","inLanguage":"fr-FR","@id":"https:\/\/visitthefrenchriviera.com\/private-driver\/#primaryimage","url":"https:\/\/visitthefrenchriviera.com\/wp-content\/uploads\/2021\/05\/private-driver-2.jpg","contentUrl":"https:\/\/visitthefrenchriviera.com\/wp-content\/uploads\/2021\/05\/private-driver-2.jpg","width":1920,"height":1280,"caption":"Chauffeur priv\u00e9"},{"@type":"BreadcrumbList","@id":"https:\/\/visitthefrenchriviera.com\/private-driver\/#breadcrumb","itemListElement":[{"@type":"ListItem","position":1,"name":"Home","item":"https:\/\/visitthefrenchriviera.com\/"},{"@type":"ListItem","position":2,"name":"Chauffeur priv\u00e9"}]},{"@type":"WebSite","@id":"https:\/\/visitthefrenchriviera.com\/#website","url":"https:\/\/visitthefrenchriviera.com\/","name":"Visitthefrenchriviera - C\u00f4te d&#039;Azur France","description":"C\u00f4te d&#039;Azur Exclusives \u2013 Curated Experiences for the Discerning Explorer","potentialAction":[{"@type":"SearchAction","target":{"@type":"EntryPoint","urlTemplate":"https:\/\/visitthefrenchriviera.com\/?s={search_term_string}"},"query-input":{"@type":"PropertyValueSpecification","valueRequired":true,"valueName":"search_term_string"}}],"inLanguage":"fr-FR"}]}},"_links":{"self":[{"href":"https:\/\/visitthefrenchriviera.com\/fr\/wp-json\/wp\/v2\/pages\/15469","targetHints":{"allow":["GET"]}}],"collection":[{"href":"https:\/\/visitthefrenchriviera.com\/fr\/wp-json\/wp\/v2\/pages"}],"about":[{"href":"https:\/\/visitthefrenchriviera.com\/fr\/wp-json\/wp\/v2\/types\/page"}],"author":[{"embeddable":true,"href":"https:\/\/visitthefrenchriviera.com\/fr\/wp-json\/wp\/v2\/users\/3"}],"replies":[{"embeddable":true,"href":"https:\/\/visitthefrenchriviera.com\/fr\/wp-json\/wp\/v2\/comments?post=15469"}],"version-history":[{"count":0,"href":"https:\/\/visitthefrenchriviera.com\/fr\/wp-json\/wp\/v2\/pages\/15469\/revisions"}],"wp:featuredmedia":[{"embeddable":true,"href":"https:\/\/visitthefrenchriviera.com\/fr\/wp-json\/wp\/v2\/media\/11452"}],"wp:attachment":[{"href":"https:\/\/visitthefrenchriviera.com\/fr\/wp-json\/wp\/v2\/media?parent=15469"}],"curies":[{"name":"wp","href":"https:\/\/api.w.org\/{rel}","templated":true}]}}