{"id":15470,"date":"2022-03-17T11:23:14","date_gmt":"2022-03-17T11:23:14","guid":{"rendered":"https:\/\/visitthefrenchriviera.com\/visites-privees\/"},"modified":"2022-03-17T11:23:14","modified_gmt":"2022-03-17T11:23:14","slug":"visites-privees","status":"publish","type":"page","link":"https:\/\/visitthefrenchriviera.com\/fr\/visites-privees\/","title":{"rendered":"Visites priv\u00e9es"},"content":{"rendered":"<h2>Tours priv\u00e9s C\u00f4te d&#8217;Azur<\/h2>\n<p>Visit The French Riviera propose un grand nombre de circuits priv\u00e9s pour vous permettre de d\u00e9couvrir la ville de votre choix, de Nice \u00e0 Antibes, Cannes et m\u00eame Monaco.<\/p>\n<p>Avec un tour priv\u00e9, vous avez droit \u00e0 un guide expert local dont vous aurez toute l&#8217;attention n\u00e9cessaire et, bien s\u00fbr, vous choisissez les personnes avec lesquelles vous voulez participer \u00e0 ce tour, que ce soit votre conjoint, vos amis ou votre famille.<\/p>\n<p>Lorsque vous participez \u00e0 une visite priv\u00e9e, vous \u00eates libre de le faire \u00e0 votre propre rythme, de poser autant de questions que vous le souhaitez, de vous cacher \u00e0 l&#8217;ombre pour faire une pause, de prendre une boisson rafra\u00eechissante en cours de route, de prendre une collation. Comme il s&#8217;agit d&#8217;une visite priv\u00e9e, vous pouvez \u00e9galement demander \u00e0 votre guide, si vous \u00eates surtout int\u00e9ress\u00e9 par l&#8217;histoire, l&#8217;art ou la musique, de se concentrer sur le sujet de votre choix et de vous montrer les meilleurs points de rep\u00e8re et endroits.<\/p>\n<p>Parmi les avantages des visites priv\u00e9es, citons la flexibilit\u00e9 des horaires de d\u00e9part, des lieux de d\u00e9part et d&#8217;arriv\u00e9e, de la taille du groupe, des ajustements de la visite en fonction des besoins individuels du groupe, des ajustements du contenu en fonction du th\u00e8me choisi, une attention individuelle garantie et bien plus encore.<\/p>\n<p>C&#8217;est un excellent moyen d&#8217;apprendre tous les faits importants et int\u00e9ressants sur la magnifique C\u00f4te d&#8217;Azur. Chaque visite est sp\u00e9cialement con\u00e7ue pour inclure tous les sites incontournables de chaque ville.<\/p>\n","protected":false},"excerpt":{"rendered":"<p>Tours priv\u00e9s C\u00f4te d&#8217;Azur Visit The French Riviera propose un grand nombre de circuits priv\u00e9s pour vous permettre de d\u00e9couvrir la ville de votre choix, de Nice \u00e0 Antibes, Cannes et m\u00eame Monaco. Avec un tour priv\u00e9, vous avez droit \u00e0 un guide expert local dont vous aurez toute l&#8217;attention n\u00e9cessaire et, bien s\u00fbr, vous [&hellip;]<\/p>\n","protected":false},"author":3,"featured_media":12475,"parent":0,"menu_order":0,"comment_status":"closed","ping_status":"closed","template":"template-home-modern.php","meta":{"_acf_changed":false,"footnotes":""},"class_list":["post-15470","page","type-page","status-publish","has-post-thumbnail","hentry"],"acf":[],"yoast_head":"<!-- This site is optimized with the Yoast SEO plugin v26.1.1 - https:\/\/yoast.com\/wordpress\/plugins\/seo\/ -->\n<title>Visites priv\u00e9es \u00e0 la C\u00f4te d&#039;Azur I Visitez la C\u00f4te d&#039;Azur<\/title>\n<meta name=\"description\" content=\"Visit The French Riviera propose un grand nombre de visites priv\u00e9es pour vous permettre de d\u00e9couvrir la ville de votre choix, de Nice \u00e0 Antibes, Cannes et m\u00eame Monaco.\" \/>\n<meta name=\"robots\" content=\"index, follow, max-snippet:-1, max-image-preview:large, max-video-preview:-1\" \/>\n<link rel=\"canonical\" href=\"https:\/\/visitthefrenchriviera.com\/private-tours\/\" \/>\n<meta property=\"og:locale\" content=\"fr_FR\" \/>\n<meta property=\"og:type\" content=\"article\" \/>\n<meta property=\"og:title\" content=\"Visites priv\u00e9es \u00e0 la C\u00f4te d&#039;Azur I Visitez la C\u00f4te d&#039;Azur\" \/>\n<meta property=\"og:description\" content=\"Visit The French Riviera propose un grand nombre de visites priv\u00e9es pour vous permettre de d\u00e9couvrir la ville de votre choix, de Nice \u00e0 Antibes, Cannes et m\u00eame Monaco.\" \/>\n<meta property=\"og:url\" content=\"https:\/\/visitthefrenchriviera.com\/private-tours\/\" \/>\n<meta property=\"og:site_name\" content=\"Visitthefrenchriviera - C\u00f4te d&#039;Azur France\" \/>\n<meta property=\"og:image\" content=\"https:\/\/visitthefrenchriviera.com\/wp-content\/uploads\/2021\/06\/French-Riviera-Private-Tours-1.jpg\" \/>\n\t<meta property=\"og:image:width\" content=\"1920\" \/>\n\t<meta property=\"og:image:height\" content=\"640\" \/>\n\t<meta property=\"og:image:type\" content=\"image\/jpeg\" \/>\n<meta name=\"twitter:card\" content=\"summary_large_image\" \/>\n<meta name=\"twitter:label1\" content=\"Dur\u00e9e de lecture estim\u00e9e\" \/>\n\t<meta name=\"twitter:data1\" content=\"1 minute\" \/>\n<!-- \/ Yoast SEO plugin. -->","yoast_head_json":{"title":"Visites priv\u00e9es \u00e0 la C\u00f4te d'Azur I Visitez la C\u00f4te d'Azur","description":"Visit The French Riviera propose un grand nombre de visites priv\u00e9es pour vous permettre de d\u00e9couvrir la ville de votre choix, de Nice \u00e0 Antibes, Cannes et m\u00eame Monaco.","robots":{"index":"index","follow":"follow","max-snippet":"max-snippet:-1","max-image-preview":"max-image-preview:large","max-video-preview":"max-video-preview:-1"},"canonical":"https:\/\/visitthefrenchriviera.com\/private-tours\/","og_locale":"fr_FR","og_type":"article","og_title":"Visites priv\u00e9es \u00e0 la C\u00f4te d'Azur I Visitez la C\u00f4te d'Azur","og_description":"Visit The French Riviera propose un grand nombre de visites priv\u00e9es pour vous permettre de d\u00e9couvrir la ville de votre choix, de Nice \u00e0 Antibes, Cannes et m\u00eame Monaco.","og_url":"https:\/\/visitthefrenchriviera.com\/private-tours\/","og_site_name":"Visitthefrenchriviera - C\u00f4te d&#039;Azur France","og_image":[{"width":1920,"height":640,"url":"https:\/\/visitthefrenchriviera.com\/wp-content\/uploads\/2021\/06\/French-Riviera-Private-Tours-1.jpg","type":"image\/jpeg"}],"twitter_card":"summary_large_image","twitter_misc":{"Dur\u00e9e de lecture estim\u00e9e":"1 minute"},"schema":{"@context":"https:\/\/schema.org","@graph":[{"@type":"WebPage","@id":"https:\/\/visitthefrenchriviera.com\/private-tours\/","url":"https:\/\/visitthefrenchriviera.com\/private-tours\/","name":"Visites priv\u00e9es \u00e0 la C\u00f4te d'Azur I Visitez la C\u00f4te d'Azur","isPartOf":{"@id":"https:\/\/visitthefrenchriviera.com\/#website"},"primaryImageOfPage":{"@id":"https:\/\/visitthefrenchriviera.com\/private-tours\/#primaryimage"},"image":{"@id":"https:\/\/visitthefrenchriviera.com\/private-tours\/#primaryimage"},"thumbnailUrl":"https:\/\/visitthefrenchriviera.com\/wp-content\/uploads\/2021\/06\/French-Riviera-Private-Tours-1.jpg","datePublished":"2022-03-17T11:23:14+00:00","description":"Visit The French Riviera propose un grand nombre de visites priv\u00e9es pour vous permettre de d\u00e9couvrir la ville de votre choix, de Nice \u00e0 Antibes, Cannes et m\u00eame Monaco.","breadcrumb":{"@id":"https:\/\/visitthefrenchriviera.com\/private-tours\/#breadcrumb"},"inLanguage":"fr-FR","potentialAction":[{"@type":"ReadAction","target":["https:\/\/visitthefrenchriviera.com\/private-tours\/"]}]},{"@type":"ImageObject","inLanguage":"fr-FR","@id":"https:\/\/visitthefrenchriviera.com\/private-tours\/#primaryimage","url":"https:\/\/visitthefrenchriviera.com\/wp-content\/uploads\/2021\/06\/French-Riviera-Private-Tours-1.jpg","contentUrl":"https:\/\/visitthefrenchriviera.com\/wp-content\/uploads\/2021\/06\/French-Riviera-Private-Tours-1.jpg","width":1920,"height":640,"caption":"Visites priv\u00e9es la C\u00f4te d'Azur"},{"@type":"BreadcrumbList","@id":"https:\/\/visitthefrenchriviera.com\/private-tours\/#breadcrumb","itemListElement":[{"@type":"ListItem","position":1,"name":"Home","item":"https:\/\/visitthefrenchriviera.com\/"},{"@type":"ListItem","position":2,"name":"Visites priv\u00e9es"}]},{"@type":"WebSite","@id":"https:\/\/visitthefrenchriviera.com\/#website","url":"https:\/\/visitthefrenchriviera.com\/","name":"Visitthefrenchriviera - C\u00f4te d&#039;Azur France","description":"C\u00f4te d&#039;Azur Exclusives \u2013 Curated Experiences for the Discerning Explorer","potentialAction":[{"@type":"SearchAction","target":{"@type":"EntryPoint","urlTemplate":"https:\/\/visitthefrenchriviera.com\/?s={search_term_string}"},"query-input":{"@type":"PropertyValueSpecification","valueRequired":true,"valueName":"search_term_string"}}],"inLanguage":"fr-FR"}]}},"_links":{"self":[{"href":"https:\/\/visitthefrenchriviera.com\/fr\/wp-json\/wp\/v2\/pages\/15470","targetHints":{"allow":["GET"]}}],"collection":[{"href":"https:\/\/visitthefrenchriviera.com\/fr\/wp-json\/wp\/v2\/pages"}],"about":[{"href":"https:\/\/visitthefrenchriviera.com\/fr\/wp-json\/wp\/v2\/types\/page"}],"author":[{"embeddable":true,"href":"https:\/\/visitthefrenchriviera.com\/fr\/wp-json\/wp\/v2\/users\/3"}],"replies":[{"embeddable":true,"href":"https:\/\/visitthefrenchriviera.com\/fr\/wp-json\/wp\/v2\/comments?post=15470"}],"version-history":[{"count":0,"href":"https:\/\/visitthefrenchriviera.com\/fr\/wp-json\/wp\/v2\/pages\/15470\/revisions"}],"wp:featuredmedia":[{"embeddable":true,"href":"https:\/\/visitthefrenchriviera.com\/fr\/wp-json\/wp\/v2\/media\/12475"}],"wp:attachment":[{"href":"https:\/\/visitthefrenchriviera.com\/fr\/wp-json\/wp\/v2\/media?parent=15470"}],"curies":[{"name":"wp","href":"https:\/\/api.w.org\/{rel}","templated":true}]}}