{"id":15471,"date":"2022-03-17T11:32:23","date_gmt":"2022-03-17T11:32:23","guid":{"rendered":"https:\/\/visitthefrenchriviera.com\/visites-a-pied\/"},"modified":"2022-03-17T11:32:23","modified_gmt":"2022-03-17T11:32:23","slug":"visites-a-pied","status":"publish","type":"page","link":"https:\/\/visitthefrenchriviera.com\/fr\/visites-a-pied\/","title":{"rendered":"Visites \u00e0 pied"},"content":{"rendered":"<h2>Excursions \u00e0 pied sur la C\u00f4te d&#8217;Azur<\/h2>\n<p>Les randonn\u00e9es p\u00e9destres sont un excellent moyen de d\u00e9couvrir la C\u00f4te d&#8217;Azur. Il y a tellement d&#8217;endroits \u00e0 explorer lors d&#8217;une visite de cette belle r\u00e9gion.<\/p>\n<p>Visit The French Riviera propose de nombreuses visites \u00e0 pied gratuites \u00e0 Nice, Cannes, Antibes et Monaco. Nos guides experts sont tr\u00e8s sympathiques et bien inform\u00e9s et ils sont toujours pr\u00eats \u00e0 r\u00e9pondre \u00e0 toutes vos questions et \u00e0 vous fournir toutes les informations int\u00e9ressantes sur la C\u00f4te d&#8217;Azur.<\/p>\n<p>Pendant les visites gratuites, vous vous prom\u00e8nerez autour des sites les plus c\u00e9l\u00e8bres ainsi que des lieux les plus historiques et apprendrez l&#8217;histoire et le d\u00e9veloppement de chacun d&#8217;entre eux. Vous aurez \u00e9galement l&#8217;occasion de go\u00fbter aux produits locaux, comme par exemple sur le march\u00e9 du Cours Saleya \u00e0 Nice, o\u00f9 vous trouverez un large choix de savons, de fleurs et de produits culinaires locaux.<\/p>\n<p>Les visites ont lieu toute l&#8217;ann\u00e9e, 7 jours sur 7, et durent g\u00e9n\u00e9ralement de 2 \u00e0 2,5 heures. Comme mentionn\u00e9 pr\u00e9c\u00e9demment, les visites sont gratuites mais il est toujours possible de gratifier vos guides en fonction de l&#8217;exp\u00e9rience qu&#8217;ils vous ont procur\u00e9e et de votre satisfaction !<\/p>\n","protected":false},"excerpt":{"rendered":"<p>Excursions \u00e0 pied sur la C\u00f4te d&#8217;Azur Les randonn\u00e9es p\u00e9destres sont un excellent moyen de d\u00e9couvrir la C\u00f4te d&#8217;Azur. Il y a tellement d&#8217;endroits \u00e0 explorer lors d&#8217;une visite de cette belle r\u00e9gion. Visit The French Riviera propose de nombreuses visites \u00e0 pied gratuites \u00e0 Nice, Cannes, Antibes et Monaco. Nos guides experts sont tr\u00e8s [&hellip;]<\/p>\n","protected":false},"author":3,"featured_media":11389,"parent":0,"menu_order":0,"comment_status":"closed","ping_status":"closed","template":"template-home-modern.php","meta":{"_acf_changed":false,"footnotes":""},"class_list":["post-15471","page","type-page","status-publish","has-post-thumbnail","hentry"],"acf":[],"yoast_head":"<!-- This site is optimized with the Yoast SEO plugin v26.1.1 - https:\/\/yoast.com\/wordpress\/plugins\/seo\/ -->\n<title>Visites \u00e0 pied \u00e0 la C\u00f4te d&#039;Azur I Visitez la C\u00f4te d&#039;Azur<\/title>\n<meta name=\"description\" content=\"Les visites \u00e0 pied sont un excellent moyen de d\u00e9couvrir la C\u00f4te d&#039;Azur. Il y a tellement d&#039;endroits \u00e0 explorer lors d&#039;une visite de cette belle r\u00e9gion.\" \/>\n<meta name=\"robots\" content=\"index, follow, max-snippet:-1, max-image-preview:large, max-video-preview:-1\" \/>\n<link rel=\"canonical\" href=\"https:\/\/visitthefrenchriviera.com\/walking-tours\/\" \/>\n<meta property=\"og:locale\" content=\"fr_FR\" \/>\n<meta property=\"og:type\" content=\"article\" \/>\n<meta property=\"og:title\" content=\"Visites \u00e0 pied \u00e0 la C\u00f4te d&#039;Azur I Visitez la C\u00f4te d&#039;Azur\" \/>\n<meta property=\"og:description\" content=\"Les visites \u00e0 pied sont un excellent moyen de d\u00e9couvrir la C\u00f4te d&#039;Azur. Il y a tellement d&#039;endroits \u00e0 explorer lors d&#039;une visite de cette belle r\u00e9gion.\" \/>\n<meta property=\"og:url\" content=\"https:\/\/visitthefrenchriviera.com\/walking-tours\/\" \/>\n<meta property=\"og:site_name\" content=\"Visitthefrenchriviera - C\u00f4te d&#039;Azur France\" \/>\n<meta property=\"og:image\" content=\"https:\/\/visitthefrenchriviera.com\/wp-content\/uploads\/2021\/05\/Walking-Tours.jpg\" \/>\n\t<meta property=\"og:image:width\" content=\"1920\" \/>\n\t<meta property=\"og:image:height\" content=\"1280\" \/>\n\t<meta property=\"og:image:type\" content=\"image\/jpeg\" \/>\n<meta name=\"twitter:card\" content=\"summary_large_image\" \/>\n<meta name=\"twitter:label1\" content=\"Dur\u00e9e de lecture estim\u00e9e\" \/>\n\t<meta name=\"twitter:data1\" content=\"1 minute\" \/>\n<!-- \/ Yoast SEO plugin. -->","yoast_head_json":{"title":"Visites \u00e0 pied \u00e0 la C\u00f4te d'Azur I Visitez la C\u00f4te d'Azur","description":"Les visites \u00e0 pied sont un excellent moyen de d\u00e9couvrir la C\u00f4te d'Azur. Il y a tellement d'endroits \u00e0 explorer lors d'une visite de cette belle r\u00e9gion.","robots":{"index":"index","follow":"follow","max-snippet":"max-snippet:-1","max-image-preview":"max-image-preview:large","max-video-preview":"max-video-preview:-1"},"canonical":"https:\/\/visitthefrenchriviera.com\/walking-tours\/","og_locale":"fr_FR","og_type":"article","og_title":"Visites \u00e0 pied \u00e0 la C\u00f4te d'Azur I Visitez la C\u00f4te d'Azur","og_description":"Les visites \u00e0 pied sont un excellent moyen de d\u00e9couvrir la C\u00f4te d'Azur. Il y a tellement d'endroits \u00e0 explorer lors d'une visite de cette belle r\u00e9gion.","og_url":"https:\/\/visitthefrenchriviera.com\/walking-tours\/","og_site_name":"Visitthefrenchriviera - C\u00f4te d&#039;Azur France","og_image":[{"width":1920,"height":1280,"url":"https:\/\/visitthefrenchriviera.com\/wp-content\/uploads\/2021\/05\/Walking-Tours.jpg","type":"image\/jpeg"}],"twitter_card":"summary_large_image","twitter_misc":{"Dur\u00e9e de lecture estim\u00e9e":"1 minute"},"schema":{"@context":"https:\/\/schema.org","@graph":[{"@type":"WebPage","@id":"https:\/\/visitthefrenchriviera.com\/walking-tours\/","url":"https:\/\/visitthefrenchriviera.com\/walking-tours\/","name":"Visites \u00e0 pied \u00e0 la C\u00f4te d'Azur I Visitez la C\u00f4te d'Azur","isPartOf":{"@id":"https:\/\/visitthefrenchriviera.com\/#website"},"primaryImageOfPage":{"@id":"https:\/\/visitthefrenchriviera.com\/walking-tours\/#primaryimage"},"image":{"@id":"https:\/\/visitthefrenchriviera.com\/walking-tours\/#primaryimage"},"thumbnailUrl":"https:\/\/visitthefrenchriviera.com\/wp-content\/uploads\/2021\/05\/Walking-Tours.jpg","datePublished":"2022-03-17T11:32:23+00:00","description":"Les visites \u00e0 pied sont un excellent moyen de d\u00e9couvrir la C\u00f4te d'Azur. Il y a tellement d'endroits \u00e0 explorer lors d'une visite de cette belle r\u00e9gion.","breadcrumb":{"@id":"https:\/\/visitthefrenchriviera.com\/walking-tours\/#breadcrumb"},"inLanguage":"fr-FR","potentialAction":[{"@type":"ReadAction","target":["https:\/\/visitthefrenchriviera.com\/walking-tours\/"]}]},{"@type":"ImageObject","inLanguage":"fr-FR","@id":"https:\/\/visitthefrenchriviera.com\/walking-tours\/#primaryimage","url":"https:\/\/visitthefrenchriviera.com\/wp-content\/uploads\/2021\/05\/Walking-Tours.jpg","contentUrl":"https:\/\/visitthefrenchriviera.com\/wp-content\/uploads\/2021\/05\/Walking-Tours.jpg","width":1920,"height":1280,"caption":"Visites \u00e0 pied"},{"@type":"BreadcrumbList","@id":"https:\/\/visitthefrenchriviera.com\/walking-tours\/#breadcrumb","itemListElement":[{"@type":"ListItem","position":1,"name":"Home","item":"https:\/\/visitthefrenchriviera.com\/"},{"@type":"ListItem","position":2,"name":"Visites \u00e0 pied"}]},{"@type":"WebSite","@id":"https:\/\/visitthefrenchriviera.com\/#website","url":"https:\/\/visitthefrenchriviera.com\/","name":"Visitthefrenchriviera - C\u00f4te d&#039;Azur France","description":"C\u00f4te d&#039;Azur Exclusives \u2013 Curated Experiences for the Discerning Explorer","potentialAction":[{"@type":"SearchAction","target":{"@type":"EntryPoint","urlTemplate":"https:\/\/visitthefrenchriviera.com\/?s={search_term_string}"},"query-input":{"@type":"PropertyValueSpecification","valueRequired":true,"valueName":"search_term_string"}}],"inLanguage":"fr-FR"}]}},"_links":{"self":[{"href":"https:\/\/visitthefrenchriviera.com\/fr\/wp-json\/wp\/v2\/pages\/15471","targetHints":{"allow":["GET"]}}],"collection":[{"href":"https:\/\/visitthefrenchriviera.com\/fr\/wp-json\/wp\/v2\/pages"}],"about":[{"href":"https:\/\/visitthefrenchriviera.com\/fr\/wp-json\/wp\/v2\/types\/page"}],"author":[{"embeddable":true,"href":"https:\/\/visitthefrenchriviera.com\/fr\/wp-json\/wp\/v2\/users\/3"}],"replies":[{"embeddable":true,"href":"https:\/\/visitthefrenchriviera.com\/fr\/wp-json\/wp\/v2\/comments?post=15471"}],"version-history":[{"count":0,"href":"https:\/\/visitthefrenchriviera.com\/fr\/wp-json\/wp\/v2\/pages\/15471\/revisions"}],"wp:featuredmedia":[{"embeddable":true,"href":"https:\/\/visitthefrenchriviera.com\/fr\/wp-json\/wp\/v2\/media\/11389"}],"wp:attachment":[{"href":"https:\/\/visitthefrenchriviera.com\/fr\/wp-json\/wp\/v2\/media?parent=15471"}],"curies":[{"name":"wp","href":"https:\/\/api.w.org\/{rel}","templated":true}]}}