{"id":9769,"date":"2021-04-08T19:23:45","date_gmt":"2021-04-08T19:23:45","guid":{"rendered":"https:\/\/visitthefrenchriviera.com\/attractions\/"},"modified":"2022-03-17T10:19:56","modified_gmt":"2022-03-17T10:19:56","slug":"attractions","status":"publish","type":"page","link":"https:\/\/visitthefrenchriviera.com\/fr\/attractions\/","title":{"rendered":"Attractions"},"content":{"rendered":"<h2>Attractions sur la C\u00f4te d&#8217;Azur<\/h2>\n<p>Il n&#8217;y a rien de tel que l&#8217;\u00e9t\u00e9 sur la C\u00f4te d&#8217;Azur. L&#8217;air marin, la sensation du soleil br\u00fblant sur votre peau et la douce odeur du jasmin qui embaume l&#8217;air. La plupart des gens d\u00e9cident de venir pour un long week-end et d&#8217;explorer une seule ville de la C\u00f4te d&#8217;Azur. Cependant, la C\u00f4te d&#8217;Azur a beaucoup plus \u00e0 offrir !<\/p>\n<p>Nous avons le plaisir de vous informer que les destinations de vacances les plus embl\u00e9matiques sont situ\u00e9es \u00e0 proximit\u00e9 les unes des autres sur la magnifique C\u00f4te d&#8217;Azur. Vous seriez donc bien b\u00eate de ne pas explorer plus que Nice ou Cannes. Les trains sont peu co\u00fbteux, fr\u00e9quents et d&#8217;assez bonne qualit\u00e9, ce qui fait que voyager sur la C\u00f4te d&#8217;Azur est facile et peu co\u00fbteux.<\/p>\n<p>Bien s\u00fbr, de nombreux visiteurs souhaitent simplement se d\u00e9tendre et profiter des journ\u00e9es \u00e0 la plage. Mais n&#8217;h\u00e9sitez pas \u00e0 faire des choix en fonction de vos centres d&#8217;int\u00e9r\u00eat. Vous pouvez vous installer dans n&#8217;importe quelle ville de la C\u00f4te d&#8217;Azur, de Nice \u00e0 Cannes en passant par Antibes, et utiliser votre temps de mani\u00e8re judicieuse en explorant les r\u00e9gions voisines sur la magnifique c\u00f4te ou dans les montagnes !<\/p>\n<p>Vous pouvez trouver les villes de la C\u00f4te d&#8217;Azur identiques, mais chacune d&#8217;entre elles est sp\u00e9ciale et elles ont toutes quelque chose de diff\u00e9rent \u00e0 offrir ! Voici donc une liste des attractions incontournables de la C\u00f4te d&#8217;Azur !<\/p>\n","protected":false},"excerpt":{"rendered":"<p>Attractions sur la C\u00f4te d&#8217;Azur Il n&#8217;y a rien de tel que l&#8217;\u00e9t\u00e9 sur la C\u00f4te d&#8217;Azur. L&#8217;air marin, la sensation du soleil br\u00fblant sur votre peau et la douce odeur du jasmin qui embaume l&#8217;air. La plupart des gens d\u00e9cident de venir pour un long week-end et d&#8217;explorer une seule ville de la C\u00f4te [&hellip;]<\/p>\n","protected":false},"author":3,"featured_media":10653,"parent":0,"menu_order":0,"comment_status":"closed","ping_status":"closed","template":"template-home-modern.php","meta":{"_acf_changed":false,"footnotes":""},"class_list":["post-9769","page","type-page","status-publish","has-post-thumbnail","hentry"],"acf":[],"yoast_head":"<!-- This site is optimized with the Yoast SEO plugin v26.1.1 - https:\/\/yoast.com\/wordpress\/plugins\/seo\/ -->\n<title>Attractions \u00e0 la C\u00f4te d&#039;azure I Visitez la C\u00f4te d&#039;Azur<\/title>\n<meta name=\"description\" content=\"D\u00e9couvrez toutes les attractions incontournables de la C\u00f4te d&#039;Azur. Une r\u00e9gion si belle avec ses vues sur la montagne et la mer qui ne manquera pas de vous \u00e9merveiller !\" \/>\n<meta name=\"robots\" content=\"index, follow, max-snippet:-1, max-image-preview:large, max-video-preview:-1\" \/>\n<link rel=\"canonical\" href=\"https:\/\/visitthefrenchriviera.com\/attractions\/\" \/>\n<meta property=\"og:locale\" content=\"fr_FR\" \/>\n<meta property=\"og:type\" content=\"article\" \/>\n<meta property=\"og:title\" content=\"Attractions \u00e0 la C\u00f4te d&#039;azure I Visitez la C\u00f4te d&#039;Azur\" \/>\n<meta property=\"og:description\" content=\"D\u00e9couvrez toutes les attractions incontournables de la C\u00f4te d&#039;Azur. Une r\u00e9gion si belle avec ses vues sur la montagne et la mer qui ne manquera pas de vous \u00e9merveiller !\" \/>\n<meta property=\"og:url\" content=\"https:\/\/visitthefrenchriviera.com\/attractions\/\" \/>\n<meta property=\"og:site_name\" content=\"Visitthefrenchriviera - C\u00f4te d&#039;Azur France\" \/>\n<meta property=\"article:modified_time\" content=\"2022-03-17T10:19:56+00:00\" \/>\n<meta property=\"og:image\" content=\"https:\/\/visitthefrenchriviera.com\/wp-content\/uploads\/2021\/04\/attractions-french-riviera-scaled.jpeg\" \/>\n\t<meta property=\"og:image:width\" content=\"2560\" \/>\n\t<meta property=\"og:image:height\" content=\"2560\" \/>\n\t<meta property=\"og:image:type\" content=\"image\/jpeg\" \/>\n<meta name=\"twitter:card\" content=\"summary_large_image\" \/>\n<meta name=\"twitter:label1\" content=\"Dur\u00e9e de lecture estim\u00e9e\" \/>\n\t<meta name=\"twitter:data1\" content=\"1 minute\" \/>\n<!-- \/ Yoast SEO plugin. -->","yoast_head_json":{"title":"Attractions \u00e0 la C\u00f4te d'azure I Visitez la C\u00f4te d'Azur","description":"D\u00e9couvrez toutes les attractions incontournables de la C\u00f4te d'Azur. Une r\u00e9gion si belle avec ses vues sur la montagne et la mer qui ne manquera pas de vous \u00e9merveiller !","robots":{"index":"index","follow":"follow","max-snippet":"max-snippet:-1","max-image-preview":"max-image-preview:large","max-video-preview":"max-video-preview:-1"},"canonical":"https:\/\/visitthefrenchriviera.com\/attractions\/","og_locale":"fr_FR","og_type":"article","og_title":"Attractions \u00e0 la C\u00f4te d'azure I Visitez la C\u00f4te d'Azur","og_description":"D\u00e9couvrez toutes les attractions incontournables de la C\u00f4te d'Azur. Une r\u00e9gion si belle avec ses vues sur la montagne et la mer qui ne manquera pas de vous \u00e9merveiller !","og_url":"https:\/\/visitthefrenchriviera.com\/attractions\/","og_site_name":"Visitthefrenchriviera - C\u00f4te d&#039;Azur France","article_modified_time":"2022-03-17T10:19:56+00:00","og_image":[{"width":2560,"height":2560,"url":"https:\/\/visitthefrenchriviera.com\/wp-content\/uploads\/2021\/04\/attractions-french-riviera-scaled.jpeg","type":"image\/jpeg"}],"twitter_card":"summary_large_image","twitter_misc":{"Dur\u00e9e de lecture estim\u00e9e":"1 minute"},"schema":{"@context":"https:\/\/schema.org","@graph":[{"@type":"WebPage","@id":"https:\/\/visitthefrenchriviera.com\/attractions\/","url":"https:\/\/visitthefrenchriviera.com\/attractions\/","name":"Attractions \u00e0 la C\u00f4te d'azure I Visitez la C\u00f4te d'Azur","isPartOf":{"@id":"https:\/\/visitthefrenchriviera.com\/#website"},"primaryImageOfPage":{"@id":"https:\/\/visitthefrenchriviera.com\/attractions\/#primaryimage"},"image":{"@id":"https:\/\/visitthefrenchriviera.com\/attractions\/#primaryimage"},"thumbnailUrl":"https:\/\/visitthefrenchriviera.com\/wp-content\/uploads\/2021\/04\/attractions-french-riviera-scaled.jpeg","datePublished":"2021-04-08T19:23:45+00:00","dateModified":"2022-03-17T10:19:56+00:00","description":"D\u00e9couvrez toutes les attractions incontournables de la C\u00f4te d'Azur. Une r\u00e9gion si belle avec ses vues sur la montagne et la mer qui ne manquera pas de vous \u00e9merveiller !","breadcrumb":{"@id":"https:\/\/visitthefrenchriviera.com\/attractions\/#breadcrumb"},"inLanguage":"fr-FR","potentialAction":[{"@type":"ReadAction","target":["https:\/\/visitthefrenchriviera.com\/attractions\/"]}]},{"@type":"ImageObject","inLanguage":"fr-FR","@id":"https:\/\/visitthefrenchriviera.com\/attractions\/#primaryimage","url":"https:\/\/visitthefrenchriviera.com\/wp-content\/uploads\/2021\/04\/attractions-french-riviera-scaled.jpeg","contentUrl":"https:\/\/visitthefrenchriviera.com\/wp-content\/uploads\/2021\/04\/attractions-french-riviera-scaled.jpeg","width":2560,"height":2560,"caption":"Panoramic view of port in Monaco, luxury yachts in a row"},{"@type":"BreadcrumbList","@id":"https:\/\/visitthefrenchriviera.com\/attractions\/#breadcrumb","itemListElement":[{"@type":"ListItem","position":1,"name":"Home","item":"https:\/\/visitthefrenchriviera.com\/"},{"@type":"ListItem","position":2,"name":"Attractions"}]},{"@type":"WebSite","@id":"https:\/\/visitthefrenchriviera.com\/#website","url":"https:\/\/visitthefrenchriviera.com\/","name":"Visitthefrenchriviera - C\u00f4te d&#039;Azur France","description":"C\u00f4te d&#039;Azur Exclusives \u2013 Curated Experiences for the Discerning Explorer","potentialAction":[{"@type":"SearchAction","target":{"@type":"EntryPoint","urlTemplate":"https:\/\/visitthefrenchriviera.com\/?s={search_term_string}"},"query-input":{"@type":"PropertyValueSpecification","valueRequired":true,"valueName":"search_term_string"}}],"inLanguage":"fr-FR"}]}},"_links":{"self":[{"href":"https:\/\/visitthefrenchriviera.com\/fr\/wp-json\/wp\/v2\/pages\/9769","targetHints":{"allow":["GET"]}}],"collection":[{"href":"https:\/\/visitthefrenchriviera.com\/fr\/wp-json\/wp\/v2\/pages"}],"about":[{"href":"https:\/\/visitthefrenchriviera.com\/fr\/wp-json\/wp\/v2\/types\/page"}],"author":[{"embeddable":true,"href":"https:\/\/visitthefrenchriviera.com\/fr\/wp-json\/wp\/v2\/users\/3"}],"replies":[{"embeddable":true,"href":"https:\/\/visitthefrenchriviera.com\/fr\/wp-json\/wp\/v2\/comments?post=9769"}],"version-history":[{"count":1,"href":"https:\/\/visitthefrenchriviera.com\/fr\/wp-json\/wp\/v2\/pages\/9769\/revisions"}],"predecessor-version":[{"id":15438,"href":"https:\/\/visitthefrenchriviera.com\/fr\/wp-json\/wp\/v2\/pages\/9769\/revisions\/15438"}],"wp:featuredmedia":[{"embeddable":true,"href":"https:\/\/visitthefrenchriviera.com\/fr\/wp-json\/wp\/v2\/media\/10653"}],"wp:attachment":[{"href":"https:\/\/visitthefrenchriviera.com\/fr\/wp-json\/wp\/v2\/media?parent=9769"}],"curies":[{"name":"wp","href":"https:\/\/api.w.org\/{rel}","templated":true}]}}