{"id":9771,"date":"2021-04-08T19:24:23","date_gmt":"2021-04-08T19:24:23","guid":{"rendered":"https:\/\/visitthefrenchriviera.com\/evenements\/"},"modified":"2022-03-17T10:38:05","modified_gmt":"2022-03-17T10:38:05","slug":"evenements","status":"publish","type":"page","link":"https:\/\/visitthefrenchriviera.com\/fr\/evenements\/","title":{"rendered":"\u00c9v\u00e9nements"},"content":{"rendered":"<h2>\u00c9v\u00e9nements la C\u00f4te d&#8217;Azur<\/h2>\n<p>Sans aucun doute, la C\u00f4te d&#8217;Azur est devenue une destination internationale avec une vari\u00e9t\u00e9 d&#8217;activit\u00e9s et de programmes d&#8217;\u00e9v\u00e9nements culturels, sportifs et de yachting. Des festivals de musique aux rencontres sportives en passant par les \u00e9v\u00e9nements sociaux de l&#8217;\u00e9lite, les touristes et m\u00eame les locaux peuvent explorer la C\u00f4te d&#8217;Azur et d\u00e9couvrir toutes sortes d&#8217;\u00e9v\u00e9nements qui ont lieu dans la magnifique r\u00e9gion de la C\u00f4te d&#8217;Azur.<\/p>\n<p>De nombreux \u00e9v\u00e9nements diff\u00e9rents ont lieu sur la C\u00f4te d&#8217;Azur tout au long de l&#8217;ann\u00e9e ! Du festival du film de Cannes au festival de jazz d&#8217;Antibes, en passant par le Grand Prix de Monaco, les masters rollext, le Carnaval de Nice et m\u00eame le festival du citron de Menton ! Que vous soyez int\u00e9ress\u00e9 par la musique, le th\u00e9\u00e2tre, le shopping, les visites touristiques, il y en a toujours pour tous les go\u00fbts !<\/p>\n<p>Comme mentionn\u00e9 ci-dessus, il y a beaucoup d&#8217;\u00e9v\u00e9nements sur la C\u00f4te d&#8217;Azur et nous en avons fait une liste pour vous. Choisissez simplement vos dates et vous \u00eates pr\u00eats \u00e0 partir !<\/p>\n","protected":false},"excerpt":{"rendered":"<p>\u00c9v\u00e9nements la C\u00f4te d&#8217;Azur Sans aucun doute, la C\u00f4te d&#8217;Azur est devenue une destination internationale avec une vari\u00e9t\u00e9 d&#8217;activit\u00e9s et de programmes d&#8217;\u00e9v\u00e9nements culturels, sportifs et de yachting. Des festivals de musique aux rencontres sportives en passant par les \u00e9v\u00e9nements sociaux de l&#8217;\u00e9lite, les touristes et m\u00eame les locaux peuvent explorer la C\u00f4te d&#8217;Azur et [&hellip;]<\/p>\n","protected":false},"author":3,"featured_media":10597,"parent":0,"menu_order":0,"comment_status":"closed","ping_status":"closed","template":"","meta":{"_acf_changed":false,"footnotes":""},"class_list":["post-9771","page","type-page","status-publish","has-post-thumbnail","hentry"],"acf":[],"yoast_head":"<!-- This site is optimized with the Yoast SEO plugin v26.1.1 - https:\/\/yoast.com\/wordpress\/plugins\/seo\/ -->\n<title>\u00c9v\u00e9nements \u00e0 la C\u00f4te d&#039;Azur I Visitez la C\u00f4te d&#039;Azure<\/title>\n<meta name=\"description\" content=\"Les \u00e9v\u00e9nements qui se d\u00e9roulent sur la C\u00f4te d&#039;Azur comprennent des festivals de cin\u00e9ma, des festivals de jazz, des masters de rollext et bien d&#039;autres choses encore ! D\u00e9couvrez tous les \u00e9v\u00e9nements !\" \/>\n<meta name=\"robots\" content=\"index, follow, max-snippet:-1, max-image-preview:large, max-video-preview:-1\" \/>\n<link rel=\"canonical\" href=\"https:\/\/visitthefrenchriviera.com\/events\/\" \/>\n<meta property=\"og:locale\" content=\"fr_FR\" \/>\n<meta property=\"og:type\" content=\"article\" \/>\n<meta property=\"og:title\" content=\"\u00c9v\u00e9nements \u00e0 la C\u00f4te d&#039;Azur I Visitez la C\u00f4te d&#039;Azure\" \/>\n<meta property=\"og:description\" content=\"Les \u00e9v\u00e9nements qui se d\u00e9roulent sur la C\u00f4te d&#039;Azur comprennent des festivals de cin\u00e9ma, des festivals de jazz, des masters de rollext et bien d&#039;autres choses encore ! D\u00e9couvrez tous les \u00e9v\u00e9nements !\" \/>\n<meta property=\"og:url\" content=\"https:\/\/visitthefrenchriviera.com\/events\/\" \/>\n<meta property=\"og:site_name\" content=\"Visitthefrenchriviera - C\u00f4te d&#039;Azur France\" \/>\n<meta property=\"article:modified_time\" content=\"2022-03-17T10:38:05+00:00\" \/>\n<meta property=\"og:image\" content=\"https:\/\/visitthefrenchriviera.com\/wp-content\/uploads\/2021\/04\/events-french-riviera-scaled.jpeg\" \/>\n\t<meta property=\"og:image:width\" content=\"2560\" \/>\n\t<meta property=\"og:image:height\" content=\"2560\" \/>\n\t<meta property=\"og:image:type\" content=\"image\/jpeg\" \/>\n<meta name=\"twitter:card\" content=\"summary_large_image\" \/>\n<meta name=\"twitter:label1\" content=\"Dur\u00e9e de lecture estim\u00e9e\" \/>\n\t<meta name=\"twitter:data1\" content=\"1 minute\" \/>\n<!-- \/ Yoast SEO plugin. -->","yoast_head_json":{"title":"\u00c9v\u00e9nements \u00e0 la C\u00f4te d'Azur I Visitez la C\u00f4te d'Azure","description":"Les \u00e9v\u00e9nements qui se d\u00e9roulent sur la C\u00f4te d'Azur comprennent des festivals de cin\u00e9ma, des festivals de jazz, des masters de rollext et bien d'autres choses encore ! D\u00e9couvrez tous les \u00e9v\u00e9nements !","robots":{"index":"index","follow":"follow","max-snippet":"max-snippet:-1","max-image-preview":"max-image-preview:large","max-video-preview":"max-video-preview:-1"},"canonical":"https:\/\/visitthefrenchriviera.com\/events\/","og_locale":"fr_FR","og_type":"article","og_title":"\u00c9v\u00e9nements \u00e0 la C\u00f4te d'Azur I Visitez la C\u00f4te d'Azure","og_description":"Les \u00e9v\u00e9nements qui se d\u00e9roulent sur la C\u00f4te d'Azur comprennent des festivals de cin\u00e9ma, des festivals de jazz, des masters de rollext et bien d'autres choses encore ! D\u00e9couvrez tous les \u00e9v\u00e9nements !","og_url":"https:\/\/visitthefrenchriviera.com\/events\/","og_site_name":"Visitthefrenchriviera - C\u00f4te d&#039;Azur France","article_modified_time":"2022-03-17T10:38:05+00:00","og_image":[{"width":2560,"height":2560,"url":"https:\/\/visitthefrenchriviera.com\/wp-content\/uploads\/2021\/04\/events-french-riviera-scaled.jpeg","type":"image\/jpeg"}],"twitter_card":"summary_large_image","twitter_misc":{"Dur\u00e9e de lecture estim\u00e9e":"1 minute"},"schema":{"@context":"https:\/\/schema.org","@graph":[{"@type":"WebPage","@id":"https:\/\/visitthefrenchriviera.com\/events\/","url":"https:\/\/visitthefrenchriviera.com\/events\/","name":"\u00c9v\u00e9nements \u00e0 la C\u00f4te d'Azur I Visitez la C\u00f4te d'Azure","isPartOf":{"@id":"https:\/\/visitthefrenchriviera.com\/#website"},"primaryImageOfPage":{"@id":"https:\/\/visitthefrenchriviera.com\/events\/#primaryimage"},"image":{"@id":"https:\/\/visitthefrenchriviera.com\/events\/#primaryimage"},"thumbnailUrl":"https:\/\/visitthefrenchriviera.com\/wp-content\/uploads\/2021\/04\/events-french-riviera-scaled.jpeg","datePublished":"2021-04-08T19:24:23+00:00","dateModified":"2022-03-17T10:38:05+00:00","description":"Les \u00e9v\u00e9nements qui se d\u00e9roulent sur la C\u00f4te d'Azur comprennent des festivals de cin\u00e9ma, des festivals de jazz, des masters de rollext et bien d'autres choses encore ! D\u00e9couvrez tous les \u00e9v\u00e9nements !","breadcrumb":{"@id":"https:\/\/visitthefrenchriviera.com\/events\/#breadcrumb"},"inLanguage":"fr-FR","potentialAction":[{"@type":"ReadAction","target":["https:\/\/visitthefrenchriviera.com\/events\/"]}]},{"@type":"ImageObject","inLanguage":"fr-FR","@id":"https:\/\/visitthefrenchriviera.com\/events\/#primaryimage","url":"https:\/\/visitthefrenchriviera.com\/wp-content\/uploads\/2021\/04\/events-french-riviera-scaled.jpeg","contentUrl":"https:\/\/visitthefrenchriviera.com\/wp-content\/uploads\/2021\/04\/events-french-riviera-scaled.jpeg","width":2560,"height":2560,"caption":"Carnaval in nice at night"},{"@type":"BreadcrumbList","@id":"https:\/\/visitthefrenchriviera.com\/events\/#breadcrumb","itemListElement":[{"@type":"ListItem","position":1,"name":"Home","item":"https:\/\/visitthefrenchriviera.com\/"},{"@type":"ListItem","position":2,"name":"\u00c9v\u00e9nements"}]},{"@type":"WebSite","@id":"https:\/\/visitthefrenchriviera.com\/#website","url":"https:\/\/visitthefrenchriviera.com\/","name":"Visitthefrenchriviera - C\u00f4te d&#039;Azur France","description":"C\u00f4te d&#039;Azur Exclusives \u2013 Curated Experiences for the Discerning Explorer","potentialAction":[{"@type":"SearchAction","target":{"@type":"EntryPoint","urlTemplate":"https:\/\/visitthefrenchriviera.com\/?s={search_term_string}"},"query-input":{"@type":"PropertyValueSpecification","valueRequired":true,"valueName":"search_term_string"}}],"inLanguage":"fr-FR"}]}},"_links":{"self":[{"href":"https:\/\/visitthefrenchriviera.com\/fr\/wp-json\/wp\/v2\/pages\/9771","targetHints":{"allow":["GET"]}}],"collection":[{"href":"https:\/\/visitthefrenchriviera.com\/fr\/wp-json\/wp\/v2\/pages"}],"about":[{"href":"https:\/\/visitthefrenchriviera.com\/fr\/wp-json\/wp\/v2\/types\/page"}],"author":[{"embeddable":true,"href":"https:\/\/visitthefrenchriviera.com\/fr\/wp-json\/wp\/v2\/users\/3"}],"replies":[{"embeddable":true,"href":"https:\/\/visitthefrenchriviera.com\/fr\/wp-json\/wp\/v2\/comments?post=9771"}],"version-history":[{"count":1,"href":"https:\/\/visitthefrenchriviera.com\/fr\/wp-json\/wp\/v2\/pages\/9771\/revisions"}],"predecessor-version":[{"id":15444,"href":"https:\/\/visitthefrenchriviera.com\/fr\/wp-json\/wp\/v2\/pages\/9771\/revisions\/15444"}],"wp:featuredmedia":[{"embeddable":true,"href":"https:\/\/visitthefrenchriviera.com\/fr\/wp-json\/wp\/v2\/media\/10597"}],"wp:attachment":[{"href":"https:\/\/visitthefrenchriviera.com\/fr\/wp-json\/wp\/v2\/media?parent=9771"}],"curies":[{"name":"wp","href":"https:\/\/api.w.org\/{rel}","templated":true}]}}