{"id":9772,"date":"2021-04-08T19:24:46","date_gmt":"2021-04-08T19:24:46","guid":{"rendered":"https:\/\/visitthefrenchriviera.com\/tours-experiences\/"},"modified":"2022-03-17T11:09:42","modified_gmt":"2022-03-17T11:09:42","slug":"tours-experiences","status":"publish","type":"page","link":"https:\/\/visitthefrenchriviera.com\/fr\/tours-experiences\/","title":{"rendered":"Tours et exp\u00e9riences"},"content":{"rendered":"<h2>Tours et exp\u00e9riences la C\u00f4te d&#8217;Azur<\/h2>\n<p>Visit The French Riviera propose un grand nombre de visites guid\u00e9es pour vous, vos amis et votre famille ! C&#8217;est une excellente fa\u00e7on d&#8217;apprendre tous les faits importants sur la ville que vous visitez et tous les points d&#8217;int\u00e9r\u00eat \u00e0 voir. N&#8217;oublions pas de mentionner que c&#8217;est une bonne occasion de rencontrer d&#8217;autres voyageurs comme vous !<\/p>\n<p>En outre, lorsque vous participez \u00e0 une visite \u00e0 pied, vous \u00eates entre les mains d&#8217;un expert local de confiance qui est pr\u00eat \u00e0 partager avec vous toutes les informations int\u00e9ressantes et importantes sur la ville. Les avantages des visites \u00e0 pied sont infinis !<\/p>\n<p>Participer \u00e0 une visite \u00e0 pied est une excellente occasion de rencontrer d&#8217;autres voyageurs. Et le fait que vous rejoignez un groupe dont la langue est commune cr\u00e9e \u00e9galement une certaine familiarit\u00e9, surtout lorsque vous voyagez dans un pays \u00e9tranger.<\/p>\n<p>Non seulement les visites sont un excellent moyen de rencontrer d&#8217;autres voyageurs, surtout si vous voyagez seul, mais elles vous donnent \u00e9galement des informations d\u00e9taill\u00e9es, des faits int\u00e9ressants, des conseils et des recommandations sur ce qu&#8217;il faut faire dans la ville, o\u00f9 manger ou boire la meilleure boisson. De plus, en marchant, vous ferez de l&#8217;exercice pendant la journ\u00e9e et vous ne manquerez pas les joyaux et les d\u00e9tails cach\u00e9s comme l&#8217;art de la rue ou les restaurants int\u00e9ressants ! Vous pouvez voir les choses de plus pr\u00e8s, d\u00e9couvrir les transports publics et vous faufiler dans les petites ruelles. En bref, vos guides touristiques veulent s&#8217;assurer que vous passez un bon moment pendant la visite.<\/p>\n<p>L&#8217;ensemble du parcours est planifi\u00e9 de mani\u00e8re efficace, afin que vous ne manquiez pas les principaux sites touristiques et que vous ayez le temps d&#8217;apprendre les secrets de la ville que seuls les habitants connaissent. Nos visites \u00e0 pied comprennent \u00e9galement une pause au milieu de la visite pour vous reposer, aller aux toilettes, d\u00e9couvrir les march\u00e9s locaux et m\u00eame satisfaire vos papilles en go\u00fbtant aux sp\u00e9cialit\u00e9s locales.<\/p>\n","protected":false},"excerpt":{"rendered":"<p>Tours et exp\u00e9riences la C\u00f4te d&#8217;Azur Visit The French Riviera propose un grand nombre de visites guid\u00e9es pour vous, vos amis et votre famille ! C&#8217;est une excellente fa\u00e7on d&#8217;apprendre tous les faits importants sur la ville que vous visitez et tous les points d&#8217;int\u00e9r\u00eat \u00e0 voir. N&#8217;oublions pas de mentionner que c&#8217;est une bonne [&hellip;]<\/p>\n","protected":false},"author":3,"featured_media":10609,"parent":0,"menu_order":0,"comment_status":"closed","ping_status":"closed","template":"template-home-modern.php","meta":{"_acf_changed":false,"footnotes":""},"class_list":["post-9772","page","type-page","status-publish","has-post-thumbnail","hentry"],"acf":[],"yoast_head":"<!-- This site is optimized with the Yoast SEO plugin v26.1.1 - https:\/\/yoast.com\/wordpress\/plugins\/seo\/ -->\n<title>Tours et exp\u00e9riences \u00e0 la C\u00f4te d&#039;Azur I Visitez la C\u00f4te d&#039;Azur<\/title>\n<meta name=\"description\" content=\"Les visites guid\u00e9es sont un excellent moyen d&#039;apprendre tous les faits importants sur la ville que vous visitez et tous les points d&#039;int\u00e9r\u00eat \u00e0 voir.\" \/>\n<meta name=\"robots\" content=\"index, follow, max-snippet:-1, max-image-preview:large, max-video-preview:-1\" \/>\n<link rel=\"canonical\" href=\"https:\/\/visitthefrenchriviera.com\/tours-experiences\/\" \/>\n<meta property=\"og:locale\" content=\"fr_FR\" \/>\n<meta property=\"og:type\" content=\"article\" \/>\n<meta property=\"og:title\" content=\"Tours et exp\u00e9riences \u00e0 la C\u00f4te d&#039;Azur I Visitez la C\u00f4te d&#039;Azur\" \/>\n<meta property=\"og:description\" content=\"Les visites guid\u00e9es sont un excellent moyen d&#039;apprendre tous les faits importants sur la ville que vous visitez et tous les points d&#039;int\u00e9r\u00eat \u00e0 voir.\" \/>\n<meta property=\"og:url\" content=\"https:\/\/visitthefrenchriviera.com\/tours-experiences\/\" \/>\n<meta property=\"og:site_name\" content=\"Visitthefrenchriviera - C\u00f4te d&#039;Azur France\" \/>\n<meta property=\"article:modified_time\" content=\"2022-03-17T11:09:42+00:00\" \/>\n<meta property=\"og:image\" content=\"https:\/\/visitthefrenchriviera.com\/wp-content\/uploads\/2021\/04\/tours-and-experiences.jpg\" \/>\n\t<meta property=\"og:image:width\" content=\"1944\" \/>\n\t<meta property=\"og:image:height\" content=\"1095\" \/>\n\t<meta property=\"og:image:type\" content=\"image\/jpeg\" \/>\n<meta name=\"twitter:card\" content=\"summary_large_image\" \/>\n<meta name=\"twitter:label1\" content=\"Dur\u00e9e de lecture estim\u00e9e\" \/>\n\t<meta name=\"twitter:data1\" content=\"2 minutes\" \/>\n<!-- \/ Yoast SEO plugin. -->","yoast_head_json":{"title":"Tours et exp\u00e9riences \u00e0 la C\u00f4te d'Azur I Visitez la C\u00f4te d'Azur","description":"Les visites guid\u00e9es sont un excellent moyen d'apprendre tous les faits importants sur la ville que vous visitez et tous les points d'int\u00e9r\u00eat \u00e0 voir.","robots":{"index":"index","follow":"follow","max-snippet":"max-snippet:-1","max-image-preview":"max-image-preview:large","max-video-preview":"max-video-preview:-1"},"canonical":"https:\/\/visitthefrenchriviera.com\/tours-experiences\/","og_locale":"fr_FR","og_type":"article","og_title":"Tours et exp\u00e9riences \u00e0 la C\u00f4te d'Azur I Visitez la C\u00f4te d'Azur","og_description":"Les visites guid\u00e9es sont un excellent moyen d'apprendre tous les faits importants sur la ville que vous visitez et tous les points d'int\u00e9r\u00eat \u00e0 voir.","og_url":"https:\/\/visitthefrenchriviera.com\/tours-experiences\/","og_site_name":"Visitthefrenchriviera - C\u00f4te d&#039;Azur France","article_modified_time":"2022-03-17T11:09:42+00:00","og_image":[{"width":1944,"height":1095,"url":"https:\/\/visitthefrenchriviera.com\/wp-content\/uploads\/2021\/04\/tours-and-experiences.jpg","type":"image\/jpeg"}],"twitter_card":"summary_large_image","twitter_misc":{"Dur\u00e9e de lecture estim\u00e9e":"2 minutes"},"schema":{"@context":"https:\/\/schema.org","@graph":[{"@type":"WebPage","@id":"https:\/\/visitthefrenchriviera.com\/tours-experiences\/","url":"https:\/\/visitthefrenchriviera.com\/tours-experiences\/","name":"Tours et exp\u00e9riences \u00e0 la C\u00f4te d'Azur I Visitez la C\u00f4te d'Azur","isPartOf":{"@id":"https:\/\/visitthefrenchriviera.com\/#website"},"primaryImageOfPage":{"@id":"https:\/\/visitthefrenchriviera.com\/tours-experiences\/#primaryimage"},"image":{"@id":"https:\/\/visitthefrenchriviera.com\/tours-experiences\/#primaryimage"},"thumbnailUrl":"https:\/\/visitthefrenchriviera.com\/wp-content\/uploads\/2021\/04\/tours-and-experiences.jpg","datePublished":"2021-04-08T19:24:46+00:00","dateModified":"2022-03-17T11:09:42+00:00","description":"Les visites guid\u00e9es sont un excellent moyen d'apprendre tous les faits importants sur la ville que vous visitez et tous les points d'int\u00e9r\u00eat \u00e0 voir.","breadcrumb":{"@id":"https:\/\/visitthefrenchriviera.com\/tours-experiences\/#breadcrumb"},"inLanguage":"fr-FR","potentialAction":[{"@type":"ReadAction","target":["https:\/\/visitthefrenchriviera.com\/tours-experiences\/"]}]},{"@type":"ImageObject","inLanguage":"fr-FR","@id":"https:\/\/visitthefrenchriviera.com\/tours-experiences\/#primaryimage","url":"https:\/\/visitthefrenchriviera.com\/wp-content\/uploads\/2021\/04\/tours-and-experiences.jpg","contentUrl":"https:\/\/visitthefrenchriviera.com\/wp-content\/uploads\/2021\/04\/tours-and-experiences.jpg","width":1944,"height":1095,"caption":"Tours et exp\u00e9riences"},{"@type":"BreadcrumbList","@id":"https:\/\/visitthefrenchriviera.com\/tours-experiences\/#breadcrumb","itemListElement":[{"@type":"ListItem","position":1,"name":"Home","item":"https:\/\/visitthefrenchriviera.com\/"},{"@type":"ListItem","position":2,"name":"Tours et exp\u00e9riences"}]},{"@type":"WebSite","@id":"https:\/\/visitthefrenchriviera.com\/#website","url":"https:\/\/visitthefrenchriviera.com\/","name":"Visitthefrenchriviera - C\u00f4te d&#039;Azur France","description":"C\u00f4te d&#039;Azur Exclusives \u2013 Curated Experiences for the Discerning Explorer","potentialAction":[{"@type":"SearchAction","target":{"@type":"EntryPoint","urlTemplate":"https:\/\/visitthefrenchriviera.com\/?s={search_term_string}"},"query-input":{"@type":"PropertyValueSpecification","valueRequired":true,"valueName":"search_term_string"}}],"inLanguage":"fr-FR"}]}},"_links":{"self":[{"href":"https:\/\/visitthefrenchriviera.com\/fr\/wp-json\/wp\/v2\/pages\/9772","targetHints":{"allow":["GET"]}}],"collection":[{"href":"https:\/\/visitthefrenchriviera.com\/fr\/wp-json\/wp\/v2\/pages"}],"about":[{"href":"https:\/\/visitthefrenchriviera.com\/fr\/wp-json\/wp\/v2\/types\/page"}],"author":[{"embeddable":true,"href":"https:\/\/visitthefrenchriviera.com\/fr\/wp-json\/wp\/v2\/users\/3"}],"replies":[{"embeddable":true,"href":"https:\/\/visitthefrenchriviera.com\/fr\/wp-json\/wp\/v2\/comments?post=9772"}],"version-history":[{"count":1,"href":"https:\/\/visitthefrenchriviera.com\/fr\/wp-json\/wp\/v2\/pages\/9772\/revisions"}],"predecessor-version":[{"id":15461,"href":"https:\/\/visitthefrenchriviera.com\/fr\/wp-json\/wp\/v2\/pages\/9772\/revisions\/15461"}],"wp:featuredmedia":[{"embeddable":true,"href":"https:\/\/visitthefrenchriviera.com\/fr\/wp-json\/wp\/v2\/media\/10609"}],"wp:attachment":[{"href":"https:\/\/visitthefrenchriviera.com\/fr\/wp-json\/wp\/v2\/media?parent=9772"}],"curies":[{"name":"wp","href":"https:\/\/api.w.org\/{rel}","templated":true}]}}