{"id":9779,"date":"2021-04-08T19:36:11","date_gmt":"2021-04-08T19:36:11","guid":{"rendered":"https:\/\/visitthefrenchriviera.com\/devenir-partenaire\/"},"modified":"2021-04-24T11:22:56","modified_gmt":"2021-04-24T11:22:56","slug":"devenir-partenaire","status":"publish","type":"page","link":"https:\/\/visitthefrenchriviera.com\/fr\/devenir-partenaire\/","title":{"rendered":"Devenir partenaire"},"content":{"rendered":"<div class=\"wpb-content-wrapper\"><p>[vc_row full_width=&#8221;stretch_row_content_no_spaces&#8221; css=&#8221;.vc_custom_1617726083126{padding-top: 100px !important;padding-bottom: 100px !important;background-image: url(https:\/\/visitthefrenchriviera.com\/wp-content\/uploads\/2021\/04\/france.jpg?id=9332) !important;}&#8221; el_class=&#8221;text-center st-become-banner&#8221;][vc_column][vc_column_text]<\/p>\n<h1 style=\"text-align: center;\"><span style=\"color: #ffffff;\">Devenez partenaire de franchise et faites passer votre entreprise au niveau sup\u00e9rieur ?<\/span><\/h1>\n<h4 style=\"text-align: center;\"><span style=\"color: #ffffff;\">Vous aimez rencontrer de nouvelles personnes et cr\u00e9er ou d\u00e9velopper votre propre entreprise, rejoignez-nous<\/span><\/h4>\n<p>[\/vc_column_text][vc_column_text]<a class=\"signup btn btn-danger btn-lg\" style=\"display: none;\" data-toggle=\"modal\" data-target=\"#st-register-form\">Register Now<\/a><\/p>\n<p><a class=\"signup btn btn-danger btn-lg\" href=\"https:\/\/docs.google.com\/forms\/d\/1iAIpiWnmkwC0OE1gNtyRe7L_jGifWTH6dJrOp1AJuFM\/edit\" target=\"_blank\" rel=\"noopener noreferrer\">Register Now<\/a>[\/vc_column_text][\/vc_column][\/vc_row][vc_row][vc_column][vc_empty_space height=&#8221;45px&#8221;][vc_column_text]<\/p>\n<h2 style=\"text-align: center;\"><strong>Comment cela fonctionne-t-il ?<\/strong><\/h2>\n<p>[\/vc_column_text][vc_empty_space height=&#8221;10px&#8221;][\/vc_column][\/vc_row][vc_row el_class=&#8221;st-number-box&#8221;][vc_column width=&#8221;1\/3&#8243;][vc_row_inner][vc_column_inner width=&#8221;1\/4&#8243;][vc_column_text el_class=&#8221;st-number-circle&#8221;]1[\/vc_column_text][\/vc_column_inner][vc_column_inner width=&#8221;3\/4&#8243;][vc_column_text]<\/p>\n<h3>S&#8217;inscrire<\/h3>\n<p>Cliquez sur &#8220;s&#8217;inscrire&#8221;, remplissez le formulaire et ajoutez vos informations[\/vc_column_text][\/vc_column_inner][\/vc_row_inner][\/vc_column][vc_column width=&#8221;1\/3&#8243;][vc_row_inner][vc_column_inner width=&#8221;1\/4&#8243;][vc_column_text el_class=&#8221;st-number-circle&#8221;]2[\/vc_column_text][\/vc_column_inner][vc_column_inner width=&#8221;3\/4&#8243;][vc_column_text]<\/p>\n<h3>Appel en temps r\u00e9el<\/h3>\n<p>Nous vous recontacterons et organiserons un entretien t\u00e9l\u00e9phonique pour faire connaissance et vous pr\u00e9senter notre partenariat de franchise[\/vc_column_text][\/vc_column_inner][\/vc_row_inner][\/vc_column][vc_column width=&#8221;1\/3&#8243;][vc_row_inner][vc_column_inner width=&#8221;1\/4&#8243;][vc_column_text el_class=&#8221;st-number-circle&#8221;]3[\/vc_column_text][\/vc_column_inner][vc_column_inner width=&#8221;3\/4&#8243;][vc_column_text]<\/p>\n<h3>\u00c9tudes et analyses de march\u00e9<\/h3>\n<p>Nous \u00e9tudierons votre projet dans votre ville et \u00e9changerons sur les opportunit\u00e9s[\/vc_column_text][\/vc_column_inner][\/vc_row_inner][\/vc_column][\/vc_row][vc_row el_class=&#8221;st-become-feature-wrapper text-center&#8221;][vc_column][vc_empty_space height=&#8221;20px&#8221;]    <div class=\"st-video style-1 youtube-video not-play\"\r\n         style=\"background: #f1f1f1 url(https:\/\/visitthefrenchriviera.com\/wp-content\/uploads\/2021\/04\/banner-antibes.jpg) no-repeat center; \">\r\n        <div id=\"bgndVideo\" class=\"player\" data-property=\"{videoURL:'#',containment:'.youtube-video',autoPlay:true, showControls:false, showYTLogo: false, mute:false, startAt:0, opacity:1, useOnMobile: true}\"><\/div>\r\n        <div class=\"d-table\">\r\n            <div class=\"table-cell\">\r\n                <div class=\"caption\">\r\n                                            <div class=\"title-video\"><p>Riviera Bar Crawl &amp; Tours Business opportunity<\/p>\n<\/div>\r\n                                        <div class=\"st-play\">\r\n                        <a class=\"btn-play-video play\" href=\"#\"><i class=\"fa fa-play\"><\/i><i\r\n                                    class=\"fa fa-pause\"><\/i><\/a>\r\n                    <\/div>\r\n                <\/div>\r\n            <\/div>\r\n        <\/div>\r\n    <\/div>\r\n    [vc_empty_space height=&#8221;40px&#8221;][vc_column_text]<\/p>\n<h2 style=\"text-align: center;\"><strong>Pourquoi devenir un franchis\u00e9 de Riviera Bar Crawl &amp; Tours ?<\/strong><\/h2>\n<p>[\/vc_column_text][vc_empty_space height=&#8221;15px&#8221;][vc_row_inner equal_height=&#8221;yes&#8221; el_class=&#8221;st-become-feature text-center&#8221; css=&#8221;.vc_custom_1611486005850{margin-top: 10px !important;margin-bottom: 10px !important;}&#8221;][vc_column_inner el_class=&#8221;column1&#8243; width=&#8221;1\/3&#8243;][vc_column_text]<\/p>\n<h3>Marketing et publicit\u00e9 num\u00e9riques<\/h3>\n<p>[\/vc_column_text][vc_column_text]Comme le marketing et la publicit\u00e9 sont essentiels, nous fournissons un plan de marketing num\u00e9rique qui comprend la cr\u00e9ation d&#8217;une marque locale et des campagnes de promotion en mati\u00e8re de r\u00e9f\u00e9rencement. En outre, nous guidons les nouveaux franchis\u00e9s dans leurs initiatives de marketing local et r\u00e9gional.<\/p>\n<p>You\u2019ll be supplied with customised, professional marketing materials such as posters, brochures, banners, and many more.[\/vc_column_text][\/vc_column_inner][vc_column_inner width=&#8221;1\/3&#8243;][vc_column_text]<\/p>\n<h3>Formation<\/h3>\n<p>[\/vc_column_text][vc_column_text]Nous fournirons une formation sur tous les principaux aspects de l&#8217;entreprise. Le programme de formation est complet : syst\u00e8mes financiers et commerciaux, recrutement et gestion du personnel, cr\u00e9ation de votre r\u00e9seau local, etc.[\/vc_column_text][\/vc_column_inner][vc_column_inner width=&#8221;1\/3&#8243;][vc_column_text]<\/p>\n<h3>Soutien au si\u00e8ge social<\/h3>\n<p>[\/vc_column_text][vc_column_text]Nous avons mis en place un syst\u00e8me de soutien structur\u00e9. Un personnel sp\u00e9cifique et sp\u00e9cialis\u00e9 au sein du si\u00e8ge social prendra des contacts r\u00e9guliers avec vous en ce qui concerne le marketing, la technologie, la formation et bien d&#8217;autres choses encore qui sont n\u00e9cessaires. Ces r\u00e9unions ont lieu une fois par mois. En outre, vous pourrez contacter le si\u00e8ge social \u00e0 tout moment pour toute question.[\/vc_column_text][\/vc_column_inner][\/vc_row_inner][vc_row_inner equal_height=&#8221;yes&#8221; el_class=&#8221;st-become-feature text-center&#8221; css=&#8221;.vc_custom_1611485996885{margin-top: 10px !important;margin-bottom: 10px !important;}&#8221;][vc_column_inner el_class=&#8221;column1&#8243; width=&#8221;1\/3&#8243;][vc_column_text]<\/p>\n<h3>Exp\u00e9riences<\/h3>\n<p>[\/vc_column_text][vc_column_text]Nous avons 8 ans d&#8217;exp\u00e9rience dans ce domaine. Lorsque vous dirigez votre propre entreprise, vous la construisez \u00e0 partir de la base, et il y aura des \u00e9checs qui co\u00fbteront de l&#8217;argent, du temps, de l&#8217;\u00e9nergie et de la frustration. Avec une franchise, ces \u00e9cueils peuvent \u00eatre \u00e9vit\u00e9s et c&#8217;est moins risqu\u00e9 que de d\u00e9marrer une entreprise \u00e0 partir de z\u00e9ro.<\/p>\n<p>Nous avons mis en place un syst\u00e8me de soutien structur\u00e9. Un personnel sp\u00e9cifique et sp\u00e9cialis\u00e9 au sein du si\u00e8ge social prendra des contacts r\u00e9guliers avec vous en ce qui concerne le marketing, la technologie, la formation et bien d&#8217;autres choses encore qui sont n\u00e9cessaires. Ces r\u00e9unions ont lieu une fois par mois. En outre, vous pourrez contacter le si\u00e8ge social \u00e0 tout moment pour toute question.[\/vc_column_text][\/vc_column_inner][vc_column_inner width=&#8221;1\/3&#8243;][vc_column_text]<\/p>\n<h3>Soutien d&#8217;autres franchis\u00e9s<\/h3>\n<p>[\/vc_column_text][vc_column_text]Les franchis\u00e9s peuvent \u00e9galement s&#8217;entraider en permanence et les nouveaux franchis\u00e9s auront beaucoup \u00e0 apprendre des autres qui sont dans le syst\u00e8me depuis plus longtemps. Outre l&#8217;apprentissage par l&#8217;exp\u00e9rience, les franchis\u00e9s peuvent \u00e9galement \u00e9changer des id\u00e9es.[\/vc_column_text][\/vc_column_inner][vc_column_inner width=&#8221;1\/3&#8243;][vc_column_text]<\/p>\n<h3>Assistance permanente<\/h3>\n<p>[\/vc_column_text][vc_column_text]Dans le cadre d&#8217;un soutien continu, nous vous fournissons un manuel d&#8217;op\u00e9rations complet. Ce manuel d\u00e9crit en d\u00e9tail tous les aspects de la gestion de l&#8217;entreprise.[\/vc_column_text][\/vc_column_inner][\/vc_row_inner][vc_empty_space height=&#8221;15px&#8221;][vc_column_text]<a class=\"signup btn btn-danger btn-lg\" href=\"https:\/\/docs.google.com\/forms\/d\/1iAIpiWnmkwC0OE1gNtyRe7L_jGifWTH6dJrOp1AJuFM\/\" target=\"_blank\" rel=\"noopener noreferrer\">Register Now<\/a>[\/vc_column_text][\/vc_column][\/vc_row]<\/p>\n<\/div>","protected":false},"excerpt":{"rendered":"<p>[vc_row full_width=&#8221;stretch_row_content_no_spaces&#8221; css=&#8221;.vc_custom_1617726083126{padding-top: 100px !important;padding-bottom: 100px !important;background-image: url(https:\/\/visitthefrenchriviera.com\/wp-content\/uploads\/2021\/04\/france.jpg?id=9332) !important;}&#8221; el_class=&#8221;text-center st-become-banner&#8221;][vc_column][vc_column_text] Devenez partenaire de franchise et faites passer votre entreprise au niveau sup\u00e9rieur ? Vous aimez rencontrer de nouvelles personnes et cr\u00e9er ou d\u00e9velopper votre propre entreprise, rejoignez-nous [\/vc_column_text][vc_column_text]Register Now Register Now[\/vc_column_text][\/vc_column][\/vc_row][vc_row][vc_column][vc_empty_space height=&#8221;45px&#8221;][vc_column_text] Comment cela fonctionne-t-il ? [\/vc_column_text][vc_empty_space height=&#8221;10px&#8221;][\/vc_column][\/vc_row][vc_row el_class=&#8221;st-number-box&#8221;][vc_column width=&#8221;1\/3&#8243;][vc_row_inner][vc_column_inner width=&#8221;1\/4&#8243;][vc_column_text el_class=&#8221;st-number-circle&#8221;]1[\/vc_column_text][\/vc_column_inner][vc_column_inner width=&#8221;3\/4&#8243;][vc_column_text] S&#8217;inscrire [&hellip;]<\/p>\n","protected":false},"author":3,"featured_media":0,"parent":0,"menu_order":0,"comment_status":"closed","ping_status":"closed","template":"template-home-modern.php","meta":{"_acf_changed":false,"footnotes":""},"class_list":["post-9779","page","type-page","status-publish","has-post-thumbnail","hentry"],"acf":[],"yoast_head":"<!-- This site is optimized with the Yoast SEO plugin v26.1.1 - https:\/\/yoast.com\/wordpress\/plugins\/seo\/ -->\n<title>Devenir partenaire - Visitthefrenchriviera - C\u00f4te d&#039;Azur France<\/title>\n<meta name=\"robots\" content=\"index, follow, max-snippet:-1, max-image-preview:large, max-video-preview:-1\" \/>\n<link rel=\"canonical\" href=\"https:\/\/visitthefrenchriviera.com\/fr\/devenir-partenaire\/\" \/>\n<meta property=\"og:locale\" content=\"fr_FR\" \/>\n<meta property=\"og:type\" content=\"article\" \/>\n<meta property=\"og:title\" content=\"Devenir partenaire - Visitthefrenchriviera - C\u00f4te d&#039;Azur France\" \/>\n<meta property=\"og:description\" content=\"[vc_row full_width=&#8221;stretch_row_content_no_spaces&#8221; css=&#8221;.vc_custom_1617726083126{padding-top: 100px !important;padding-bottom: 100px !important;background-image: url(https:\/\/visitthefrenchriviera.com\/wp-content\/uploads\/2021\/04\/france.jpg?id=9332) !important;}&#8221; el_class=&#8221;text-center st-become-banner&#8221;][vc_column][vc_column_text] Devenez partenaire de franchise et faites passer votre entreprise au niveau sup\u00e9rieur ? Vous aimez rencontrer de nouvelles personnes et cr\u00e9er ou d\u00e9velopper votre propre entreprise, rejoignez-nous [\/vc_column_text][vc_column_text]Register Now Register Now[\/vc_column_text][\/vc_column][\/vc_row][vc_row][vc_column][vc_empty_space height=&#8221;45px&#8221;][vc_column_text] Comment cela fonctionne-t-il ? [\/vc_column_text][vc_empty_space height=&#8221;10px&#8221;][\/vc_column][\/vc_row][vc_row el_class=&#8221;st-number-box&#8221;][vc_column width=&#8221;1\/3&#8243;][vc_row_inner][vc_column_inner width=&#8221;1\/4&#8243;][vc_column_text el_class=&#8221;st-number-circle&#8221;]1[\/vc_column_text][\/vc_column_inner][vc_column_inner width=&#8221;3\/4&#8243;][vc_column_text] S&#8217;inscrire [&hellip;]\" \/>\n<meta property=\"og:url\" content=\"https:\/\/visitthefrenchriviera.com\/fr\/devenir-partenaire\/\" \/>\n<meta property=\"og:site_name\" content=\"Visitthefrenchriviera - C\u00f4te d&#039;Azur France\" \/>\n<meta property=\"article:modified_time\" content=\"2021-04-24T11:22:56+00:00\" \/>\n<meta name=\"twitter:card\" content=\"summary_large_image\" \/>\n<meta name=\"twitter:label1\" content=\"Dur\u00e9e de lecture estim\u00e9e\" \/>\n\t<meta name=\"twitter:data1\" content=\"3 minutes\" \/>\n<!-- \/ Yoast SEO plugin. -->","yoast_head_json":{"title":"Devenir partenaire - Visitthefrenchriviera - C\u00f4te d&#039;Azur France","robots":{"index":"index","follow":"follow","max-snippet":"max-snippet:-1","max-image-preview":"max-image-preview:large","max-video-preview":"max-video-preview:-1"},"canonical":"https:\/\/visitthefrenchriviera.com\/fr\/devenir-partenaire\/","og_locale":"fr_FR","og_type":"article","og_title":"Devenir partenaire - Visitthefrenchriviera - C\u00f4te d&#039;Azur France","og_description":"[vc_row full_width=&#8221;stretch_row_content_no_spaces&#8221; css=&#8221;.vc_custom_1617726083126{padding-top: 100px !important;padding-bottom: 100px !important;background-image: url(https:\/\/visitthefrenchriviera.com\/wp-content\/uploads\/2021\/04\/france.jpg?id=9332) !important;}&#8221; el_class=&#8221;text-center st-become-banner&#8221;][vc_column][vc_column_text] Devenez partenaire de franchise et faites passer votre entreprise au niveau sup\u00e9rieur ? Vous aimez rencontrer de nouvelles personnes et cr\u00e9er ou d\u00e9velopper votre propre entreprise, rejoignez-nous [\/vc_column_text][vc_column_text]Register Now Register Now[\/vc_column_text][\/vc_column][\/vc_row][vc_row][vc_column][vc_empty_space height=&#8221;45px&#8221;][vc_column_text] Comment cela fonctionne-t-il ? [\/vc_column_text][vc_empty_space height=&#8221;10px&#8221;][\/vc_column][\/vc_row][vc_row el_class=&#8221;st-number-box&#8221;][vc_column width=&#8221;1\/3&#8243;][vc_row_inner][vc_column_inner width=&#8221;1\/4&#8243;][vc_column_text el_class=&#8221;st-number-circle&#8221;]1[\/vc_column_text][\/vc_column_inner][vc_column_inner width=&#8221;3\/4&#8243;][vc_column_text] S&#8217;inscrire [&hellip;]","og_url":"https:\/\/visitthefrenchriviera.com\/fr\/devenir-partenaire\/","og_site_name":"Visitthefrenchriviera - C\u00f4te d&#039;Azur France","article_modified_time":"2021-04-24T11:22:56+00:00","twitter_card":"summary_large_image","twitter_misc":{"Dur\u00e9e de lecture estim\u00e9e":"3 minutes"},"schema":{"@context":"https:\/\/schema.org","@graph":[{"@type":"WebPage","@id":"https:\/\/visitthefrenchriviera.com\/fr\/devenir-partenaire\/","url":"https:\/\/visitthefrenchriviera.com\/fr\/devenir-partenaire\/","name":"Devenir partenaire - Visitthefrenchriviera - C\u00f4te d&#039;Azur France","isPartOf":{"@id":"https:\/\/visitthefrenchriviera.com\/#website"},"datePublished":"2021-04-08T19:36:11+00:00","dateModified":"2021-04-24T11:22:56+00:00","breadcrumb":{"@id":"https:\/\/visitthefrenchriviera.com\/fr\/devenir-partenaire\/#breadcrumb"},"inLanguage":"fr-FR","potentialAction":[{"@type":"ReadAction","target":["https:\/\/visitthefrenchriviera.com\/fr\/devenir-partenaire\/"]}]},{"@type":"BreadcrumbList","@id":"https:\/\/visitthefrenchriviera.com\/fr\/devenir-partenaire\/#breadcrumb","itemListElement":[{"@type":"ListItem","position":1,"name":"Home","item":"https:\/\/visitthefrenchriviera.com\/"},{"@type":"ListItem","position":2,"name":"Devenir partenaire"}]},{"@type":"WebSite","@id":"https:\/\/visitthefrenchriviera.com\/#website","url":"https:\/\/visitthefrenchriviera.com\/","name":"Visitthefrenchriviera - C\u00f4te d&#039;Azur France","description":"C\u00f4te d&#039;Azur Exclusives \u2013 Curated Experiences for the Discerning Explorer","potentialAction":[{"@type":"SearchAction","target":{"@type":"EntryPoint","urlTemplate":"https:\/\/visitthefrenchriviera.com\/?s={search_term_string}"},"query-input":{"@type":"PropertyValueSpecification","valueRequired":true,"valueName":"search_term_string"}}],"inLanguage":"fr-FR"}]}},"_links":{"self":[{"href":"https:\/\/visitthefrenchriviera.com\/fr\/wp-json\/wp\/v2\/pages\/9779","targetHints":{"allow":["GET"]}}],"collection":[{"href":"https:\/\/visitthefrenchriviera.com\/fr\/wp-json\/wp\/v2\/pages"}],"about":[{"href":"https:\/\/visitthefrenchriviera.com\/fr\/wp-json\/wp\/v2\/types\/page"}],"author":[{"embeddable":true,"href":"https:\/\/visitthefrenchriviera.com\/fr\/wp-json\/wp\/v2\/users\/3"}],"replies":[{"embeddable":true,"href":"https:\/\/visitthefrenchriviera.com\/fr\/wp-json\/wp\/v2\/comments?post=9779"}],"version-history":[{"count":3,"href":"https:\/\/visitthefrenchriviera.com\/fr\/wp-json\/wp\/v2\/pages\/9779\/revisions"}],"predecessor-version":[{"id":10802,"href":"https:\/\/visitthefrenchriviera.com\/fr\/wp-json\/wp\/v2\/pages\/9779\/revisions\/10802"}],"wp:attachment":[{"href":"https:\/\/visitthefrenchriviera.com\/fr\/wp-json\/wp\/v2\/media?parent=9779"}],"curies":[{"name":"wp","href":"https:\/\/api.w.org\/{rel}","templated":true}]}}