{"id":9785,"date":"2021-04-08T19:36:43","date_gmt":"2021-04-08T19:36:43","guid":{"rendered":"https:\/\/visitthefrenchriviera.com\/book-activities\/"},"modified":"2022-03-17T10:57:50","modified_gmt":"2022-03-17T10:57:50","slug":"book-activities","status":"publish","type":"page","link":"https:\/\/visitthefrenchriviera.com\/fr\/book-activities\/","title":{"rendered":"R\u00e9server vos activit\u00e9s"},"content":{"rendered":"<h2>Activit\u00e9s la C\u00f4te d&#8217;Azur<\/h2>\n<p>Il n&#8217;y a rien de tel que l&#8217;\u00e9t\u00e9 sur la C\u00f4te d&#8217;Azur. L&#8217;air marin, la sensation du soleil br\u00fblant sur votre peau et la douce odeur du jasmin qui embaume l&#8217;air. La plupart des gens d\u00e9cident de venir pour un long week-end et d&#8217;explorer une seule ville de la C\u00f4te d&#8217;Azur. Pourtant, la C\u00f4te d&#8217;Azur a bien plus \u00e0 offrir !<\/p>\n<p>Les destinations de vacances les plus embl\u00e9matiques sont situ\u00e9es \u00e0 proximit\u00e9 les unes des autres. Vous seriez donc bien b\u00eate de ne pas explorer plus que Nice ou Cannes. Les trains sont peu co\u00fbteux, fr\u00e9quents et d&#8217;assez bonne qualit\u00e9, ce qui fait que voyager sur la C\u00f4te d&#8217;Azur est facile et peu co\u00fbteux.<\/p>\n<p>Bien s\u00fbr, de nombreux visiteurs souhaitent simplement se d\u00e9tendre et profiter des journ\u00e9es \u00e0 la plage. Mais n&#8217;h\u00e9sitez pas \u00e0 faire des choix en fonction de vos centres d&#8217;int\u00e9r\u00eat. Vous pouvez vous installer dans n&#8217;importe quelle ville de la C\u00f4te d&#8217;Azur, de Nice \u00e0 Cannes en passant par Antibes, et utiliser votre temps de mani\u00e8re judicieuse en explorant les r\u00e9gions avoisinantes sur la magnifique c\u00f4te ou dans les montagnes !<\/p>\n<p>Voici donc une liste des attractions et activit\u00e9s incontournables de la C\u00f4te d&#8217;Azur !<\/p>\n<p>&nbsp;<\/p>\n","protected":false},"excerpt":{"rendered":"<p>Activit\u00e9s la C\u00f4te d&#8217;Azur Il n&#8217;y a rien de tel que l&#8217;\u00e9t\u00e9 sur la C\u00f4te d&#8217;Azur. L&#8217;air marin, la sensation du soleil br\u00fblant sur votre peau et la douce odeur du jasmin qui embaume l&#8217;air. La plupart des gens d\u00e9cident de venir pour un long week-end et d&#8217;explorer une seule ville de la C\u00f4te d&#8217;Azur. [&hellip;]<\/p>\n","protected":false},"author":3,"featured_media":11427,"parent":0,"menu_order":0,"comment_status":"closed","ping_status":"closed","template":"template-home-modern.php","meta":{"_acf_changed":false,"footnotes":""},"class_list":["post-9785","page","type-page","status-publish","has-post-thumbnail","hentry"],"acf":[],"yoast_head":"<!-- This site is optimized with the Yoast SEO plugin v26.1.1 - https:\/\/yoast.com\/wordpress\/plugins\/seo\/ -->\n<title>R\u00e9server vos activit\u00e9s \u00e0 la C\u00f4te d&#039;Azur I Visitez la C\u00f4te d&#039;Azur<\/title>\n<meta name=\"description\" content=\"Il n&#039;y a rien de tel que l&#039;\u00e9t\u00e9 sur la C\u00f4te d&#039;Azur. Voici une liste des meilleures activit\u00e9s \u00e0 r\u00e9server lors de votre visite sur la C\u00f4te d&#039;Azur.\" \/>\n<meta name=\"robots\" content=\"index, follow, max-snippet:-1, max-image-preview:large, max-video-preview:-1\" \/>\n<link rel=\"canonical\" href=\"https:\/\/visitthefrenchriviera.com\/book-activities\/\" \/>\n<meta property=\"og:locale\" content=\"fr_FR\" \/>\n<meta property=\"og:type\" content=\"article\" \/>\n<meta property=\"og:title\" content=\"R\u00e9server vos activit\u00e9s \u00e0 la C\u00f4te d&#039;Azur I Visitez la C\u00f4te d&#039;Azur\" \/>\n<meta property=\"og:description\" content=\"Il n&#039;y a rien de tel que l&#039;\u00e9t\u00e9 sur la C\u00f4te d&#039;Azur. Voici une liste des meilleures activit\u00e9s \u00e0 r\u00e9server lors de votre visite sur la C\u00f4te d&#039;Azur.\" \/>\n<meta property=\"og:url\" content=\"https:\/\/visitthefrenchriviera.com\/book-activities\/\" \/>\n<meta property=\"og:site_name\" content=\"Visitthefrenchriviera - C\u00f4te d&#039;Azur France\" \/>\n<meta property=\"article:modified_time\" content=\"2022-03-17T10:57:50+00:00\" \/>\n<meta name=\"twitter:card\" content=\"summary_large_image\" \/>\n<meta name=\"twitter:label1\" content=\"Dur\u00e9e de lecture estim\u00e9e\" \/>\n\t<meta name=\"twitter:data1\" content=\"1 minute\" \/>\n<!-- \/ Yoast SEO plugin. -->","yoast_head_json":{"title":"R\u00e9server vos activit\u00e9s \u00e0 la C\u00f4te d'Azur I Visitez la C\u00f4te d'Azur","description":"Il n'y a rien de tel que l'\u00e9t\u00e9 sur la C\u00f4te d'Azur. Voici une liste des meilleures activit\u00e9s \u00e0 r\u00e9server lors de votre visite sur la C\u00f4te d'Azur.","robots":{"index":"index","follow":"follow","max-snippet":"max-snippet:-1","max-image-preview":"max-image-preview:large","max-video-preview":"max-video-preview:-1"},"canonical":"https:\/\/visitthefrenchriviera.com\/book-activities\/","og_locale":"fr_FR","og_type":"article","og_title":"R\u00e9server vos activit\u00e9s \u00e0 la C\u00f4te d'Azur I Visitez la C\u00f4te d'Azur","og_description":"Il n'y a rien de tel que l'\u00e9t\u00e9 sur la C\u00f4te d'Azur. Voici une liste des meilleures activit\u00e9s \u00e0 r\u00e9server lors de votre visite sur la C\u00f4te d'Azur.","og_url":"https:\/\/visitthefrenchriviera.com\/book-activities\/","og_site_name":"Visitthefrenchriviera - C\u00f4te d&#039;Azur France","article_modified_time":"2022-03-17T10:57:50+00:00","twitter_card":"summary_large_image","twitter_misc":{"Dur\u00e9e de lecture estim\u00e9e":"1 minute"},"schema":{"@context":"https:\/\/schema.org","@graph":[{"@type":"WebPage","@id":"https:\/\/visitthefrenchriviera.com\/book-activities\/","url":"https:\/\/visitthefrenchriviera.com\/book-activities\/","name":"R\u00e9server vos activit\u00e9s \u00e0 la C\u00f4te d'Azur I Visitez la C\u00f4te d'Azur","isPartOf":{"@id":"https:\/\/visitthefrenchriviera.com\/#website"},"primaryImageOfPage":{"@id":"https:\/\/visitthefrenchriviera.com\/book-activities\/#primaryimage"},"image":{"@id":"https:\/\/visitthefrenchriviera.com\/book-activities\/#primaryimage"},"thumbnailUrl":"https:\/\/visitthefrenchriviera.com\/wp-content\/uploads\/2021\/05\/Book-Activities.jpg","datePublished":"2021-04-08T19:36:43+00:00","dateModified":"2022-03-17T10:57:50+00:00","description":"Il n'y a rien de tel que l'\u00e9t\u00e9 sur la C\u00f4te d'Azur. Voici une liste des meilleures activit\u00e9s \u00e0 r\u00e9server lors de votre visite sur la C\u00f4te d'Azur.","breadcrumb":{"@id":"https:\/\/visitthefrenchriviera.com\/book-activities\/#breadcrumb"},"inLanguage":"fr-FR","potentialAction":[{"@type":"ReadAction","target":["https:\/\/visitthefrenchriviera.com\/book-activities\/"]}]},{"@type":"ImageObject","inLanguage":"fr-FR","@id":"https:\/\/visitthefrenchriviera.com\/book-activities\/#primaryimage","url":"https:\/\/visitthefrenchriviera.com\/wp-content\/uploads\/2021\/05\/Book-Activities.jpg","contentUrl":"https:\/\/visitthefrenchriviera.com\/wp-content\/uploads\/2021\/05\/Book-Activities.jpg","width":1920,"height":1280,"caption":"R\u00e9server vos activit\u00e9s"},{"@type":"BreadcrumbList","@id":"https:\/\/visitthefrenchriviera.com\/book-activities\/#breadcrumb","itemListElement":[{"@type":"ListItem","position":1,"name":"Home","item":"https:\/\/visitthefrenchriviera.com\/"},{"@type":"ListItem","position":2,"name":"R\u00e9server vos activit\u00e9s"}]},{"@type":"WebSite","@id":"https:\/\/visitthefrenchriviera.com\/#website","url":"https:\/\/visitthefrenchriviera.com\/","name":"Visitthefrenchriviera - C\u00f4te d&#039;Azur France","description":"C\u00f4te d&#039;Azur Exclusives \u2013 Curated Experiences for the Discerning Explorer","potentialAction":[{"@type":"SearchAction","target":{"@type":"EntryPoint","urlTemplate":"https:\/\/visitthefrenchriviera.com\/?s={search_term_string}"},"query-input":{"@type":"PropertyValueSpecification","valueRequired":true,"valueName":"search_term_string"}}],"inLanguage":"fr-FR"}]}},"_links":{"self":[{"href":"https:\/\/visitthefrenchriviera.com\/fr\/wp-json\/wp\/v2\/pages\/9785","targetHints":{"allow":["GET"]}}],"collection":[{"href":"https:\/\/visitthefrenchriviera.com\/fr\/wp-json\/wp\/v2\/pages"}],"about":[{"href":"https:\/\/visitthefrenchriviera.com\/fr\/wp-json\/wp\/v2\/types\/page"}],"author":[{"embeddable":true,"href":"https:\/\/visitthefrenchriviera.com\/fr\/wp-json\/wp\/v2\/users\/3"}],"replies":[{"embeddable":true,"href":"https:\/\/visitthefrenchriviera.com\/fr\/wp-json\/wp\/v2\/comments?post=9785"}],"version-history":[{"count":2,"href":"https:\/\/visitthefrenchriviera.com\/fr\/wp-json\/wp\/v2\/pages\/9785\/revisions"}],"predecessor-version":[{"id":15446,"href":"https:\/\/visitthefrenchriviera.com\/fr\/wp-json\/wp\/v2\/pages\/9785\/revisions\/15446"}],"wp:featuredmedia":[{"embeddable":true,"href":"https:\/\/visitthefrenchriviera.com\/fr\/wp-json\/wp\/v2\/media\/11427"}],"wp:attachment":[{"href":"https:\/\/visitthefrenchriviera.com\/fr\/wp-json\/wp\/v2\/media?parent=9785"}],"curies":[{"name":"wp","href":"https:\/\/api.w.org\/{rel}","templated":true}]}}