{"id":9786,"date":"2021-04-08T19:37:16","date_gmt":"2021-04-08T19:37:16","guid":{"rendered":"https:\/\/visitthefrenchriviera.com\/reserver-un-vol\/"},"modified":"2022-03-17T10:58:18","modified_gmt":"2022-03-17T10:58:18","slug":"reserver-un-vol","status":"publish","type":"page","link":"https:\/\/visitthefrenchriviera.com\/fr\/reserver-un-vol\/","title":{"rendered":"R\u00e9server un vol"},"content":{"rendered":"<h2>R\u00e9server un vol la C\u00f4te d&#8217;Azur<\/h2>\n<p>L&#8217;a\u00e9roport de Nice s&#8217;appelle l&#8217;a\u00e9roport Nice C\u00f4te d&#8217;Azur. C&#8217;est le deuxi\u00e8me a\u00e9roport le plus fr\u00e9quent\u00e9 de France apr\u00e8s Paris avec pr\u00e8s de 15 millions de passagers par an. Les compagnies a\u00e9riennes relient Nice \u00e0 plus de 114 destinations dans 40 pays. L&#8217;a\u00e9roport de Nice C\u00f4te d&#8217;Azur est \u00e9galement le seul a\u00e9roport desservant toute la r\u00e9gion de la Riviera. Cependant, avec les fantastiques r\u00e9seaux de transport de la C\u00f4te d&#8217;Azur, se rendre n&#8217;importe o\u00f9 le long de la c\u00f4te ne pourrait pas \u00eatre plus facile !<\/p>\n<p>R\u00e9server des vols pour Nice n&#8217;est jamais un probl\u00e8me. Cependant, il est important de savoir que tous les a\u00e9roports n&#8217;ont pas de vol direct pour le sud de la France, et que vos options d&#8217;a\u00e9roport peuvent \u00eatre limit\u00e9es en fonction de la compagnie a\u00e9rienne avec laquelle vous pr\u00e9voyez de voler.<\/p>\n<p>Par exemple, Ryanair est la compagnie pr\u00e9f\u00e9r\u00e9e de tous les voyageurs qui esp\u00e8rent \u00e9conomiser un peu d&#8217;argent sur leurs billets d&#8217;avion. Et si Ryanair propose certainement les prix les plus abordables, ses vols pour Nice ne partent que de Dublin, Stuttgart et Londres Stansted. Donc, si vous \u00eates \u00e0 proximit\u00e9 de l&#8217;un de ces trois a\u00e9roports, c&#8217;est g\u00e9nial ! Sinon, vous devrez malheureusement essayer avec une autre compagnie a\u00e9rienne.<\/p>\n<p>EasyJet est une autre compagnie a\u00e9rienne assez populaire parmi les grands voyageurs. Elle n&#8217;est pas aussi bon march\u00e9 que Ryanair, mais elle propose des vols vers Nice au d\u00e9part de plus de 45 a\u00e9roports internationaux diff\u00e9rents. Ainsi, vous n&#8217;avez certainement pas \u00e0 vous inqui\u00e9ter d&#8217;\u00eatre limit\u00e9 dans vos options.<\/p>\n","protected":false},"excerpt":{"rendered":"<p>R\u00e9server un vol la C\u00f4te d&#8217;Azur L&#8217;a\u00e9roport de Nice s&#8217;appelle l&#8217;a\u00e9roport Nice C\u00f4te d&#8217;Azur. C&#8217;est le deuxi\u00e8me a\u00e9roport le plus fr\u00e9quent\u00e9 de France apr\u00e8s Paris avec pr\u00e8s de 15 millions de passagers par an. Les compagnies a\u00e9riennes relient Nice \u00e0 plus de 114 destinations dans 40 pays. L&#8217;a\u00e9roport de Nice C\u00f4te d&#8217;Azur est \u00e9galement le [&hellip;]<\/p>\n","protected":false},"author":3,"featured_media":10661,"parent":0,"menu_order":0,"comment_status":"closed","ping_status":"closed","template":"template-home-modern.php","meta":{"_acf_changed":false,"footnotes":""},"class_list":["post-9786","page","type-page","status-publish","has-post-thumbnail","hentry"],"acf":[],"yoast_head":"<!-- This site is optimized with the Yoast SEO plugin v26.1.1 - https:\/\/yoast.com\/wordpress\/plugins\/seo\/ -->\n<title>R\u00e9server un vol \u00e0 la C\u00f4te d&#039;Azur I Visitez la C\u00f4te d&#039;Azur<\/title>\n<meta name=\"description\" content=\"L&#039;a\u00e9roport de Nice s&#039;appelle l&#039;a\u00e9roport Nice C\u00f4te d&#039;Azur et c&#039;est le deuxi\u00e8me a\u00e9roport le plus fr\u00e9quent\u00e9 de France apr\u00e8s Paris.\" \/>\n<meta name=\"robots\" content=\"index, follow, max-snippet:-1, max-image-preview:large, max-video-preview:-1\" \/>\n<link rel=\"canonical\" href=\"https:\/\/visitthefrenchriviera.com\/book-flight\/\" \/>\n<meta property=\"og:locale\" content=\"fr_FR\" \/>\n<meta property=\"og:type\" content=\"article\" \/>\n<meta property=\"og:title\" content=\"R\u00e9server un vol \u00e0 la C\u00f4te d&#039;Azur I Visitez la C\u00f4te d&#039;Azur\" \/>\n<meta property=\"og:description\" content=\"L&#039;a\u00e9roport de Nice s&#039;appelle l&#039;a\u00e9roport Nice C\u00f4te d&#039;Azur et c&#039;est le deuxi\u00e8me a\u00e9roport le plus fr\u00e9quent\u00e9 de France apr\u00e8s Paris.\" \/>\n<meta property=\"og:url\" content=\"https:\/\/visitthefrenchriviera.com\/book-flight\/\" \/>\n<meta property=\"og:site_name\" content=\"Visitthefrenchriviera - C\u00f4te d&#039;Azur France\" \/>\n<meta property=\"article:modified_time\" content=\"2022-03-17T10:58:18+00:00\" \/>\n<meta name=\"twitter:card\" content=\"summary_large_image\" \/>\n<meta name=\"twitter:label1\" content=\"Dur\u00e9e de lecture estim\u00e9e\" \/>\n\t<meta name=\"twitter:data1\" content=\"1 minute\" \/>\n<!-- \/ Yoast SEO plugin. -->","yoast_head_json":{"title":"R\u00e9server un vol \u00e0 la C\u00f4te d'Azur I Visitez la C\u00f4te d'Azur","description":"L'a\u00e9roport de Nice s'appelle l'a\u00e9roport Nice C\u00f4te d'Azur et c'est le deuxi\u00e8me a\u00e9roport le plus fr\u00e9quent\u00e9 de France apr\u00e8s Paris.","robots":{"index":"index","follow":"follow","max-snippet":"max-snippet:-1","max-image-preview":"max-image-preview:large","max-video-preview":"max-video-preview:-1"},"canonical":"https:\/\/visitthefrenchriviera.com\/book-flight\/","og_locale":"fr_FR","og_type":"article","og_title":"R\u00e9server un vol \u00e0 la C\u00f4te d'Azur I Visitez la C\u00f4te d'Azur","og_description":"L'a\u00e9roport de Nice s'appelle l'a\u00e9roport Nice C\u00f4te d'Azur et c'est le deuxi\u00e8me a\u00e9roport le plus fr\u00e9quent\u00e9 de France apr\u00e8s Paris.","og_url":"https:\/\/visitthefrenchriviera.com\/book-flight\/","og_site_name":"Visitthefrenchriviera - C\u00f4te d&#039;Azur France","article_modified_time":"2022-03-17T10:58:18+00:00","twitter_card":"summary_large_image","twitter_misc":{"Dur\u00e9e de lecture estim\u00e9e":"1 minute"},"schema":{"@context":"https:\/\/schema.org","@graph":[{"@type":"WebPage","@id":"https:\/\/visitthefrenchriviera.com\/book-flight\/","url":"https:\/\/visitthefrenchriviera.com\/book-flight\/","name":"R\u00e9server un vol \u00e0 la C\u00f4te d'Azur I Visitez la C\u00f4te d'Azur","isPartOf":{"@id":"https:\/\/visitthefrenchriviera.com\/#website"},"primaryImageOfPage":{"@id":"https:\/\/visitthefrenchriviera.com\/book-flight\/#primaryimage"},"image":{"@id":"https:\/\/visitthefrenchriviera.com\/book-flight\/#primaryimage"},"thumbnailUrl":"https:\/\/visitthefrenchriviera.com\/wp-content\/uploads\/2021\/04\/book-flight.jpg","datePublished":"2021-04-08T19:37:16+00:00","dateModified":"2022-03-17T10:58:18+00:00","description":"L'a\u00e9roport de Nice s'appelle l'a\u00e9roport Nice C\u00f4te d'Azur et c'est le deuxi\u00e8me a\u00e9roport le plus fr\u00e9quent\u00e9 de France apr\u00e8s Paris.","breadcrumb":{"@id":"https:\/\/visitthefrenchriviera.com\/book-flight\/#breadcrumb"},"inLanguage":"fr-FR","potentialAction":[{"@type":"ReadAction","target":["https:\/\/visitthefrenchriviera.com\/book-flight\/"]}]},{"@type":"ImageObject","inLanguage":"fr-FR","@id":"https:\/\/visitthefrenchriviera.com\/book-flight\/#primaryimage","url":"https:\/\/visitthefrenchriviera.com\/wp-content\/uploads\/2021\/04\/book-flight.jpg","contentUrl":"https:\/\/visitthefrenchriviera.com\/wp-content\/uploads\/2021\/04\/book-flight.jpg","width":1920,"height":1280,"caption":"r\u00e9server un vol"},{"@type":"BreadcrumbList","@id":"https:\/\/visitthefrenchriviera.com\/book-flight\/#breadcrumb","itemListElement":[{"@type":"ListItem","position":1,"name":"Home","item":"https:\/\/visitthefrenchriviera.com\/"},{"@type":"ListItem","position":2,"name":"R\u00e9server un vol"}]},{"@type":"WebSite","@id":"https:\/\/visitthefrenchriviera.com\/#website","url":"https:\/\/visitthefrenchriviera.com\/","name":"Visitthefrenchriviera - C\u00f4te d&#039;Azur France","description":"C\u00f4te d&#039;Azur Exclusives \u2013 Curated Experiences for the Discerning Explorer","potentialAction":[{"@type":"SearchAction","target":{"@type":"EntryPoint","urlTemplate":"https:\/\/visitthefrenchriviera.com\/?s={search_term_string}"},"query-input":{"@type":"PropertyValueSpecification","valueRequired":true,"valueName":"search_term_string"}}],"inLanguage":"fr-FR"}]}},"_links":{"self":[{"href":"https:\/\/visitthefrenchriviera.com\/fr\/wp-json\/wp\/v2\/pages\/9786","targetHints":{"allow":["GET"]}}],"collection":[{"href":"https:\/\/visitthefrenchriviera.com\/fr\/wp-json\/wp\/v2\/pages"}],"about":[{"href":"https:\/\/visitthefrenchriviera.com\/fr\/wp-json\/wp\/v2\/types\/page"}],"author":[{"embeddable":true,"href":"https:\/\/visitthefrenchriviera.com\/fr\/wp-json\/wp\/v2\/users\/3"}],"replies":[{"embeddable":true,"href":"https:\/\/visitthefrenchriviera.com\/fr\/wp-json\/wp\/v2\/comments?post=9786"}],"version-history":[{"count":1,"href":"https:\/\/visitthefrenchriviera.com\/fr\/wp-json\/wp\/v2\/pages\/9786\/revisions"}],"predecessor-version":[{"id":15447,"href":"https:\/\/visitthefrenchriviera.com\/fr\/wp-json\/wp\/v2\/pages\/9786\/revisions\/15447"}],"wp:featuredmedia":[{"embeddable":true,"href":"https:\/\/visitthefrenchriviera.com\/fr\/wp-json\/wp\/v2\/media\/10661"}],"wp:attachment":[{"href":"https:\/\/visitthefrenchriviera.com\/fr\/wp-json\/wp\/v2\/media?parent=9786"}],"curies":[{"name":"wp","href":"https:\/\/api.w.org\/{rel}","templated":true}]}}