{"id":9788,"date":"2021-04-08T19:39:15","date_gmt":"2021-04-08T19:39:15","guid":{"rendered":"https:\/\/visitthefrenchriviera.com\/reserver-lhotel\/"},"modified":"2022-03-17T10:58:32","modified_gmt":"2022-03-17T10:58:32","slug":"reserver-lhotel","status":"publish","type":"page","link":"https:\/\/visitthefrenchriviera.com\/fr\/reserver-lhotel\/","title":{"rendered":"R\u00e9server l&#8217;h\u00f4tel"},"content":{"rendered":"<h2>R\u00e9server l&#8217;h\u00f4tel la C\u00f4te d&#8217;Azur<\/h2>\n<p>When visiting the French Riviera, you shouldn\u2019t worry or stress about accommodation. The region is so big you can easily find a hotel to rent and still visit the nearby areas of the beautiful French coast.<\/p>\n<p>You should keep in mind that just like any other destination, there are 3 main seasons when it comes to renting, high season which takes place between June to September, mid \u2013 season around March to October and the low season which is usually between November and February.<\/p>\n<p>Prices are always higher during the high-season but you can always find a good deal of renting whether it is short-term or long-term.<\/p>\n<p>Nice is the capital of the French Riviera and you can easily find a hotel to rent in the capital and use it as your base while travelling and visiting the beautiful cities of the French Riviera.<\/p>\n<p>For your convenience, we have made a list of the best hotels you can book during your stay in the French Riviera!<\/p>\n","protected":false},"excerpt":{"rendered":"<p>R\u00e9server l&#8217;h\u00f4tel la C\u00f4te d&#8217;Azur When visiting the French Riviera, you shouldn\u2019t worry or stress about accommodation. The region is so big you can easily find a hotel to rent and still visit the nearby areas of the beautiful French coast. You should keep in mind that just like any other destination, there are 3 [&hellip;]<\/p>\n","protected":false},"author":3,"featured_media":11429,"parent":0,"menu_order":0,"comment_status":"closed","ping_status":"closed","template":"template-home-modern.php","meta":{"_acf_changed":false,"footnotes":""},"class_list":["post-9788","page","type-page","status-publish","has-post-thumbnail","hentry"],"acf":[],"yoast_head":"<!-- This site is optimized with the Yoast SEO plugin v26.1.1 - https:\/\/yoast.com\/wordpress\/plugins\/seo\/ -->\n<title>R\u00e9server l&#039;h\u00f4tel | Visitez la C\u00f4te d&#039;Azur<\/title>\n<meta name=\"description\" content=\"La r\u00e9gion de la C\u00f4te d&#039;Azur est si grande que vous pouvez facilement trouver un h\u00f4tel \u00e0 louer tout en visitant les r\u00e9gions voisines de la belle c\u00f4te fran\u00e7aise.\" \/>\n<meta name=\"robots\" content=\"index, follow, max-snippet:-1, max-image-preview:large, max-video-preview:-1\" \/>\n<link rel=\"canonical\" href=\"https:\/\/visitthefrenchriviera.com\/book-hotel\/\" \/>\n<meta property=\"og:locale\" content=\"fr_FR\" \/>\n<meta property=\"og:type\" content=\"article\" \/>\n<meta property=\"og:title\" content=\"R\u00e9server l&#039;h\u00f4tel | Visitez la C\u00f4te d&#039;Azur\" \/>\n<meta property=\"og:description\" content=\"La r\u00e9gion de la C\u00f4te d&#039;Azur est si grande que vous pouvez facilement trouver un h\u00f4tel \u00e0 louer tout en visitant les r\u00e9gions voisines de la belle c\u00f4te fran\u00e7aise.\" \/>\n<meta property=\"og:url\" content=\"https:\/\/visitthefrenchriviera.com\/book-hotel\/\" \/>\n<meta property=\"og:site_name\" content=\"Visitthefrenchriviera - C\u00f4te d&#039;Azur France\" \/>\n<meta property=\"article:modified_time\" content=\"2022-03-17T10:58:32+00:00\" \/>\n<meta name=\"twitter:card\" content=\"summary_large_image\" \/>\n<meta name=\"twitter:label1\" content=\"Dur\u00e9e de lecture estim\u00e9e\" \/>\n\t<meta name=\"twitter:data1\" content=\"1 minute\" \/>\n<!-- \/ Yoast SEO plugin. -->","yoast_head_json":{"title":"R\u00e9server l'h\u00f4tel | Visitez la C\u00f4te d'Azur","description":"La r\u00e9gion de la C\u00f4te d'Azur est si grande que vous pouvez facilement trouver un h\u00f4tel \u00e0 louer tout en visitant les r\u00e9gions voisines de la belle c\u00f4te fran\u00e7aise.","robots":{"index":"index","follow":"follow","max-snippet":"max-snippet:-1","max-image-preview":"max-image-preview:large","max-video-preview":"max-video-preview:-1"},"canonical":"https:\/\/visitthefrenchriviera.com\/book-hotel\/","og_locale":"fr_FR","og_type":"article","og_title":"R\u00e9server l'h\u00f4tel | Visitez la C\u00f4te d'Azur","og_description":"La r\u00e9gion de la C\u00f4te d'Azur est si grande que vous pouvez facilement trouver un h\u00f4tel \u00e0 louer tout en visitant les r\u00e9gions voisines de la belle c\u00f4te fran\u00e7aise.","og_url":"https:\/\/visitthefrenchriviera.com\/book-hotel\/","og_site_name":"Visitthefrenchriviera - C\u00f4te d&#039;Azur France","article_modified_time":"2022-03-17T10:58:32+00:00","twitter_card":"summary_large_image","twitter_misc":{"Dur\u00e9e de lecture estim\u00e9e":"1 minute"},"schema":{"@context":"https:\/\/schema.org","@graph":[{"@type":"WebPage","@id":"https:\/\/visitthefrenchriviera.com\/book-hotel\/","url":"https:\/\/visitthefrenchriviera.com\/book-hotel\/","name":"R\u00e9server l'h\u00f4tel | Visitez la C\u00f4te d'Azur","isPartOf":{"@id":"https:\/\/visitthefrenchriviera.com\/#website"},"primaryImageOfPage":{"@id":"https:\/\/visitthefrenchriviera.com\/book-hotel\/#primaryimage"},"image":{"@id":"https:\/\/visitthefrenchriviera.com\/book-hotel\/#primaryimage"},"thumbnailUrl":"https:\/\/visitthefrenchriviera.com\/wp-content\/uploads\/2021\/05\/book-hotel.jpg","datePublished":"2021-04-08T19:39:15+00:00","dateModified":"2022-03-17T10:58:32+00:00","description":"La r\u00e9gion de la C\u00f4te d'Azur est si grande que vous pouvez facilement trouver un h\u00f4tel \u00e0 louer tout en visitant les r\u00e9gions voisines de la belle c\u00f4te fran\u00e7aise.","breadcrumb":{"@id":"https:\/\/visitthefrenchriviera.com\/book-hotel\/#breadcrumb"},"inLanguage":"fr-FR","potentialAction":[{"@type":"ReadAction","target":["https:\/\/visitthefrenchriviera.com\/book-hotel\/"]}]},{"@type":"ImageObject","inLanguage":"fr-FR","@id":"https:\/\/visitthefrenchriviera.com\/book-hotel\/#primaryimage","url":"https:\/\/visitthefrenchriviera.com\/wp-content\/uploads\/2021\/05\/book-hotel.jpg","contentUrl":"https:\/\/visitthefrenchriviera.com\/wp-content\/uploads\/2021\/05\/book-hotel.jpg","width":1920,"height":1280,"caption":"R\u00e9server l'h\u00f4tel"},{"@type":"BreadcrumbList","@id":"https:\/\/visitthefrenchriviera.com\/book-hotel\/#breadcrumb","itemListElement":[{"@type":"ListItem","position":1,"name":"Home","item":"https:\/\/visitthefrenchriviera.com\/"},{"@type":"ListItem","position":2,"name":"R\u00e9server l&#8217;h\u00f4tel"}]},{"@type":"WebSite","@id":"https:\/\/visitthefrenchriviera.com\/#website","url":"https:\/\/visitthefrenchriviera.com\/","name":"Visitthefrenchriviera - C\u00f4te d&#039;Azur France","description":"C\u00f4te d&#039;Azur Exclusives \u2013 Curated Experiences for the Discerning Explorer","potentialAction":[{"@type":"SearchAction","target":{"@type":"EntryPoint","urlTemplate":"https:\/\/visitthefrenchriviera.com\/?s={search_term_string}"},"query-input":{"@type":"PropertyValueSpecification","valueRequired":true,"valueName":"search_term_string"}}],"inLanguage":"fr-FR"}]}},"_links":{"self":[{"href":"https:\/\/visitthefrenchriviera.com\/fr\/wp-json\/wp\/v2\/pages\/9788","targetHints":{"allow":["GET"]}}],"collection":[{"href":"https:\/\/visitthefrenchriviera.com\/fr\/wp-json\/wp\/v2\/pages"}],"about":[{"href":"https:\/\/visitthefrenchriviera.com\/fr\/wp-json\/wp\/v2\/types\/page"}],"author":[{"embeddable":true,"href":"https:\/\/visitthefrenchriviera.com\/fr\/wp-json\/wp\/v2\/users\/3"}],"replies":[{"embeddable":true,"href":"https:\/\/visitthefrenchriviera.com\/fr\/wp-json\/wp\/v2\/comments?post=9788"}],"version-history":[{"count":1,"href":"https:\/\/visitthefrenchriviera.com\/fr\/wp-json\/wp\/v2\/pages\/9788\/revisions"}],"predecessor-version":[{"id":15449,"href":"https:\/\/visitthefrenchriviera.com\/fr\/wp-json\/wp\/v2\/pages\/9788\/revisions\/15449"}],"wp:featuredmedia":[{"embeddable":true,"href":"https:\/\/visitthefrenchriviera.com\/fr\/wp-json\/wp\/v2\/media\/11429"}],"wp:attachment":[{"href":"https:\/\/visitthefrenchriviera.com\/fr\/wp-json\/wp\/v2\/media?parent=9788"}],"curies":[{"name":"wp","href":"https:\/\/api.w.org\/{rel}","templated":true}]}}