{"id":9789,"date":"2021-04-08T19:39:48","date_gmt":"2021-04-08T19:39:48","guid":{"rendered":"https:\/\/visitthefrenchriviera.com\/transport-de-livres\/"},"modified":"2022-03-17T10:52:29","modified_gmt":"2022-03-17T10:52:29","slug":"transport-de-livres","status":"publish","type":"page","link":"https:\/\/visitthefrenchriviera.com\/fr\/transport-de-livres\/","title":{"rendered":"R\u00e9server la transportation"},"content":{"rendered":"<h2>Transportation la C\u00f4te d&#8217;Azur<\/h2>\n<p>Les trains de la ligne <a href=\"https:\/\/www.sncf.com\/en\" target=\"_blank\" rel=\"noopener\">SNCF<\/a> sont le mode de transport le plus efficace sur la C\u00f4te d&#8217;Azur. Non seulement ils sont nettement plus rapides que les autres options, mais ils sont aussi relativement bon march\u00e9 ! De plus, les distributeurs de billets dans les gares sont simples \u00e0 utiliser, vous offrant m\u00eame la possibilit\u00e9 d&#8217;utiliser les machines dans diff\u00e9rentes langues afin de comprendre facilement les instructions. Mais attention ! Veillez toujours \u00e0 valider vos billets dans les petites machines jaunes avant de franchir les portes.<\/p>\n<p>Le r\u00e9seau Ligne d&#8217;Azur offre des services \u00e0 de nombreux bus de la C\u00f4te d&#8217;Azur ainsi qu&#8217;au tramway.<\/p>\n<p>Par exemple, \u00e0 Nice, il y a 3 lignes de tramway parmi lesquelles vous pouvez choisir : N1 qui passe par le centre ville, N2 qui offre une liaison de l&#8217;a\u00e9roport au port et N3 qui assure une liaison de l&#8217;a\u00e9roport \u00e0 Saint Isidore via le stade Allianz Riviera.<\/p>\n<p>Les bus sont toujours une bonne option car vous pouvez trouver un arr\u00eat de bus presque partout sur la C\u00f4te d&#8217;Azur et il y a aussi le choix du train qui peut vous d\u00e9poser m\u00eame aux fronti\u00e8res italiennes.<\/p>\n<p>Il y a aussi la possibilit\u00e9 de prendre un taxi, un uber, de louer une voiture ou m\u00eame de faire du covoiturage !<\/p>\n<p>Pour ceux qui veulent faire de l&#8217;exercice pendant leur visite de la C\u00f4te d&#8217;Azur, il y a aussi la possibilit\u00e9 de louer un v\u00e9lo avec V\u00e9lobleu.<\/p>\n","protected":false},"excerpt":{"rendered":"<p>Transportation la C\u00f4te d&#8217;Azur Les trains de la ligne SNCF sont le mode de transport le plus efficace sur la C\u00f4te d&#8217;Azur. Non seulement ils sont nettement plus rapides que les autres options, mais ils sont aussi relativement bon march\u00e9 ! De plus, les distributeurs de billets dans les gares sont simples \u00e0 utiliser, vous [&hellip;]<\/p>\n","protected":false},"author":3,"featured_media":10594,"parent":0,"menu_order":0,"comment_status":"closed","ping_status":"closed","template":"template-home-modern.php","meta":{"_acf_changed":false,"footnotes":""},"class_list":["post-9789","page","type-page","status-publish","has-post-thumbnail","hentry"],"acf":[],"yoast_head":"<!-- This site is optimized with the Yoast SEO plugin v26.1.1 - https:\/\/yoast.com\/wordpress\/plugins\/seo\/ -->\n<title>R\u00e9server la transportation \u00e0 la C\u00f4te d&#039;Azur I Visitez la C\u00f4te d&#039;Azure<\/title>\n<meta name=\"description\" content=\"Les trains de la ligne SNCF sont le mode de transport le plus efficace sur la C\u00f4te d&#039;Azur. Ils sont plus rapides et moins chers que les autres options !\" \/>\n<meta name=\"robots\" content=\"index, follow, max-snippet:-1, max-image-preview:large, max-video-preview:-1\" \/>\n<link rel=\"canonical\" href=\"https:\/\/visitthefrenchriviera.com\/book-transportation\/\" \/>\n<meta property=\"og:locale\" content=\"fr_FR\" \/>\n<meta property=\"og:type\" content=\"article\" \/>\n<meta property=\"og:title\" content=\"R\u00e9server la transportation \u00e0 la C\u00f4te d&#039;Azur I Visitez la C\u00f4te d&#039;Azure\" \/>\n<meta property=\"og:description\" content=\"Les trains de la ligne SNCF sont le mode de transport le plus efficace sur la C\u00f4te d&#039;Azur. Ils sont plus rapides et moins chers que les autres options !\" \/>\n<meta property=\"og:url\" content=\"https:\/\/visitthefrenchriviera.com\/book-transportation\/\" \/>\n<meta property=\"og:site_name\" content=\"Visitthefrenchriviera - C\u00f4te d&#039;Azur France\" \/>\n<meta property=\"article:modified_time\" content=\"2022-03-17T10:52:29+00:00\" \/>\n<meta name=\"twitter:card\" content=\"summary_large_image\" \/>\n<meta name=\"twitter:label1\" content=\"Dur\u00e9e de lecture estim\u00e9e\" \/>\n\t<meta name=\"twitter:data1\" content=\"1 minute\" \/>\n<!-- \/ Yoast SEO plugin. -->","yoast_head_json":{"title":"R\u00e9server la transportation \u00e0 la C\u00f4te d'Azur I Visitez la C\u00f4te d'Azure","description":"Les trains de la ligne SNCF sont le mode de transport le plus efficace sur la C\u00f4te d'Azur. Ils sont plus rapides et moins chers que les autres options !","robots":{"index":"index","follow":"follow","max-snippet":"max-snippet:-1","max-image-preview":"max-image-preview:large","max-video-preview":"max-video-preview:-1"},"canonical":"https:\/\/visitthefrenchriviera.com\/book-transportation\/","og_locale":"fr_FR","og_type":"article","og_title":"R\u00e9server la transportation \u00e0 la C\u00f4te d'Azur I Visitez la C\u00f4te d'Azure","og_description":"Les trains de la ligne SNCF sont le mode de transport le plus efficace sur la C\u00f4te d'Azur. Ils sont plus rapides et moins chers que les autres options !","og_url":"https:\/\/visitthefrenchriviera.com\/book-transportation\/","og_site_name":"Visitthefrenchriviera - C\u00f4te d&#039;Azur France","article_modified_time":"2022-03-17T10:52:29+00:00","twitter_card":"summary_large_image","twitter_misc":{"Dur\u00e9e de lecture estim\u00e9e":"1 minute"},"schema":{"@context":"https:\/\/schema.org","@graph":[{"@type":"WebPage","@id":"https:\/\/visitthefrenchriviera.com\/book-transportation\/","url":"https:\/\/visitthefrenchriviera.com\/book-transportation\/","name":"R\u00e9server la transportation \u00e0 la C\u00f4te d'Azur I Visitez la C\u00f4te d'Azure","isPartOf":{"@id":"https:\/\/visitthefrenchriviera.com\/#website"},"primaryImageOfPage":{"@id":"https:\/\/visitthefrenchriviera.com\/book-transportation\/#primaryimage"},"image":{"@id":"https:\/\/visitthefrenchriviera.com\/book-transportation\/#primaryimage"},"thumbnailUrl":"https:\/\/visitthefrenchriviera.com\/wp-content\/uploads\/2021\/04\/book-transportation.jpg","datePublished":"2021-04-08T19:39:48+00:00","dateModified":"2022-03-17T10:52:29+00:00","description":"Les trains de la ligne SNCF sont le mode de transport le plus efficace sur la C\u00f4te d'Azur. Ils sont plus rapides et moins chers que les autres options !","breadcrumb":{"@id":"https:\/\/visitthefrenchriviera.com\/book-transportation\/#breadcrumb"},"inLanguage":"fr-FR","potentialAction":[{"@type":"ReadAction","target":["https:\/\/visitthefrenchriviera.com\/book-transportation\/"]}]},{"@type":"ImageObject","inLanguage":"fr-FR","@id":"https:\/\/visitthefrenchriviera.com\/book-transportation\/#primaryimage","url":"https:\/\/visitthefrenchriviera.com\/wp-content\/uploads\/2021\/04\/book-transportation.jpg","contentUrl":"https:\/\/visitthefrenchriviera.com\/wp-content\/uploads\/2021\/04\/book-transportation.jpg","width":1080,"height":652,"caption":"r\u00e9server la transportation"},{"@type":"BreadcrumbList","@id":"https:\/\/visitthefrenchriviera.com\/book-transportation\/#breadcrumb","itemListElement":[{"@type":"ListItem","position":1,"name":"Home","item":"https:\/\/visitthefrenchriviera.com\/"},{"@type":"ListItem","position":2,"name":"R\u00e9server la transportation"}]},{"@type":"WebSite","@id":"https:\/\/visitthefrenchriviera.com\/#website","url":"https:\/\/visitthefrenchriviera.com\/","name":"Visitthefrenchriviera - C\u00f4te d&#039;Azur France","description":"C\u00f4te d&#039;Azur Exclusives \u2013 Curated Experiences for the Discerning Explorer","potentialAction":[{"@type":"SearchAction","target":{"@type":"EntryPoint","urlTemplate":"https:\/\/visitthefrenchriviera.com\/?s={search_term_string}"},"query-input":{"@type":"PropertyValueSpecification","valueRequired":true,"valueName":"search_term_string"}}],"inLanguage":"fr-FR"}]}},"_links":{"self":[{"href":"https:\/\/visitthefrenchriviera.com\/fr\/wp-json\/wp\/v2\/pages\/9789","targetHints":{"allow":["GET"]}}],"collection":[{"href":"https:\/\/visitthefrenchriviera.com\/fr\/wp-json\/wp\/v2\/pages"}],"about":[{"href":"https:\/\/visitthefrenchriviera.com\/fr\/wp-json\/wp\/v2\/types\/page"}],"author":[{"embeddable":true,"href":"https:\/\/visitthefrenchriviera.com\/fr\/wp-json\/wp\/v2\/users\/3"}],"replies":[{"embeddable":true,"href":"https:\/\/visitthefrenchriviera.com\/fr\/wp-json\/wp\/v2\/comments?post=9789"}],"version-history":[{"count":1,"href":"https:\/\/visitthefrenchriviera.com\/fr\/wp-json\/wp\/v2\/pages\/9789\/revisions"}],"predecessor-version":[{"id":15448,"href":"https:\/\/visitthefrenchriviera.com\/fr\/wp-json\/wp\/v2\/pages\/9789\/revisions\/15448"}],"wp:featuredmedia":[{"embeddable":true,"href":"https:\/\/visitthefrenchriviera.com\/fr\/wp-json\/wp\/v2\/media\/10594"}],"wp:attachment":[{"href":"https:\/\/visitthefrenchriviera.com\/fr\/wp-json\/wp\/v2\/media?parent=9789"}],"curies":[{"name":"wp","href":"https:\/\/api.w.org\/{rel}","templated":true}]}}