{"id":9794,"date":"2021-04-08T19:42:14","date_gmt":"2021-04-08T19:42:14","guid":{"rendered":"https:\/\/visitthefrenchriviera.com\/hotels\/"},"modified":"2022-06-23T16:35:42","modified_gmt":"2022-06-23T16:35:42","slug":"hotels","status":"publish","type":"page","link":"https:\/\/visitthefrenchriviera.com\/fr\/hotels\/","title":{"rendered":"H\u00f4tels"},"content":{"rendered":"<h2>H\u00f4tels C\u00f4te d&#8217;Azur<\/h2>\n<p>Lorsque vous visitez la C\u00f4te d&#8217;Azur, vous ne devez pas vous inqui\u00e9ter ni vous stresser au sujet de l&#8217;h\u00e9bergement. La r\u00e9gion est si grande que vous pouvez facilement trouver un h\u00f4tel \u00e0 louer tout en visitant les r\u00e9gions voisines de la magnifique c\u00f4te fran\u00e7aise.<\/p>\n<p>Vous devez garder \u00e0 l&#8217;esprit que, comme pour toute autre destination, il y a 3 saisons principales en ce qui concerne la location, la haute saison qui a lieu entre juin et septembre, la mi-saison autour de mars \u00e0 octobre et la basse saison qui est g\u00e9n\u00e9ralement entre novembre et f\u00e9vrier.<\/p>\n<p><ins class=\"bookingaff\" data-aid=\"2258159\" data-target_aid=\"2258159\" data-prod=\"nsb\" data-width=\"500\" data-height=\"330\" data-lang=\"fr\" data-currency=\"EUR\"><br \/>\n<!-- Anything inside will go away once widget is loaded. --><br \/>\n<a href=\"\/\/www.booking.com?aid=2258159\">Booking.com<\/a><br \/>\n<\/ins><br \/>\n<script type=\"text\/javascript\">\n    (function(d, sc, u) {\n      var s = d.createElement(sc), p = d.getElementsByTagName(sc)[0];\n      s.type = 'text\/javascript';\n      s.async = true;\n      s.src = u + '?v=' + (+new Date());\n      p.parentNode.insertBefore(s,p);\n      })(document, 'script', '\/\/cf.bstatic.com\/static\/affiliate_base\/js\/flexiproduct.js');\n<\/script><\/p>\n<p>Les prix sont toujours plus \u00e9lev\u00e9s pendant la haute saison, mais vous pouvez toujours trouver une bonne affaire de location, que ce soit \u00e0 court ou \u00e0 long terme.<\/p>\n<p>Nice est la capitale de la C\u00f4te d&#8217;Azur et vous pouvez facilement trouver un h\u00f4tel \u00e0 louer dans la capitale et l&#8217;utiliser comme base pour voyager et visiter les belles villes de la C\u00f4te d&#8217;Azur.<\/p>\n<p>Pour vous faciliter la t\u00e2che, nous avons dress\u00e9 une liste des meilleurs h\u00f4tels que vous pouvez r\u00e9server pendant votre s\u00e9jour sur la C\u00f4te d&#8217;Azur !<\/p>\n","protected":false},"excerpt":{"rendered":"<p>H\u00f4tels C\u00f4te d&#8217;Azur Lorsque vous visitez la C\u00f4te d&#8217;Azur, vous ne devez pas vous inqui\u00e9ter ni vous stresser au sujet de l&#8217;h\u00e9bergement. La r\u00e9gion est si grande que vous pouvez facilement trouver un h\u00f4tel \u00e0 louer tout en visitant les r\u00e9gions voisines de la magnifique c\u00f4te fran\u00e7aise. Vous devez garder \u00e0 l&#8217;esprit que, comme pour [&hellip;]<\/p>\n","protected":false},"author":3,"featured_media":12954,"parent":0,"menu_order":0,"comment_status":"closed","ping_status":"closed","template":"template-home-modern.php","meta":{"_acf_changed":false,"footnotes":""},"class_list":["post-9794","page","type-page","status-publish","has-post-thumbnail","hentry"],"acf":[],"yoast_head":"<!-- This site is optimized with the Yoast SEO plugin v26.1.1 - https:\/\/yoast.com\/wordpress\/plugins\/seo\/ -->\n<title>H\u00f4tels \u00e0 la C\u00f4te d&#039;Azur I Visitez la C\u00f4te d&#039;Azur<\/title>\n<meta name=\"description\" content=\"La r\u00e9gion est si grande que vous pouvez facilement trouver un h\u00f4tel \u00e0 louer tout en visitant les r\u00e9gions voisines de la belle c\u00f4te fran\u00e7aise.\" \/>\n<meta name=\"robots\" content=\"index, follow, max-snippet:-1, max-image-preview:large, max-video-preview:-1\" \/>\n<link rel=\"canonical\" href=\"https:\/\/visitthefrenchriviera.com\/fr\/hotels\/\" \/>\n<meta property=\"og:locale\" content=\"fr_FR\" \/>\n<meta property=\"og:type\" content=\"article\" \/>\n<meta property=\"og:title\" content=\"H\u00f4tels \u00e0 la C\u00f4te d&#039;Azur I Visitez la C\u00f4te d&#039;Azur\" \/>\n<meta property=\"og:description\" content=\"La r\u00e9gion est si grande que vous pouvez facilement trouver un h\u00f4tel \u00e0 louer tout en visitant les r\u00e9gions voisines de la belle c\u00f4te fran\u00e7aise.\" \/>\n<meta property=\"og:url\" content=\"https:\/\/visitthefrenchriviera.com\/fr\/hotels\/\" \/>\n<meta property=\"og:site_name\" content=\"Visitthefrenchriviera - C\u00f4te d&#039;Azur France\" \/>\n<meta property=\"article:modified_time\" content=\"2022-06-23T16:35:42+00:00\" \/>\n<meta property=\"og:image\" content=\"https:\/\/visitthefrenchriviera.com\/wp-content\/uploads\/2021\/06\/Hotel-les-Vergers-de-Saint-Paul.jpg\" \/>\n\t<meta property=\"og:image:width\" content=\"1280\" \/>\n\t<meta property=\"og:image:height\" content=\"861\" \/>\n\t<meta property=\"og:image:type\" content=\"image\/jpeg\" \/>\n<meta name=\"twitter:card\" content=\"summary_large_image\" \/>\n<meta name=\"twitter:label1\" content=\"Dur\u00e9e de lecture estim\u00e9e\" \/>\n\t<meta name=\"twitter:data1\" content=\"1 minute\" \/>\n<!-- \/ Yoast SEO plugin. -->","yoast_head_json":{"title":"H\u00f4tels \u00e0 la C\u00f4te d'Azur I Visitez la C\u00f4te d'Azur","description":"La r\u00e9gion est si grande que vous pouvez facilement trouver un h\u00f4tel \u00e0 louer tout en visitant les r\u00e9gions voisines de la belle c\u00f4te fran\u00e7aise.","robots":{"index":"index","follow":"follow","max-snippet":"max-snippet:-1","max-image-preview":"max-image-preview:large","max-video-preview":"max-video-preview:-1"},"canonical":"https:\/\/visitthefrenchriviera.com\/fr\/hotels\/","og_locale":"fr_FR","og_type":"article","og_title":"H\u00f4tels \u00e0 la C\u00f4te d'Azur I Visitez la C\u00f4te d'Azur","og_description":"La r\u00e9gion est si grande que vous pouvez facilement trouver un h\u00f4tel \u00e0 louer tout en visitant les r\u00e9gions voisines de la belle c\u00f4te fran\u00e7aise.","og_url":"https:\/\/visitthefrenchriviera.com\/fr\/hotels\/","og_site_name":"Visitthefrenchriviera - C\u00f4te d&#039;Azur France","article_modified_time":"2022-06-23T16:35:42+00:00","og_image":[{"width":1280,"height":861,"url":"https:\/\/visitthefrenchriviera.com\/wp-content\/uploads\/2021\/06\/Hotel-les-Vergers-de-Saint-Paul.jpg","type":"image\/jpeg"}],"twitter_card":"summary_large_image","twitter_misc":{"Dur\u00e9e de lecture estim\u00e9e":"1 minute"},"schema":{"@context":"https:\/\/schema.org","@graph":[{"@type":"WebPage","@id":"https:\/\/visitthefrenchriviera.com\/fr\/hotels\/","url":"https:\/\/visitthefrenchriviera.com\/fr\/hotels\/","name":"H\u00f4tels \u00e0 la C\u00f4te d'Azur I Visitez la C\u00f4te d'Azur","isPartOf":{"@id":"https:\/\/visitthefrenchriviera.com\/#website"},"primaryImageOfPage":{"@id":"https:\/\/visitthefrenchriviera.com\/fr\/hotels\/#primaryimage"},"image":{"@id":"https:\/\/visitthefrenchriviera.com\/fr\/hotels\/#primaryimage"},"thumbnailUrl":"https:\/\/visitthefrenchriviera.com\/wp-content\/uploads\/2021\/06\/Hotel-les-Vergers-de-Saint-Paul.jpg","datePublished":"2021-04-08T19:42:14+00:00","dateModified":"2022-06-23T16:35:42+00:00","description":"La r\u00e9gion est si grande que vous pouvez facilement trouver un h\u00f4tel \u00e0 louer tout en visitant les r\u00e9gions voisines de la belle c\u00f4te fran\u00e7aise.","breadcrumb":{"@id":"https:\/\/visitthefrenchriviera.com\/fr\/hotels\/#breadcrumb"},"inLanguage":"fr-FR","potentialAction":[{"@type":"ReadAction","target":["https:\/\/visitthefrenchriviera.com\/fr\/hotels\/"]}]},{"@type":"ImageObject","inLanguage":"fr-FR","@id":"https:\/\/visitthefrenchriviera.com\/fr\/hotels\/#primaryimage","url":"https:\/\/visitthefrenchriviera.com\/wp-content\/uploads\/2021\/06\/Hotel-les-Vergers-de-Saint-Paul.jpg","contentUrl":"https:\/\/visitthefrenchriviera.com\/wp-content\/uploads\/2021\/06\/Hotel-les-Vergers-de-Saint-Paul.jpg","width":1280,"height":861,"caption":"Hotel"},{"@type":"BreadcrumbList","@id":"https:\/\/visitthefrenchriviera.com\/fr\/hotels\/#breadcrumb","itemListElement":[{"@type":"ListItem","position":1,"name":"Home","item":"https:\/\/visitthefrenchriviera.com\/"},{"@type":"ListItem","position":2,"name":"H\u00f4tels"}]},{"@type":"WebSite","@id":"https:\/\/visitthefrenchriviera.com\/#website","url":"https:\/\/visitthefrenchriviera.com\/","name":"Visitthefrenchriviera - C\u00f4te d&#039;Azur France","description":"C\u00f4te d&#039;Azur Exclusives \u2013 Curated Experiences for the Discerning Explorer","potentialAction":[{"@type":"SearchAction","target":{"@type":"EntryPoint","urlTemplate":"https:\/\/visitthefrenchriviera.com\/?s={search_term_string}"},"query-input":{"@type":"PropertyValueSpecification","valueRequired":true,"valueName":"search_term_string"}}],"inLanguage":"fr-FR"}]}},"_links":{"self":[{"href":"https:\/\/visitthefrenchriviera.com\/fr\/wp-json\/wp\/v2\/pages\/9794","targetHints":{"allow":["GET"]}}],"collection":[{"href":"https:\/\/visitthefrenchriviera.com\/fr\/wp-json\/wp\/v2\/pages"}],"about":[{"href":"https:\/\/visitthefrenchriviera.com\/fr\/wp-json\/wp\/v2\/types\/page"}],"author":[{"embeddable":true,"href":"https:\/\/visitthefrenchriviera.com\/fr\/wp-json\/wp\/v2\/users\/3"}],"replies":[{"embeddable":true,"href":"https:\/\/visitthefrenchriviera.com\/fr\/wp-json\/wp\/v2\/comments?post=9794"}],"version-history":[{"count":3,"href":"https:\/\/visitthefrenchriviera.com\/fr\/wp-json\/wp\/v2\/pages\/9794\/revisions"}],"predecessor-version":[{"id":15835,"href":"https:\/\/visitthefrenchriviera.com\/fr\/wp-json\/wp\/v2\/pages\/9794\/revisions\/15835"}],"wp:featuredmedia":[{"embeddable":true,"href":"https:\/\/visitthefrenchriviera.com\/fr\/wp-json\/wp\/v2\/media\/12954"}],"wp:attachment":[{"href":"https:\/\/visitthefrenchriviera.com\/fr\/wp-json\/wp\/v2\/media?parent=9794"}],"curies":[{"name":"wp","href":"https:\/\/api.w.org\/{rel}","templated":true}]}}