{"id":9799,"date":"2021-04-08T19:44:26","date_gmt":"2021-04-08T19:44:26","guid":{"rendered":"https:\/\/visitthefrenchriviera.com\/contact\/"},"modified":"2022-03-17T10:31:42","modified_gmt":"2022-03-17T10:31:42","slug":"contact","status":"publish","type":"page","link":"https:\/\/visitthefrenchriviera.com\/fr\/contact\/","title":{"rendered":"Contact"},"content":{"rendered":"<div class=\"wpb-content-wrapper\"><p>[vc_row][vc_column][vc_empty_space height=&#8221;75px&#8221;][\/vc_column][\/vc_row][vc_row][vc_column width=&#8221;5\/12&#8243;][contact-form-7 id=&#8221;6&#8243;][vc_empty_space height=&#8221;25px&#8221;][\/vc_column][vc_column width=&#8221;2\/12&#8243;][\/vc_column][vc_column width=&#8221;5\/12&#8243; el_class=&#8221;blue-col&#8221;]<div class=\"st-contact-info\">\r\n    <div class=\"info-bg\">\r\n            <\/div>\r\n    <div class=\"info-content\">\r\n                <h3>WE\u2019D LOVE TO MEET YOU IN PERSON OR VIA THE WEB !<\/h3>\r\n                        <div class=\"sub\">\r\n            <\/p>\n<h3>Email<\/h3>\n<p>General\u00a0 : <a href=\"mailto:in**@*******************ra.com\" data-original-string=\"E08DTG9fifddBLjW3mx+XA==b3c44OfhcQ1d9qR6E0\/Swsb5QhBTD71mnoPj81bOTlisXI=\" title=\"This contact has been encoded by Anti-Spam by CleanTalk. Click to decode. To finish the decoding make sure that JavaScript is enabled in your browser.\"><span \n                data-original-string='0sQ\/60sjHs0OCD1ogKRiow==b3cakchgVKq5SpyXj\/CV5pi6F7obZ7D6KB4qN0eOgrT9qo='\n                class='apbct-email-encoder'\n                title='This contact has been encoded by Anti-Spam by CleanTalk. Click to decode. To finish the decoding make sure that JavaScript is enabled in your browser.'>in<span class=\"apbct-blur\">**<\/span>@<span class=\"apbct-blur\">*******************<\/span>ra.com<\/span><\/a>            <!--<p>Tell. + 00 222 444 33<\/p>\r\n            <p>Email. hello@yoursite.com<\/p>\r\n            <p class=\"address\">1355 Market St, Suite 900San, Francisco, CA 94103 United States<\/p>-->\r\n        <\/div>\r\n            <\/div>\r\n<\/div>[vc_empty_space height=&#8221;75px&#8221;][vc_column_text css=&#8221;.vc_custom_1618313219980{margin-top: 200px !important;}&#8221;]Si vous avez une question concernant l&#8217;une de nos visites guid\u00e9es ou l&#8217;une de nos tourn\u00e9es de bars, veuillez consulter notre section <a href=\"https:\/\/rivierabarcrawltours.com\/faq\/\" target=\"_blank\" rel=\"noopener\">FAQ<\/a> avant de nous envoyer un courriel.[\/vc_column_text]<a href=\"\/faq\/\" class=\"btn btn-default btn-normal \">FREQUENTLY ASKED QUESTIONS<\/a>[\/vc_column][\/vc_row]<\/p>\n<\/div>","protected":false},"excerpt":{"rendered":"<p>[vc_row][vc_column][vc_empty_space height=&#8221;75px&#8221;][\/vc_column][\/vc_row][vc_row][vc_column width=&#8221;5\/12&#8243;][contact-form-7 id=&#8221;6&#8243;][vc_empty_space height=&#8221;25px&#8221;][\/vc_column][vc_column width=&#8221;2\/12&#8243;][\/vc_column][vc_column width=&#8221;5\/12&#8243; el_class=&#8221;blue-col&#8221;][vc_empty_space height=&#8221;75px&#8221;][vc_column_text css=&#8221;.vc_custom_1618313219980{margin-top: 200px !important;}&#8221;]Si vous avez une question concernant l&#8217;une de nos visites guid\u00e9es ou l&#8217;une de nos tourn\u00e9es de bars, veuillez consulter notre section FAQ avant de nous envoyer un courriel.[\/vc_column_text][\/vc_column][\/vc_row]<\/p>\n","protected":false},"author":3,"featured_media":10439,"parent":0,"menu_order":0,"comment_status":"closed","ping_status":"closed","template":"template-home-modern.php","meta":{"_acf_changed":false,"footnotes":""},"class_list":["post-9799","page","type-page","status-publish","has-post-thumbnail","hentry"],"acf":[],"yoast_head":"<!-- This site is optimized with the Yoast SEO plugin v26.1.1 - https:\/\/yoast.com\/wordpress\/plugins\/seo\/ -->\n<title>Contact - Visitthefrenchriviera - C\u00f4te d&#039;Azur France<\/title>\n<meta name=\"description\" content=\"Contacte Visite C\u00f4te d&#039;Azur site officiel I Destination C\u00f4te d&#039;Azur I Informations de Voyage C\u00f4te d&#039;Azur\" \/>\n<meta name=\"robots\" content=\"index, follow, max-snippet:-1, max-image-preview:large, max-video-preview:-1\" \/>\n<link rel=\"canonical\" href=\"https:\/\/visitthefrenchriviera.com\/contact\/\" \/>\n<meta property=\"og:locale\" content=\"fr_FR\" \/>\n<meta property=\"og:type\" content=\"article\" \/>\n<meta property=\"og:title\" content=\"Contact - Visitthefrenchriviera - C\u00f4te d&#039;Azur France\" \/>\n<meta property=\"og:description\" content=\"Contacte Visite C\u00f4te d&#039;Azur site officiel I Destination C\u00f4te d&#039;Azur I Informations de Voyage C\u00f4te d&#039;Azur\" \/>\n<meta property=\"og:url\" content=\"https:\/\/visitthefrenchriviera.com\/contact\/\" \/>\n<meta property=\"og:site_name\" content=\"Visitthefrenchriviera - C\u00f4te d&#039;Azur France\" \/>\n<meta property=\"article:modified_time\" content=\"2022-03-17T10:31:42+00:00\" \/>\n<meta name=\"twitter:card\" content=\"summary_large_image\" \/>\n<meta name=\"twitter:label1\" content=\"Dur\u00e9e de lecture estim\u00e9e\" \/>\n\t<meta name=\"twitter:data1\" content=\"1 minute\" \/>\n<!-- \/ Yoast SEO plugin. -->","yoast_head_json":{"title":"Contact - Visitthefrenchriviera - C\u00f4te d&#039;Azur France","description":"Contacte Visite C\u00f4te d'Azur site officiel I Destination C\u00f4te d'Azur I Informations de Voyage C\u00f4te d'Azur","robots":{"index":"index","follow":"follow","max-snippet":"max-snippet:-1","max-image-preview":"max-image-preview:large","max-video-preview":"max-video-preview:-1"},"canonical":"https:\/\/visitthefrenchriviera.com\/contact\/","og_locale":"fr_FR","og_type":"article","og_title":"Contact - Visitthefrenchriviera - C\u00f4te d&#039;Azur France","og_description":"Contacte Visite C\u00f4te d'Azur site officiel I Destination C\u00f4te d'Azur I Informations de Voyage C\u00f4te d'Azur","og_url":"https:\/\/visitthefrenchriviera.com\/contact\/","og_site_name":"Visitthefrenchriviera - C\u00f4te d&#039;Azur France","article_modified_time":"2022-03-17T10:31:42+00:00","twitter_card":"summary_large_image","twitter_misc":{"Dur\u00e9e de lecture estim\u00e9e":"1 minute"},"schema":{"@context":"https:\/\/schema.org","@graph":[{"@type":"WebPage","@id":"https:\/\/visitthefrenchriviera.com\/contact\/","url":"https:\/\/visitthefrenchriviera.com\/contact\/","name":"Contact - Visitthefrenchriviera - C\u00f4te d&#039;Azur France","isPartOf":{"@id":"https:\/\/visitthefrenchriviera.com\/#website"},"primaryImageOfPage":{"@id":"https:\/\/visitthefrenchriviera.com\/contact\/#primaryimage"},"image":{"@id":"https:\/\/visitthefrenchriviera.com\/contact\/#primaryimage"},"thumbnailUrl":"https:\/\/visitthefrenchriviera.com\/wp-content\/uploads\/2021\/04\/visiter-la-cote-dazur.jpg","datePublished":"2021-04-08T19:44:26+00:00","dateModified":"2022-03-17T10:31:42+00:00","description":"Contacte Visite C\u00f4te d'Azur site officiel I Destination C\u00f4te d'Azur I Informations de Voyage C\u00f4te d'Azur","breadcrumb":{"@id":"https:\/\/visitthefrenchriviera.com\/contact\/#breadcrumb"},"inLanguage":"fr-FR","potentialAction":[{"@type":"ReadAction","target":["https:\/\/visitthefrenchriviera.com\/contact\/"]}]},{"@type":"ImageObject","inLanguage":"fr-FR","@id":"https:\/\/visitthefrenchriviera.com\/contact\/#primaryimage","url":"https:\/\/visitthefrenchriviera.com\/wp-content\/uploads\/2021\/04\/visiter-la-cote-dazur.jpg","contentUrl":"https:\/\/visitthefrenchriviera.com\/wp-content\/uploads\/2021\/04\/visiter-la-cote-dazur.jpg","width":1920,"height":841,"caption":"visiter la c\u00f4te d'azur"},{"@type":"BreadcrumbList","@id":"https:\/\/visitthefrenchriviera.com\/contact\/#breadcrumb","itemListElement":[{"@type":"ListItem","position":1,"name":"Home","item":"https:\/\/visitthefrenchriviera.com\/"},{"@type":"ListItem","position":2,"name":"Contact"}]},{"@type":"WebSite","@id":"https:\/\/visitthefrenchriviera.com\/#website","url":"https:\/\/visitthefrenchriviera.com\/","name":"Visitthefrenchriviera - C\u00f4te d&#039;Azur France","description":"C\u00f4te d&#039;Azur Exclusives \u2013 Curated Experiences for the Discerning Explorer","potentialAction":[{"@type":"SearchAction","target":{"@type":"EntryPoint","urlTemplate":"https:\/\/visitthefrenchriviera.com\/?s={search_term_string}"},"query-input":{"@type":"PropertyValueSpecification","valueRequired":true,"valueName":"search_term_string"}}],"inLanguage":"fr-FR"}]}},"_links":{"self":[{"href":"https:\/\/visitthefrenchriviera.com\/fr\/wp-json\/wp\/v2\/pages\/9799","targetHints":{"allow":["GET"]}}],"collection":[{"href":"https:\/\/visitthefrenchriviera.com\/fr\/wp-json\/wp\/v2\/pages"}],"about":[{"href":"https:\/\/visitthefrenchriviera.com\/fr\/wp-json\/wp\/v2\/types\/page"}],"author":[{"embeddable":true,"href":"https:\/\/visitthefrenchriviera.com\/fr\/wp-json\/wp\/v2\/users\/3"}],"replies":[{"embeddable":true,"href":"https:\/\/visitthefrenchriviera.com\/fr\/wp-json\/wp\/v2\/comments?post=9799"}],"version-history":[{"count":4,"href":"https:\/\/visitthefrenchriviera.com\/fr\/wp-json\/wp\/v2\/pages\/9799\/revisions"}],"predecessor-version":[{"id":15442,"href":"https:\/\/visitthefrenchriviera.com\/fr\/wp-json\/wp\/v2\/pages\/9799\/revisions\/15442"}],"wp:featuredmedia":[{"embeddable":true,"href":"https:\/\/visitthefrenchriviera.com\/fr\/wp-json\/wp\/v2\/media\/10439"}],"wp:attachment":[{"href":"https:\/\/visitthefrenchriviera.com\/fr\/wp-json\/wp\/v2\/media?parent=9799"}],"curies":[{"name":"wp","href":"https:\/\/api.w.org\/{rel}","templated":true}]}}