{"id":9804,"date":"2021-04-08T19:45:26","date_gmt":"2021-04-08T19:45:26","guid":{"rendered":"https:\/\/visitthefrenchriviera.com\/louer-une-voiture\/"},"modified":"2022-03-17T11:10:47","modified_gmt":"2022-03-17T11:10:47","slug":"louer-une-voiture","status":"publish","type":"page","link":"https:\/\/visitthefrenchriviera.com\/fr\/louer-une-voiture\/","title":{"rendered":"Louer une voiture"},"content":{"rendered":"<h2>Louer une voiture sur la C\u00f4te d&#8217;Azur<\/h2>\n<p>Louer une voiture est un excellent moyen de d\u00e9couvrir de nombreuses attractions de la C\u00f4te d&#8217;Azur et d&#8217;autres r\u00e9gions de France. \u00c0 votre arriv\u00e9e \u00e0 l&#8217;a\u00e9roport de Nice C\u00f4te d&#8217;Azur, vous remarquerez plusieurs soci\u00e9t\u00e9s de location dans le hall d&#8217;arriv\u00e9e. La plupart des comptoirs de location de voitures se trouvent dans le Terminal 1, mais vous en trouverez \u00e9galement au Terminal 2.<\/p>\n<p>N&#8217;oubliez pas que les agences de location de voitures hors de l&#8217;a\u00e9roport de Nice sont g\u00e9n\u00e9ralement plus ch\u00e8res que celles de l&#8217;a\u00e9roport. Vous avez \u00e9galement la possibilit\u00e9 de louer une voiture \u00e0 Nice au moins 2 jours avant votre arriv\u00e9e et de b\u00e9n\u00e9ficier d&#8217;un prix inf\u00e9rieur \u00e0 la moyenne !<\/p>\n<p>Une voiture de location \u00e0 Nice peut co\u00fbter entre 35\u20ac et 48\u20ac. Quelques compagnies de location de voitures \u00e0 consid\u00e9rer peuvent \u00eatre Sixt, Ace,Europcarm, Budget, Hertz.<\/p>\n<p>Il est important de conna\u00eetre les bons prix pour chaque saison lorsque vous louez une voiture ou m\u00eame un appartement sur la C\u00f4te d&#8217;Azur. Comprendre les suppl\u00e9ments et rester au courant des changements de politique peut \u00eatre un d\u00e9fi et c&#8217;est pourquoi nous avons pr\u00e9par\u00e9 un guide concernant la location de voitures \u00e0 Nice et sur la C\u00f4te d&#8217;Azur pour vous aider \u00e0 faire le bon choix.<\/p>\n<p>Vous trouverez toutes les informations importantes n\u00e9cessaires \u00e0 la location d&#8217;une voiture, telles que les soci\u00e9t\u00e9s de location, les assurances de location de voitures, les frais suppl\u00e9mentaires et la mani\u00e8re de traiter avec une agence de location de voitures en g\u00e9n\u00e9ral.<\/p>\n","protected":false},"excerpt":{"rendered":"<p>Louer une voiture sur la C\u00f4te d&#8217;Azur Louer une voiture est un excellent moyen de d\u00e9couvrir de nombreuses attractions de la C\u00f4te d&#8217;Azur et d&#8217;autres r\u00e9gions de France. \u00c0 votre arriv\u00e9e \u00e0 l&#8217;a\u00e9roport de Nice C\u00f4te d&#8217;Azur, vous remarquerez plusieurs soci\u00e9t\u00e9s de location dans le hall d&#8217;arriv\u00e9e. La plupart des comptoirs de location de voitures [&hellip;]<\/p>\n","protected":false},"author":3,"featured_media":11462,"parent":0,"menu_order":0,"comment_status":"closed","ping_status":"closed","template":"template-home-modern.php","meta":{"_acf_changed":false,"footnotes":""},"class_list":["post-9804","page","type-page","status-publish","has-post-thumbnail","hentry"],"acf":[],"yoast_head":"<!-- This site is optimized with the Yoast SEO plugin v26.1.1 - https:\/\/yoast.com\/wordpress\/plugins\/seo\/ -->\n<title>Louer une voiture \u00e0 la C\u00f4te d&#039;Azur I Visitez la C\u00f4te d&#039;Azur<\/title>\n<meta name=\"description\" content=\"Louer une voiture est un excellent moyen de d\u00e9couvrir de nombreuses attractions sur la C\u00f4te d&#039;Azur et dans d&#039;autres r\u00e9gions de France.\" \/>\n<meta name=\"robots\" content=\"index, follow, max-snippet:-1, max-image-preview:large, max-video-preview:-1\" \/>\n<link rel=\"canonical\" href=\"https:\/\/visitthefrenchriviera.com\/rent-a-car\/\" \/>\n<meta property=\"og:locale\" content=\"fr_FR\" \/>\n<meta property=\"og:type\" content=\"article\" \/>\n<meta property=\"og:title\" content=\"Louer une voiture \u00e0 la C\u00f4te d&#039;Azur I Visitez la C\u00f4te d&#039;Azur\" \/>\n<meta property=\"og:description\" content=\"Louer une voiture est un excellent moyen de d\u00e9couvrir de nombreuses attractions sur la C\u00f4te d&#039;Azur et dans d&#039;autres r\u00e9gions de France.\" \/>\n<meta property=\"og:url\" content=\"https:\/\/visitthefrenchriviera.com\/rent-a-car\/\" \/>\n<meta property=\"og:site_name\" content=\"Visitthefrenchriviera - C\u00f4te d&#039;Azur France\" \/>\n<meta property=\"article:modified_time\" content=\"2022-03-17T11:10:47+00:00\" \/>\n<meta name=\"twitter:card\" content=\"summary_large_image\" \/>\n<meta name=\"twitter:label1\" content=\"Dur\u00e9e de lecture estim\u00e9e\" \/>\n\t<meta name=\"twitter:data1\" content=\"1 minute\" \/>\n<!-- \/ Yoast SEO plugin. -->","yoast_head_json":{"title":"Louer une voiture \u00e0 la C\u00f4te d'Azur I Visitez la C\u00f4te d'Azur","description":"Louer une voiture est un excellent moyen de d\u00e9couvrir de nombreuses attractions sur la C\u00f4te d'Azur et dans d'autres r\u00e9gions de France.","robots":{"index":"index","follow":"follow","max-snippet":"max-snippet:-1","max-image-preview":"max-image-preview:large","max-video-preview":"max-video-preview:-1"},"canonical":"https:\/\/visitthefrenchriviera.com\/rent-a-car\/","og_locale":"fr_FR","og_type":"article","og_title":"Louer une voiture \u00e0 la C\u00f4te d'Azur I Visitez la C\u00f4te d'Azur","og_description":"Louer une voiture est un excellent moyen de d\u00e9couvrir de nombreuses attractions sur la C\u00f4te d'Azur et dans d'autres r\u00e9gions de France.","og_url":"https:\/\/visitthefrenchriviera.com\/rent-a-car\/","og_site_name":"Visitthefrenchriviera - C\u00f4te d&#039;Azur France","article_modified_time":"2022-03-17T11:10:47+00:00","twitter_card":"summary_large_image","twitter_misc":{"Dur\u00e9e de lecture estim\u00e9e":"1 minute"},"schema":{"@context":"https:\/\/schema.org","@graph":[{"@type":"WebPage","@id":"https:\/\/visitthefrenchriviera.com\/rent-a-car\/","url":"https:\/\/visitthefrenchriviera.com\/rent-a-car\/","name":"Louer une voiture \u00e0 la C\u00f4te d'Azur I Visitez la C\u00f4te d'Azur","isPartOf":{"@id":"https:\/\/visitthefrenchriviera.com\/#website"},"primaryImageOfPage":{"@id":"https:\/\/visitthefrenchriviera.com\/rent-a-car\/#primaryimage"},"image":{"@id":"https:\/\/visitthefrenchriviera.com\/rent-a-car\/#primaryimage"},"thumbnailUrl":"https:\/\/visitthefrenchriviera.com\/wp-content\/uploads\/2021\/05\/rent-a-car.jpg","datePublished":"2021-04-08T19:45:26+00:00","dateModified":"2022-03-17T11:10:47+00:00","description":"Louer une voiture est un excellent moyen de d\u00e9couvrir de nombreuses attractions sur la C\u00f4te d'Azur et dans d'autres r\u00e9gions de France.","breadcrumb":{"@id":"https:\/\/visitthefrenchriviera.com\/rent-a-car\/#breadcrumb"},"inLanguage":"fr-FR","potentialAction":[{"@type":"ReadAction","target":["https:\/\/visitthefrenchriviera.com\/rent-a-car\/"]}]},{"@type":"ImageObject","inLanguage":"fr-FR","@id":"https:\/\/visitthefrenchriviera.com\/rent-a-car\/#primaryimage","url":"https:\/\/visitthefrenchriviera.com\/wp-content\/uploads\/2021\/05\/rent-a-car.jpg","contentUrl":"https:\/\/visitthefrenchriviera.com\/wp-content\/uploads\/2021\/05\/rent-a-car.jpg","width":1920,"height":1280,"caption":"Louer une voiture"},{"@type":"BreadcrumbList","@id":"https:\/\/visitthefrenchriviera.com\/rent-a-car\/#breadcrumb","itemListElement":[{"@type":"ListItem","position":1,"name":"Home","item":"https:\/\/visitthefrenchriviera.com\/"},{"@type":"ListItem","position":2,"name":"Louer une voiture"}]},{"@type":"WebSite","@id":"https:\/\/visitthefrenchriviera.com\/#website","url":"https:\/\/visitthefrenchriviera.com\/","name":"Visitthefrenchriviera - C\u00f4te d&#039;Azur France","description":"C\u00f4te d&#039;Azur Exclusives \u2013 Curated Experiences for the Discerning Explorer","potentialAction":[{"@type":"SearchAction","target":{"@type":"EntryPoint","urlTemplate":"https:\/\/visitthefrenchriviera.com\/?s={search_term_string}"},"query-input":{"@type":"PropertyValueSpecification","valueRequired":true,"valueName":"search_term_string"}}],"inLanguage":"fr-FR"}]}},"_links":{"self":[{"href":"https:\/\/visitthefrenchriviera.com\/fr\/wp-json\/wp\/v2\/pages\/9804","targetHints":{"allow":["GET"]}}],"collection":[{"href":"https:\/\/visitthefrenchriviera.com\/fr\/wp-json\/wp\/v2\/pages"}],"about":[{"href":"https:\/\/visitthefrenchriviera.com\/fr\/wp-json\/wp\/v2\/types\/page"}],"author":[{"embeddable":true,"href":"https:\/\/visitthefrenchriviera.com\/fr\/wp-json\/wp\/v2\/users\/3"}],"replies":[{"embeddable":true,"href":"https:\/\/visitthefrenchriviera.com\/fr\/wp-json\/wp\/v2\/comments?post=9804"}],"version-history":[{"count":1,"href":"https:\/\/visitthefrenchriviera.com\/fr\/wp-json\/wp\/v2\/pages\/9804\/revisions"}],"predecessor-version":[{"id":15462,"href":"https:\/\/visitthefrenchriviera.com\/fr\/wp-json\/wp\/v2\/pages\/9804\/revisions\/15462"}],"wp:featuredmedia":[{"embeddable":true,"href":"https:\/\/visitthefrenchriviera.com\/fr\/wp-json\/wp\/v2\/media\/11462"}],"wp:attachment":[{"href":"https:\/\/visitthefrenchriviera.com\/fr\/wp-json\/wp\/v2\/media?parent=9804"}],"curies":[{"name":"wp","href":"https:\/\/api.w.org\/{rel}","templated":true}]}}