{"id":9806,"date":"2021-04-08T19:46:19","date_gmt":"2021-04-08T19:46:19","guid":{"rendered":"https:\/\/visitthefrenchriviera.com\/locations-de-vacances\/"},"modified":"2022-03-17T11:14:34","modified_gmt":"2022-03-17T11:14:34","slug":"locations-de-vacances","status":"publish","type":"page","link":"https:\/\/visitthefrenchriviera.com\/fr\/locations-de-vacances\/","title":{"rendered":"Locations de vacances"},"content":{"rendered":"<h2>Locations de vacances sur la C\u00f4te d&#8217;Azur<\/h2>\n<p>Il existe une grande vari\u00e9t\u00e9 de locations de vacances sur la C\u00f4te d&#8217;Azur. Que vous cherchiez une location \u00e0 long terme ou \u00e0 court terme, il y a du choix pour tout le monde !<\/p>\n<p>Cependant, \u00e9tant donn\u00e9 qu&#8217;elle est situ\u00e9e sur la c\u00f4te fran\u00e7aise de la M\u00e9diterran\u00e9e, la C\u00f4te d&#8217;Azur est synonyme de luxe et bien s\u00fbr de douceur naturelle. Les prix peuvent varier en fonction de la saison des vacances et du type de location !<\/p>\n<p>Bien s\u00fbr, si vous souhaitez louer \u00e0 Monaco, Monte-Carlo, Saint-Tropez ou Cannes, vous devez vous attendre \u00e0 des prix plus \u00e9lev\u00e9s, mais il y a un large choix pour vous permettre de louer un endroit sans d\u00e9passer votre budget, tout en vous amusant et en cr\u00e9ant des souvenirs inoubliables !<\/p>\n","protected":false},"excerpt":{"rendered":"<p>Locations de vacances sur la C\u00f4te d&#8217;Azur Il existe une grande vari\u00e9t\u00e9 de locations de vacances sur la C\u00f4te d&#8217;Azur. Que vous cherchiez une location \u00e0 long terme ou \u00e0 court terme, il y a du choix pour tout le monde ! Cependant, \u00e9tant donn\u00e9 qu&#8217;elle est situ\u00e9e sur la c\u00f4te fran\u00e7aise de la M\u00e9diterran\u00e9e, [&hellip;]<\/p>\n","protected":false},"author":3,"featured_media":11421,"parent":0,"menu_order":0,"comment_status":"closed","ping_status":"closed","template":"template-home-modern.php","meta":{"_acf_changed":false,"footnotes":""},"class_list":["post-9806","page","type-page","status-publish","has-post-thumbnail","hentry"],"acf":[],"yoast_head":"<!-- This site is optimized with the Yoast SEO plugin v26.1.1 - https:\/\/yoast.com\/wordpress\/plugins\/seo\/ -->\n<title>Locations de vacances \u00e0 la C\u00f4te d&#039;Azur I Visitez la C\u00f4te d&#039;Azur<\/title>\n<meta name=\"description\" content=\"Il existe une grande vari\u00e9t\u00e9 de locations de vacances sur la C\u00f4te d&#039;Azur. Que vous cherchiez une location \u00e0 long terme ou \u00e0 court terme, il y a du choix pour tout le monde !\" \/>\n<meta name=\"robots\" content=\"index, follow, max-snippet:-1, max-image-preview:large, max-video-preview:-1\" \/>\n<link rel=\"canonical\" href=\"https:\/\/visitthefrenchriviera.com\/vacations-rentals\/\" \/>\n<meta property=\"og:locale\" content=\"fr_FR\" \/>\n<meta property=\"og:type\" content=\"article\" \/>\n<meta property=\"og:title\" content=\"Locations de vacances \u00e0 la C\u00f4te d&#039;Azur I Visitez la C\u00f4te d&#039;Azur\" \/>\n<meta property=\"og:description\" content=\"Il existe une grande vari\u00e9t\u00e9 de locations de vacances sur la C\u00f4te d&#039;Azur. Que vous cherchiez une location \u00e0 long terme ou \u00e0 court terme, il y a du choix pour tout le monde !\" \/>\n<meta property=\"og:url\" content=\"https:\/\/visitthefrenchriviera.com\/vacations-rentals\/\" \/>\n<meta property=\"og:site_name\" content=\"Visitthefrenchriviera - C\u00f4te d&#039;Azur France\" \/>\n<meta property=\"article:modified_time\" content=\"2022-03-17T11:14:34+00:00\" \/>\n<meta name=\"twitter:card\" content=\"summary_large_image\" \/>\n<meta name=\"twitter:label1\" content=\"Dur\u00e9e de lecture estim\u00e9e\" \/>\n\t<meta name=\"twitter:data1\" content=\"1 minute\" \/>\n<!-- \/ Yoast SEO plugin. -->","yoast_head_json":{"title":"Locations de vacances \u00e0 la C\u00f4te d'Azur I Visitez la C\u00f4te d'Azur","description":"Il existe une grande vari\u00e9t\u00e9 de locations de vacances sur la C\u00f4te d'Azur. Que vous cherchiez une location \u00e0 long terme ou \u00e0 court terme, il y a du choix pour tout le monde !","robots":{"index":"index","follow":"follow","max-snippet":"max-snippet:-1","max-image-preview":"max-image-preview:large","max-video-preview":"max-video-preview:-1"},"canonical":"https:\/\/visitthefrenchriviera.com\/vacations-rentals\/","og_locale":"fr_FR","og_type":"article","og_title":"Locations de vacances \u00e0 la C\u00f4te d'Azur I Visitez la C\u00f4te d'Azur","og_description":"Il existe une grande vari\u00e9t\u00e9 de locations de vacances sur la C\u00f4te d'Azur. Que vous cherchiez une location \u00e0 long terme ou \u00e0 court terme, il y a du choix pour tout le monde !","og_url":"https:\/\/visitthefrenchriviera.com\/vacations-rentals\/","og_site_name":"Visitthefrenchriviera - C\u00f4te d&#039;Azur France","article_modified_time":"2022-03-17T11:14:34+00:00","twitter_card":"summary_large_image","twitter_misc":{"Dur\u00e9e de lecture estim\u00e9e":"1 minute"},"schema":{"@context":"https:\/\/schema.org","@graph":[{"@type":"WebPage","@id":"https:\/\/visitthefrenchriviera.com\/vacations-rentals\/","url":"https:\/\/visitthefrenchriviera.com\/vacations-rentals\/","name":"Locations de vacances \u00e0 la C\u00f4te d'Azur I Visitez la C\u00f4te d'Azur","isPartOf":{"@id":"https:\/\/visitthefrenchriviera.com\/#website"},"primaryImageOfPage":{"@id":"https:\/\/visitthefrenchriviera.com\/vacations-rentals\/#primaryimage"},"image":{"@id":"https:\/\/visitthefrenchriviera.com\/vacations-rentals\/#primaryimage"},"thumbnailUrl":"https:\/\/visitthefrenchriviera.com\/wp-content\/uploads\/2021\/05\/Vacations-Rentals.jpg","datePublished":"2021-04-08T19:46:19+00:00","dateModified":"2022-03-17T11:14:34+00:00","description":"Il existe une grande vari\u00e9t\u00e9 de locations de vacances sur la C\u00f4te d'Azur. Que vous cherchiez une location \u00e0 long terme ou \u00e0 court terme, il y a du choix pour tout le monde !","breadcrumb":{"@id":"https:\/\/visitthefrenchriviera.com\/vacations-rentals\/#breadcrumb"},"inLanguage":"fr-FR","potentialAction":[{"@type":"ReadAction","target":["https:\/\/visitthefrenchriviera.com\/vacations-rentals\/"]}]},{"@type":"ImageObject","inLanguage":"fr-FR","@id":"https:\/\/visitthefrenchriviera.com\/vacations-rentals\/#primaryimage","url":"https:\/\/visitthefrenchriviera.com\/wp-content\/uploads\/2021\/05\/Vacations-Rentals.jpg","contentUrl":"https:\/\/visitthefrenchriviera.com\/wp-content\/uploads\/2021\/05\/Vacations-Rentals.jpg","width":1920,"height":1280,"caption":"Locations de vacances"},{"@type":"BreadcrumbList","@id":"https:\/\/visitthefrenchriviera.com\/vacations-rentals\/#breadcrumb","itemListElement":[{"@type":"ListItem","position":1,"name":"Home","item":"https:\/\/visitthefrenchriviera.com\/"},{"@type":"ListItem","position":2,"name":"Locations de vacances"}]},{"@type":"WebSite","@id":"https:\/\/visitthefrenchriviera.com\/#website","url":"https:\/\/visitthefrenchriviera.com\/","name":"Visitthefrenchriviera - C\u00f4te d&#039;Azur France","description":"C\u00f4te d&#039;Azur Exclusives \u2013 Curated Experiences for the Discerning Explorer","potentialAction":[{"@type":"SearchAction","target":{"@type":"EntryPoint","urlTemplate":"https:\/\/visitthefrenchriviera.com\/?s={search_term_string}"},"query-input":{"@type":"PropertyValueSpecification","valueRequired":true,"valueName":"search_term_string"}}],"inLanguage":"fr-FR"}]}},"_links":{"self":[{"href":"https:\/\/visitthefrenchriviera.com\/fr\/wp-json\/wp\/v2\/pages\/9806","targetHints":{"allow":["GET"]}}],"collection":[{"href":"https:\/\/visitthefrenchriviera.com\/fr\/wp-json\/wp\/v2\/pages"}],"about":[{"href":"https:\/\/visitthefrenchriviera.com\/fr\/wp-json\/wp\/v2\/types\/page"}],"author":[{"embeddable":true,"href":"https:\/\/visitthefrenchriviera.com\/fr\/wp-json\/wp\/v2\/users\/3"}],"replies":[{"embeddable":true,"href":"https:\/\/visitthefrenchriviera.com\/fr\/wp-json\/wp\/v2\/comments?post=9806"}],"version-history":[{"count":1,"href":"https:\/\/visitthefrenchriviera.com\/fr\/wp-json\/wp\/v2\/pages\/9806\/revisions"}],"predecessor-version":[{"id":15464,"href":"https:\/\/visitthefrenchriviera.com\/fr\/wp-json\/wp\/v2\/pages\/9806\/revisions\/15464"}],"wp:featuredmedia":[{"embeddable":true,"href":"https:\/\/visitthefrenchriviera.com\/fr\/wp-json\/wp\/v2\/media\/11421"}],"wp:attachment":[{"href":"https:\/\/visitthefrenchriviera.com\/fr\/wp-json\/wp\/v2\/media?parent=9806"}],"curies":[{"name":"wp","href":"https:\/\/api.w.org\/{rel}","templated":true}]}}