{"id":9857,"date":"2021-04-08T20:12:26","date_gmt":"2021-04-08T20:12:26","guid":{"rendered":"https:\/\/visitthefrenchriviera.com\/hebergement\/"},"modified":"2022-03-17T11:03:07","modified_gmt":"2022-03-17T11:03:07","slug":"hebergement","status":"publish","type":"page","link":"https:\/\/visitthefrenchriviera.com\/fr\/hebergement\/","title":{"rendered":"H\u00e9bergement"},"content":{"rendered":"<h2>H\u00e9bergement en C\u00f4te d&#8217;Azur<\/h2>\n<p>L&#8217;h\u00e9bergement ou le couch surfing est un excellent moyen de se connecter \u00e0 une communaut\u00e9 mondiale de voyageurs. L&#8217;id\u00e9e principale du couch surfing est d&#8217;accueillir des voyageurs pour un jour ou deux chez vous et de passer du temps ensemble. Par cons\u00e9quent, si vous pr\u00e9voyez un voyage aller-retour le long de la C\u00f4te d&#8217;Azur, vous devriez envisager le couch surfing !<\/p>\n<p>L&#8217;h\u00e9bergement peut convenir aux \u00e9tudiants qui souhaitent participer \u00e0 des programmes d&#8217;\u00e9change ou aux voyageurs qui veulent d\u00e9couvrir un peu de chaque ville et rencontrer des gens du monde entier.<\/p>\n<p>La r\u00e9gion de la C\u00f4te d&#8217;Azur est sans limite, il y a tellement de villes, de villages \u00e0 visiter et le couch surfing vous permettra de profiter au maximum de votre exp\u00e9rience en gardant bien s\u00fbr votre budget serr\u00e9.<\/p>\n<p>Alors, qu&#8217;attendez-vous ? Rendez-vous sur Couchsurfing.com, cr\u00e9ez votre compte et commencez \u00e0 rencontrer des gens !<\/p>\n","protected":false},"excerpt":{"rendered":"<p>H\u00e9bergement en C\u00f4te d&#8217;Azur L&#8217;h\u00e9bergement ou le couch surfing est un excellent moyen de se connecter \u00e0 une communaut\u00e9 mondiale de voyageurs. L&#8217;id\u00e9e principale du couch surfing est d&#8217;accueillir des voyageurs pour un jour ou deux chez vous et de passer du temps ensemble. Par cons\u00e9quent, si vous pr\u00e9voyez un voyage aller-retour le long de [&hellip;]<\/p>\n","protected":false},"author":3,"featured_media":10656,"parent":0,"menu_order":0,"comment_status":"closed","ping_status":"closed","template":"template-home-modern.php","meta":{"_acf_changed":false,"footnotes":""},"class_list":["post-9857","page","type-page","status-publish","has-post-thumbnail","hentry"],"acf":[],"yoast_head":"<!-- This site is optimized with the Yoast SEO plugin v26.1.1 - https:\/\/yoast.com\/wordpress\/plugins\/seo\/ -->\n<title>H\u00e9bergement sur la C\u00f4te d&#039;Azur | Visitez la C\u00f4te d&#039;Azur<\/title>\n<meta name=\"description\" content=\"Il existe un large choix de services d&#039;h\u00e9bergement tels que le couchsurfing qui est id\u00e9al pour rencontrer de nouvelles personnes lors de vos voyages sur la C\u00f4te d&#039;Azur.\" \/>\n<meta name=\"robots\" content=\"index, follow, max-snippet:-1, max-image-preview:large, max-video-preview:-1\" \/>\n<link rel=\"canonical\" href=\"https:\/\/visitthefrenchriviera.com\/hosting\/\" \/>\n<meta property=\"og:locale\" content=\"fr_FR\" \/>\n<meta property=\"og:type\" content=\"article\" \/>\n<meta property=\"og:title\" content=\"H\u00e9bergement sur la C\u00f4te d&#039;Azur | Visitez la C\u00f4te d&#039;Azur\" \/>\n<meta property=\"og:description\" content=\"Il existe un large choix de services d&#039;h\u00e9bergement tels que le couchsurfing qui est id\u00e9al pour rencontrer de nouvelles personnes lors de vos voyages sur la C\u00f4te d&#039;Azur.\" \/>\n<meta property=\"og:url\" content=\"https:\/\/visitthefrenchriviera.com\/hosting\/\" \/>\n<meta property=\"og:site_name\" content=\"Visitthefrenchriviera - C\u00f4te d&#039;Azur France\" \/>\n<meta property=\"article:modified_time\" content=\"2022-03-17T11:03:07+00:00\" \/>\n<meta property=\"og:image\" content=\"https:\/\/visitthefrenchriviera.com\/wp-content\/uploads\/2021\/04\/hosting-french-riviera-scaled.jpeg\" \/>\n\t<meta property=\"og:image:width\" content=\"2560\" \/>\n\t<meta property=\"og:image:height\" content=\"2560\" \/>\n\t<meta property=\"og:image:type\" content=\"image\/jpeg\" \/>\n<meta name=\"twitter:card\" content=\"summary_large_image\" \/>\n<meta name=\"twitter:label1\" content=\"Dur\u00e9e de lecture estim\u00e9e\" \/>\n\t<meta name=\"twitter:data1\" content=\"1 minute\" \/>\n<!-- \/ Yoast SEO plugin. -->","yoast_head_json":{"title":"H\u00e9bergement sur la C\u00f4te d'Azur | Visitez la C\u00f4te d'Azur","description":"Il existe un large choix de services d'h\u00e9bergement tels que le couchsurfing qui est id\u00e9al pour rencontrer de nouvelles personnes lors de vos voyages sur la C\u00f4te d'Azur.","robots":{"index":"index","follow":"follow","max-snippet":"max-snippet:-1","max-image-preview":"max-image-preview:large","max-video-preview":"max-video-preview:-1"},"canonical":"https:\/\/visitthefrenchriviera.com\/hosting\/","og_locale":"fr_FR","og_type":"article","og_title":"H\u00e9bergement sur la C\u00f4te d'Azur | Visitez la C\u00f4te d'Azur","og_description":"Il existe un large choix de services d'h\u00e9bergement tels que le couchsurfing qui est id\u00e9al pour rencontrer de nouvelles personnes lors de vos voyages sur la C\u00f4te d'Azur.","og_url":"https:\/\/visitthefrenchriviera.com\/hosting\/","og_site_name":"Visitthefrenchriviera - C\u00f4te d&#039;Azur France","article_modified_time":"2022-03-17T11:03:07+00:00","og_image":[{"width":2560,"height":2560,"url":"https:\/\/visitthefrenchriviera.com\/wp-content\/uploads\/2021\/04\/hosting-french-riviera-scaled.jpeg","type":"image\/jpeg"}],"twitter_card":"summary_large_image","twitter_misc":{"Dur\u00e9e de lecture estim\u00e9e":"1 minute"},"schema":{"@context":"https:\/\/schema.org","@graph":[{"@type":"WebPage","@id":"https:\/\/visitthefrenchriviera.com\/hosting\/","url":"https:\/\/visitthefrenchriviera.com\/hosting\/","name":"H\u00e9bergement sur la C\u00f4te d'Azur | Visitez la C\u00f4te d'Azur","isPartOf":{"@id":"https:\/\/visitthefrenchriviera.com\/#website"},"primaryImageOfPage":{"@id":"https:\/\/visitthefrenchriviera.com\/hosting\/#primaryimage"},"image":{"@id":"https:\/\/visitthefrenchriviera.com\/hosting\/#primaryimage"},"thumbnailUrl":"https:\/\/visitthefrenchriviera.com\/wp-content\/uploads\/2021\/04\/hosting-french-riviera-scaled.jpeg","datePublished":"2021-04-08T20:12:26+00:00","dateModified":"2022-03-17T11:03:07+00:00","description":"Il existe un large choix de services d'h\u00e9bergement tels que le couchsurfing qui est id\u00e9al pour rencontrer de nouvelles personnes lors de vos voyages sur la C\u00f4te d'Azur.","breadcrumb":{"@id":"https:\/\/visitthefrenchriviera.com\/hosting\/#breadcrumb"},"inLanguage":"fr-FR","potentialAction":[{"@type":"ReadAction","target":["https:\/\/visitthefrenchriviera.com\/hosting\/"]}]},{"@type":"ImageObject","inLanguage":"fr-FR","@id":"https:\/\/visitthefrenchriviera.com\/hosting\/#primaryimage","url":"https:\/\/visitthefrenchriviera.com\/wp-content\/uploads\/2021\/04\/hosting-french-riviera-scaled.jpeg","contentUrl":"https:\/\/visitthefrenchriviera.com\/wp-content\/uploads\/2021\/04\/hosting-french-riviera-scaled.jpeg","width":2560,"height":2560,"caption":"Breakfast feast with egg, meat, bread, coffee and juice"},{"@type":"BreadcrumbList","@id":"https:\/\/visitthefrenchriviera.com\/hosting\/#breadcrumb","itemListElement":[{"@type":"ListItem","position":1,"name":"Home","item":"https:\/\/visitthefrenchriviera.com\/"},{"@type":"ListItem","position":2,"name":"H\u00e9bergement"}]},{"@type":"WebSite","@id":"https:\/\/visitthefrenchriviera.com\/#website","url":"https:\/\/visitthefrenchriviera.com\/","name":"Visitthefrenchriviera - C\u00f4te d&#039;Azur France","description":"C\u00f4te d&#039;Azur Exclusives \u2013 Curated Experiences for the Discerning Explorer","potentialAction":[{"@type":"SearchAction","target":{"@type":"EntryPoint","urlTemplate":"https:\/\/visitthefrenchriviera.com\/?s={search_term_string}"},"query-input":{"@type":"PropertyValueSpecification","valueRequired":true,"valueName":"search_term_string"}}],"inLanguage":"fr-FR"}]}},"_links":{"self":[{"href":"https:\/\/visitthefrenchriviera.com\/fr\/wp-json\/wp\/v2\/pages\/9857","targetHints":{"allow":["GET"]}}],"collection":[{"href":"https:\/\/visitthefrenchriviera.com\/fr\/wp-json\/wp\/v2\/pages"}],"about":[{"href":"https:\/\/visitthefrenchriviera.com\/fr\/wp-json\/wp\/v2\/types\/page"}],"author":[{"embeddable":true,"href":"https:\/\/visitthefrenchriviera.com\/fr\/wp-json\/wp\/v2\/users\/3"}],"replies":[{"embeddable":true,"href":"https:\/\/visitthefrenchriviera.com\/fr\/wp-json\/wp\/v2\/comments?post=9857"}],"version-history":[{"count":1,"href":"https:\/\/visitthefrenchriviera.com\/fr\/wp-json\/wp\/v2\/pages\/9857\/revisions"}],"predecessor-version":[{"id":15455,"href":"https:\/\/visitthefrenchriviera.com\/fr\/wp-json\/wp\/v2\/pages\/9857\/revisions\/15455"}],"wp:featuredmedia":[{"embeddable":true,"href":"https:\/\/visitthefrenchriviera.com\/fr\/wp-json\/wp\/v2\/media\/10656"}],"wp:attachment":[{"href":"https:\/\/visitthefrenchriviera.com\/fr\/wp-json\/wp\/v2\/media?parent=9857"}],"curies":[{"name":"wp","href":"https:\/\/api.w.org\/{rel}","templated":true}]}}