{"id":9860,"date":"2021-04-08T20:13:36","date_gmt":"2021-04-08T20:13:36","guid":{"rendered":"https:\/\/visitthefrenchriviera.com\/proprietes\/"},"modified":"2022-03-17T11:07:56","modified_gmt":"2022-03-17T11:07:56","slug":"proprietes","status":"publish","type":"page","link":"https:\/\/visitthefrenchriviera.com\/fr\/proprietes\/","title":{"rendered":"propri\u00e9t\u00e9s"},"content":{"rendered":"<h2>Propri\u00e9t\u00e9s C\u00f4te d&#8217;Azur<\/h2>\n<p>En mati\u00e8re d&#8217;immobilier, la C\u00f4te d&#8217;Azur offre un large choix d&#8217;agences, de la location ou m\u00eame de l&#8217;achat au bord de l&#8217;eau jusqu&#8217;aux Alpes.<\/p>\n<p>Vous pouvez choisir parmi les agences immobili\u00e8res internationales qui se sp\u00e9cialisent dans les appartements, les villas et les propri\u00e9t\u00e9s de toutes sortes de la C\u00f4te d&#8217;Azur en vous aidant avec les hypoth\u00e8ques et toutes les informations, d\u00e9tails et documents n\u00e9cessaires dont vous pourriez avoir besoin.<\/p>\n<p>Les charmes de la C\u00f4te d&#8217;Azur et le style de vie exclusif et agr\u00e9able de la c\u00f4te m\u00e9diterran\u00e9enne peuvent \u00eatre v\u00e9cus de multiples fa\u00e7ons et, bien s\u00fbr, appr\u00e9ci\u00e9s dans diff\u00e9rents endroits, selon vos pr\u00e9f\u00e9rences. Vous pouvez choisir parmi une superbe collection de r\u00e9sidences telles que des villas en bord de mer, des maisons contemporaines, des appartements de luxe, des ch\u00e2teaux, des maisons ou des propri\u00e9t\u00e9s viticoles.<\/p>\n<p>Un large choix de r\u00e9sidences exceptionnelles vous attend dans le Sud de la France. Vous ne regretterez pas d&#8217;avoir pris la d\u00e9cision d&#8217;un investissement immobilier dans la belle r\u00e9gion de la C\u00f4te d&#8217;Azur !<\/p>\n","protected":false},"excerpt":{"rendered":"<p>Propri\u00e9t\u00e9s C\u00f4te d&#8217;Azur En mati\u00e8re d&#8217;immobilier, la C\u00f4te d&#8217;Azur offre un large choix d&#8217;agences, de la location ou m\u00eame de l&#8217;achat au bord de l&#8217;eau jusqu&#8217;aux Alpes. Vous pouvez choisir parmi les agences immobili\u00e8res internationales qui se sp\u00e9cialisent dans les appartements, les villas et les propri\u00e9t\u00e9s de toutes sortes de la C\u00f4te d&#8217;Azur en vous [&hellip;]<\/p>\n","protected":false},"author":3,"featured_media":10665,"parent":0,"menu_order":0,"comment_status":"closed","ping_status":"closed","template":"template-home-modern.php","meta":{"_acf_changed":false,"footnotes":""},"class_list":["post-9860","page","type-page","status-publish","has-post-thumbnail","hentry"],"acf":[],"yoast_head":"<!-- This site is optimized with the Yoast SEO plugin v26.1.1 - https:\/\/yoast.com\/wordpress\/plugins\/seo\/ -->\n<title>propri\u00e9t\u00e9s \u00e0 la C\u00f4te d&#039;Azur I Visitez la C\u00f4te d&#039;Azur<\/title>\n<meta name=\"description\" content=\"La C\u00f4te d&#039;Azur offre un large choix d&#039;agences de location ou m\u00eame d&#039;achat au bord de l&#039;eau jusqu&#039;aux Alpes.\" \/>\n<meta name=\"robots\" content=\"index, follow, max-snippet:-1, max-image-preview:large, max-video-preview:-1\" \/>\n<link rel=\"canonical\" href=\"https:\/\/visitthefrenchriviera.com\/properties\/\" \/>\n<meta property=\"og:locale\" content=\"fr_FR\" \/>\n<meta property=\"og:type\" content=\"article\" \/>\n<meta property=\"og:title\" content=\"propri\u00e9t\u00e9s \u00e0 la C\u00f4te d&#039;Azur I Visitez la C\u00f4te d&#039;Azur\" \/>\n<meta property=\"og:description\" content=\"La C\u00f4te d&#039;Azur offre un large choix d&#039;agences de location ou m\u00eame d&#039;achat au bord de l&#039;eau jusqu&#039;aux Alpes.\" \/>\n<meta property=\"og:url\" content=\"https:\/\/visitthefrenchriviera.com\/properties\/\" \/>\n<meta property=\"og:site_name\" content=\"Visitthefrenchriviera - C\u00f4te d&#039;Azur France\" \/>\n<meta property=\"article:modified_time\" content=\"2022-03-17T11:07:56+00:00\" \/>\n<meta property=\"og:image\" content=\"https:\/\/visitthefrenchriviera.com\/wp-content\/uploads\/2021\/04\/properties-french-riviera-scaled.jpeg\" \/>\n\t<meta property=\"og:image:width\" content=\"2560\" \/>\n\t<meta property=\"og:image:height\" content=\"2560\" \/>\n\t<meta property=\"og:image:type\" content=\"image\/jpeg\" \/>\n<meta name=\"twitter:card\" content=\"summary_large_image\" \/>\n<meta name=\"twitter:label1\" content=\"Dur\u00e9e de lecture estim\u00e9e\" \/>\n\t<meta name=\"twitter:data1\" content=\"1 minute\" \/>\n<!-- \/ Yoast SEO plugin. -->","yoast_head_json":{"title":"propri\u00e9t\u00e9s \u00e0 la C\u00f4te d'Azur I Visitez la C\u00f4te d'Azur","description":"La C\u00f4te d'Azur offre un large choix d'agences de location ou m\u00eame d'achat au bord de l'eau jusqu'aux Alpes.","robots":{"index":"index","follow":"follow","max-snippet":"max-snippet:-1","max-image-preview":"max-image-preview:large","max-video-preview":"max-video-preview:-1"},"canonical":"https:\/\/visitthefrenchriviera.com\/properties\/","og_locale":"fr_FR","og_type":"article","og_title":"propri\u00e9t\u00e9s \u00e0 la C\u00f4te d'Azur I Visitez la C\u00f4te d'Azur","og_description":"La C\u00f4te d'Azur offre un large choix d'agences de location ou m\u00eame d'achat au bord de l'eau jusqu'aux Alpes.","og_url":"https:\/\/visitthefrenchriviera.com\/properties\/","og_site_name":"Visitthefrenchriviera - C\u00f4te d&#039;Azur France","article_modified_time":"2022-03-17T11:07:56+00:00","og_image":[{"width":2560,"height":2560,"url":"https:\/\/visitthefrenchriviera.com\/wp-content\/uploads\/2021\/04\/properties-french-riviera-scaled.jpeg","type":"image\/jpeg"}],"twitter_card":"summary_large_image","twitter_misc":{"Dur\u00e9e de lecture estim\u00e9e":"1 minute"},"schema":{"@context":"https:\/\/schema.org","@graph":[{"@type":"WebPage","@id":"https:\/\/visitthefrenchriviera.com\/properties\/","url":"https:\/\/visitthefrenchriviera.com\/properties\/","name":"propri\u00e9t\u00e9s \u00e0 la C\u00f4te d'Azur I Visitez la C\u00f4te d'Azur","isPartOf":{"@id":"https:\/\/visitthefrenchriviera.com\/#website"},"primaryImageOfPage":{"@id":"https:\/\/visitthefrenchriviera.com\/properties\/#primaryimage"},"image":{"@id":"https:\/\/visitthefrenchriviera.com\/properties\/#primaryimage"},"thumbnailUrl":"https:\/\/visitthefrenchriviera.com\/wp-content\/uploads\/2021\/04\/properties-french-riviera-scaled.jpeg","datePublished":"2021-04-08T20:13:36+00:00","dateModified":"2022-03-17T11:07:56+00:00","description":"La C\u00f4te d'Azur offre un large choix d'agences de location ou m\u00eame d'achat au bord de l'eau jusqu'aux Alpes.","breadcrumb":{"@id":"https:\/\/visitthefrenchriviera.com\/properties\/#breadcrumb"},"inLanguage":"fr-FR","potentialAction":[{"@type":"ReadAction","target":["https:\/\/visitthefrenchriviera.com\/properties\/"]}]},{"@type":"ImageObject","inLanguage":"fr-FR","@id":"https:\/\/visitthefrenchriviera.com\/properties\/#primaryimage","url":"https:\/\/visitthefrenchriviera.com\/wp-content\/uploads\/2021\/04\/properties-french-riviera-scaled.jpeg","contentUrl":"https:\/\/visitthefrenchriviera.com\/wp-content\/uploads\/2021\/04\/properties-french-riviera-scaled.jpeg","width":2560,"height":2560,"caption":"Monte Carlo Urban Scene. Monaco, Europe. Monte Carlo Marina and the Colorful Cityscape."},{"@type":"BreadcrumbList","@id":"https:\/\/visitthefrenchriviera.com\/properties\/#breadcrumb","itemListElement":[{"@type":"ListItem","position":1,"name":"Home","item":"https:\/\/visitthefrenchriviera.com\/"},{"@type":"ListItem","position":2,"name":"propri\u00e9t\u00e9s"}]},{"@type":"WebSite","@id":"https:\/\/visitthefrenchriviera.com\/#website","url":"https:\/\/visitthefrenchriviera.com\/","name":"Visitthefrenchriviera - C\u00f4te d&#039;Azur France","description":"C\u00f4te d&#039;Azur Exclusives \u2013 Curated Experiences for the Discerning Explorer","potentialAction":[{"@type":"SearchAction","target":{"@type":"EntryPoint","urlTemplate":"https:\/\/visitthefrenchriviera.com\/?s={search_term_string}"},"query-input":{"@type":"PropertyValueSpecification","valueRequired":true,"valueName":"search_term_string"}}],"inLanguage":"fr-FR"}]}},"_links":{"self":[{"href":"https:\/\/visitthefrenchriviera.com\/fr\/wp-json\/wp\/v2\/pages\/9860","targetHints":{"allow":["GET"]}}],"collection":[{"href":"https:\/\/visitthefrenchriviera.com\/fr\/wp-json\/wp\/v2\/pages"}],"about":[{"href":"https:\/\/visitthefrenchriviera.com\/fr\/wp-json\/wp\/v2\/types\/page"}],"author":[{"embeddable":true,"href":"https:\/\/visitthefrenchriviera.com\/fr\/wp-json\/wp\/v2\/users\/3"}],"replies":[{"embeddable":true,"href":"https:\/\/visitthefrenchriviera.com\/fr\/wp-json\/wp\/v2\/comments?post=9860"}],"version-history":[{"count":1,"href":"https:\/\/visitthefrenchriviera.com\/fr\/wp-json\/wp\/v2\/pages\/9860\/revisions"}],"predecessor-version":[{"id":15459,"href":"https:\/\/visitthefrenchriviera.com\/fr\/wp-json\/wp\/v2\/pages\/9860\/revisions\/15459"}],"wp:featuredmedia":[{"embeddable":true,"href":"https:\/\/visitthefrenchriviera.com\/fr\/wp-json\/wp\/v2\/media\/10665"}],"wp:attachment":[{"href":"https:\/\/visitthefrenchriviera.com\/fr\/wp-json\/wp\/v2\/media?parent=9860"}],"curies":[{"name":"wp","href":"https:\/\/api.w.org\/{rel}","templated":true}]}}