{"id":9870,"date":"2021-04-08T20:22:24","date_gmt":"2021-04-08T20:22:24","guid":{"rendered":"https:\/\/visitthefrenchriviera.com\/footer-page-new\/"},"modified":"2022-03-17T10:06:58","modified_gmt":"2022-03-17T10:06:58","slug":"footer-page-new","status":"publish","type":"page","link":"https:\/\/visitthefrenchriviera.com\/fr\/footer-page-new\/","title":{"rendered":"Footer page new"},"content":{"rendered":"<div class=\"wpb-content-wrapper\"><p>[vc_row css=&#8221;.vc_custom_1611112894050{margin-bottom: 50px !important;padding-top: 40px !important;padding-bottom: 10px !important;background-color: #f5f5f5 !important;}&#8221;][vc_column width=&#8221;1\/2&#8243;][vc_row_inner][vc_column_inner width=&#8221;1\/4&#8243;][vc_single_image image=&#8221;9873&#8243; img_size=&#8221;full&#8221; alignment=&#8221;center&#8221;][\/vc_column_inner][vc_column_inner width=&#8221;3\/4&#8243;][vc_column_text]<\/p>\n<h4 class=\"media-heading st-heading-section f24\" style=\"text-align: left;\">Inscrivez-vous \u00e0 notre newsletter<\/h4>\n<p class=\"f16 c-grey\" style=\"text-align: left;\">Recevez nos actualit\u00e9s et bons plans<\/p>\n<p>[\/vc_column_text][\/vc_column_inner][\/vc_row_inner][\/vc_column][vc_column width=&#8221;1\/2&#8243;][vc_column_text][sibwp_form id=1][\/vc_column_text][\/vc_column][\/vc_row][vc_row el_id=&#8221;footer-content-row&#8221;][vc_column width=&#8221;1\/5&#8243; el_class=&#8221;five-col&#8221;][vc_column_text]<\/p>\n<h3 style=\"text-align: left; font-size: 13px; font-weight: 800;\">Besoin d&#8217;aide ?<\/h3>\n<p>[\/vc_column_text][vc_separator align=&#8221;align_left&#8221; el_width=&#8221;40&#8243;][vc_column_text]<\/p>\n<ul id=\"#main-footer\" class=\"menu\">\n<li><a href=\"https:\/\/visitthefrenchriviera.com\/fr\/contact\/\">Contactez-nous<\/a><\/li>\n<\/ul>\n<p>[\/vc_column_text][vc_separator align=&#8221;align_left&#8221; el_width=&#8221;40&#8243;][vc_column_text]Email :<\/p>\n<h5><span \n                data-original-string='f1HnAP8h6MNXM5VfoQTIPw==b3cE4NiP1OsxBkkjIPInH\/o5eaLdqf5G+ZX7j9VQCusa\/E='\n                class='apbct-email-encoder'\n                title='This contact has been encoded by Anti-Spam by CleanTalk. Click to decode. To finish the decoding make sure that JavaScript is enabled in your browser.'>in<span class=\"apbct-blur\">**<\/span>@<span class=\"apbct-blur\">*******************<\/span>ra.com<\/span><\/h5>\n<p>[\/vc_column_text][vc_separator align=&#8221;align_left&#8221; el_width=&#8221;40&#8243;][vc_column_text]Suivez-Nous<\/p>\n<p><a style=\"margin-right: 20px; display: inline-block;\" href=\"https:\/\/www.facebook.com\/visitthefrenchriviera\/\" target=\"_blank\" rel=\"noopener noreferrer\"><noscript><img decoding=\"async\" class=\"alignnone wp-image-7794 size-full\" src=\"https:\/\/visitthefrenchriviera.com\/wp-content\/uploads\/2021\/04\/ico_facebook_footer.png\" alt=\"\" width=\"21\" height=\"25\" \/><\/noscript><img decoding=\"async\" class=\"alignnone wp-image-7794 size-full lazyloaded\" src=\"https:\/\/visitthefrenchriviera.com\/wp-content\/uploads\/2021\/04\/ico_facebook_footer.png\" alt=\"\" width=\"21\" height=\"25\" data-src=\"https:\/\/visitthefrenchriviera.com\/wp-content\/uploads\/2021\/04\/ico_facebook_footer.png\" \/><\/a><a style=\"margin-right: 20px; display: inline-block;\" href=\"https:\/\/twitter.com\/rivierabarcrawl\/\" target=\"_blank\" rel=\"noopener noreferrer\"><noscript><img decoding=\"async\" class=\"alignnone wp-image-7795 size-full\" src=\"https:\/\/visitthefrenchriviera.com\/wp-content\/uploads\/2021\/04\/ico_twitter_footer.png\" alt=\"\" width=\"32\" height=\"24\" \/><\/noscript><img loading=\"lazy\" decoding=\"async\" class=\"alignnone wp-image-7795 size-full lazyloaded\" src=\"https:\/\/visitthefrenchriviera.com\/wp-content\/uploads\/2021\/04\/ico_twitter_footer.png\" alt=\"\" width=\"32\" height=\"24\" data-src=\"https:\/\/visitthefrenchriviera.com\/wp-content\/uploads\/2021\/04\/ico_twitter_footer.png\" \/><\/a><a style=\"margin-right: 20px; display: inline-block;\" href=\"https:\/\/www.instagram.com\/rivierabarcrawltours\/\" target=\"_blank\" rel=\"noopener noreferrer\"><noscript><img loading=\"lazy\" decoding=\"async\" class=\"alignnone wp-image-7796 size-full\" src=\"https:\/\/visitthefrenchriviera.com\/wp-content\/uploads\/2021\/04\/ico_instagram_footer.png\" alt=\"\" width=\"24\" height=\"22\" \/><\/noscript><img loading=\"lazy\" decoding=\"async\" class=\"alignnone wp-image-7796 size-full lazyloaded\" src=\"https:\/\/visitthefrenchriviera.com\/wp-content\/uploads\/2021\/04\/ico_instagram_footer.png\" alt=\"\" width=\"24\" height=\"22\" data-src=\"https:\/\/visitthefrenchriviera.com\/wp-content\/uploads\/2021\/04\/ico_instagram_footer.png\" \/><\/a><a style=\"margin-right: 20px; display: inline-block;\" href=\"https:\/\/www.pinterest.fr\/rivierabarcrawltours\/\" target=\"_blank\" rel=\"noopener noreferrer\"><noscript><img loading=\"lazy\" decoding=\"async\" class=\"alignnone wp-image-7796 size-full\" src=\"https:\/\/visitthefrenchriviera.com\/wp-content\/uploads\/2021\/04\/ico_pinterest_footer.png\" alt=\"\" width=\"24\" height=\"20\" \/><\/noscript><img loading=\"lazy\" decoding=\"async\" class=\"alignnone wp-image-7796 size-full lazyloaded\" src=\"https:\/\/visitthefrenchriviera.com\/wp-content\/uploads\/2021\/04\/ico_pinterest_footer.png\" alt=\"\" width=\"24\" height=\"20\" data-src=\"https:\/\/visitthefrenchriviera.com\/wp-content\/uploads\/2021\/04\/ico_pinterest_footer.png\" \/><\/a><a style=\"margin-right: 20px; display: inline-block;\" href=\"https:\/\/www.youtube.com\/user\/rivierabarcrawl\" target=\"_blank\" rel=\"noopener noreferrer\"><noscript><img loading=\"lazy\" decoding=\"async\" class=\"alignnone wp-image-7796 size-full\" src=\"https:\/\/visitthefrenchriviera.com\/wp-content\/uploads\/2021\/04\/ico_youtube_footer.png\" alt=\"\" width=\"24\" height=\"20\" \/><\/noscript><img loading=\"lazy\" decoding=\"async\" class=\"alignnone wp-image-7796 size-full lazyloaded\" src=\"https:\/\/visitthefrenchriviera.com\/wp-content\/uploads\/2021\/04\/ico_youtube_footer.png\" alt=\"\" width=\"24\" height=\"20\" data-src=\"https:\/\/visitthefrenchriviera.com\/wp-content\/uploads\/2021\/04\/ico_youtube_footer.png\" \/><\/a>[\/vc_column_text][\/vc_column][vc_column width=&#8221;1\/5&#8243; el_class=&#8221;five-col&#8221;][vc_column_text]<\/p>\n<h3 style=\"text-align: left; font-size: 13px; font-weight: 800;\">Villes de la C\u00f4te d&#8217;Azur<\/h3>\n<p>[\/vc_column_text][vc_separator align=&#8221;align_left&#8221; el_width=&#8221;40&#8243;]<div class=\"widget widget_nav_menu\"><ul id=\"menu-footer-1-french\" class=\"menu\"><li id=\"menu-item-9843\" class=\"menu-item menu-item-type-post_type menu-item-object-location menu-item-9843\"><a href=\"https:\/\/visitthefrenchriviera.com\/fr\/location\/antibes\/\">Antibes<\/a><\/li>\n<li id=\"menu-item-9842\" class=\"menu-item menu-item-type-post_type menu-item-object-location menu-item-9842\"><a href=\"https:\/\/visitthefrenchriviera.com\/fr\/location\/cannes\/\">Cannes<\/a><\/li>\n<li id=\"menu-item-9841\" class=\"menu-item menu-item-type-post_type menu-item-object-location menu-item-9841\"><a href=\"https:\/\/visitthefrenchriviera.com\/fr\/location\/eze\/\">Eze<\/a><\/li>\n<li id=\"menu-item-9840\" class=\"menu-item menu-item-type-post_type menu-item-object-location menu-item-9840\"><a href=\"https:\/\/visitthefrenchriviera.com\/fr\/location\/grasse\/\">Grasse<\/a><\/li>\n<li id=\"menu-item-9839\" class=\"menu-item menu-item-type-post_type menu-item-object-location menu-item-9839\"><a href=\"https:\/\/visitthefrenchriviera.com\/fr\/location\/menton\/\">Menton<\/a><\/li>\n<li id=\"menu-item-9838\" class=\"menu-item menu-item-type-post_type menu-item-object-location menu-item-9838\"><a href=\"https:\/\/visitthefrenchriviera.com\/fr\/location\/monaco\/\">Monaco<\/a><\/li>\n<li id=\"menu-item-9837\" class=\"menu-item menu-item-type-post_type menu-item-object-location menu-item-9837\"><a href=\"https:\/\/visitthefrenchriviera.com\/fr\/location\/nice\/\">Nice<\/a><\/li>\n<li id=\"menu-item-9834\" class=\"menu-item menu-item-type-post_type menu-item-object-location menu-item-9834\"><a href=\"https:\/\/visitthefrenchriviera.com\/fr\/location\/saint-tropez\/\">Saint-Tropez<\/a><\/li>\n<li id=\"menu-item-9835\" class=\"menu-item menu-item-type-post_type menu-item-object-location menu-item-9835\"><a href=\"https:\/\/visitthefrenchriviera.com\/fr\/location\/saint-paul-de-vence\/\">Saint Paul de Vence<\/a><\/li>\n<li id=\"menu-item-9833\" class=\"menu-item menu-item-type-post_type menu-item-object-location menu-item-9833\"><a href=\"https:\/\/visitthefrenchriviera.com\/fr\/location\/villefranche-sur-mer\/\">Villefranche sur mer<\/a><\/li>\n<li id=\"menu-item-9836\" class=\"menu-item menu-item-type-post_type menu-item-object-location menu-item-9836\"><a href=\"https:\/\/visitthefrenchriviera.com\/fr\/location\/saint-jean-cap-ferrat\/\">Saint Jean Cap ferrat<\/a><\/li>\n<\/ul><\/div>[\/vc_column][vc_column width=&#8221;1\/5&#8243; el_class=&#8221;five-col&#8221;][vc_column_text]<\/p>\n<h3 style=\"text-align: left; font-size: 13px; font-weight: 800;\">Activit\u00e9s &#038; \u00e9v\u00e9nements \u00e0 faire<\/h3>\n<p>[\/vc_column_text][vc_separator align=&#8221;align_left&#8221; el_width=&#8221;40&#8243;][\/vc_column][vc_column width=&#8221;1\/5&#8243; el_class=&#8221;five-col&#8221;][vc_column_text]<\/p>\n<h3 style=\"text-align: left; font-size: 13px; font-weight: 800;\">Location sur la C\u00f4te d&#8217;Azur<\/h3>\n<p>[\/vc_column_text][vc_separator align=&#8221;align_left&#8221; el_width=&#8221;40&#8243;]<div class=\"widget widget_nav_menu\"><ul id=\"menu-footer-3-french\" class=\"menu\"><li id=\"menu-item-9852\" class=\"menu-item menu-item-type-custom menu-item-object-custom menu-item-9852\"><a href=\"https:\/\/www.airbnb.com\/\">airbnb<\/a><\/li>\n<li id=\"menu-item-9853\" class=\"menu-item menu-item-type-post_type menu-item-object-page menu-item-9853\"><a href=\"https:\/\/visitthefrenchriviera.com\/fr\/locations-de-vacances\/\">Locations de vacances<\/a><\/li>\n<li id=\"menu-item-9862\" class=\"menu-item menu-item-type-post_type menu-item-object-page menu-item-9862\"><a href=\"https:\/\/visitthefrenchriviera.com\/fr\/hebergement\/\">H\u00e9bergement<\/a><\/li>\n<li id=\"menu-item-9854\" class=\"menu-item menu-item-type-post_type menu-item-object-page menu-item-9854\"><a href=\"https:\/\/visitthefrenchriviera.com\/fr\/hotels\/\">H\u00f4tels<\/a><\/li>\n<li id=\"menu-item-9861\" class=\"menu-item menu-item-type-post_type menu-item-object-page menu-item-9861\"><a href=\"https:\/\/visitthefrenchriviera.com\/fr\/proprietes\/\">propri\u00e9t\u00e9s<\/a><\/li>\n<\/ul><\/div>[\/vc_column][vc_column width=&#8221;1\/5&#8243; el_class=&#8221;five-col&#8221;][vc_column_text]<\/p>\n<h3 style=\"text-align: left; font-size: 13px; font-weight: 800;\">Transport sur la C\u00f4te d&#8217;Azur<\/h3>\n<p>[\/vc_column_text][vc_separator align=&#8221;align_left&#8221; el_width=&#8221;40&#8243;]<div class=\"widget widget_nav_menu\"><ul id=\"menu-footer-4-french\" class=\"menu\"><li id=\"menu-item-9867\" class=\"menu-item menu-item-type-custom menu-item-object-custom menu-item-9867\"><a href=\"#\">Minivan de transfert<\/a><\/li>\n<li id=\"menu-item-9868\" class=\"menu-item menu-item-type-custom menu-item-object-custom menu-item-9868\"><a href=\"#\">Transfert en h\u00e9licopt\u00e8re<\/a><\/li>\n<li id=\"menu-item-9869\" class=\"menu-item menu-item-type-custom menu-item-object-custom menu-item-9869\"><a href=\"#\">Chauffeur priv\u00e9<\/a><\/li>\n<\/ul><\/div>[\/vc_column][\/vc_row]<\/p>\n<\/div>","protected":false},"excerpt":{"rendered":"<p>[vc_row css=&#8221;.vc_custom_1611112894050{margin-bottom: 50px !important;padding-top: 40px !important;padding-bottom: 10px !important;background-color: #f5f5f5 !important;}&#8221;][vc_column width=&#8221;1\/2&#8243;][vc_row_inner][vc_column_inner width=&#8221;1\/4&#8243;][vc_single_image image=&#8221;9873&#8243; img_size=&#8221;full&#8221; alignment=&#8221;center&#8221;][\/vc_column_inner][vc_column_inner width=&#8221;3\/4&#8243;][vc_column_text] Inscrivez-vous \u00e0 notre newsletter Recevez nos actualit\u00e9s et bons plans [\/vc_column_text][\/vc_column_inner][\/vc_row_inner][\/vc_column][vc_column width=&#8221;1\/2&#8243;][vc_column_text][sibwp_form id=1][\/vc_column_text][\/vc_column][\/vc_row][vc_row el_id=&#8221;footer-content-row&#8221;][vc_column width=&#8221;1\/5&#8243; el_class=&#8221;five-col&#8221;][vc_column_text] Besoin d&#8217;aide ? [\/vc_column_text][vc_separator align=&#8221;align_left&#8221; el_width=&#8221;40&#8243;][vc_column_text] Contactez-nous [\/vc_column_text][vc_separator align=&#8221;align_left&#8221; el_width=&#8221;40&#8243;][vc_column_text]Email : in**@*******************ra.com [\/vc_column_text][vc_separator align=&#8221;align_left&#8221; el_width=&#8221;40&#8243;][vc_column_text]Suivez-Nous [\/vc_column_text][\/vc_column][vc_column width=&#8221;1\/5&#8243; el_class=&#8221;five-col&#8221;][vc_column_text] Villes de la C\u00f4te d&#8217;Azur [&hellip;]<\/p>\n","protected":false},"author":3,"featured_media":0,"parent":0,"menu_order":0,"comment_status":"closed","ping_status":"closed","template":"","meta":{"_acf_changed":false,"footnotes":""},"class_list":["post-9870","page","type-page","status-publish","has-post-thumbnail","hentry"],"acf":[],"yoast_head":"<!-- This site is optimized with the Yoast SEO plugin v26.1.1 - https:\/\/yoast.com\/wordpress\/plugins\/seo\/ -->\n<title>Footer page new - Visitthefrenchriviera - C\u00f4te d&#039;Azur France<\/title>\n<meta name=\"robots\" content=\"index, follow, max-snippet:-1, max-image-preview:large, max-video-preview:-1\" \/>\n<link rel=\"canonical\" href=\"https:\/\/visitthefrenchriviera.com\/footer-page-new\/\" \/>\n<meta property=\"og:locale\" content=\"fr_FR\" \/>\n<meta property=\"og:type\" content=\"article\" \/>\n<meta property=\"og:title\" content=\"Footer page new - Visitthefrenchriviera - C\u00f4te d&#039;Azur France\" \/>\n<meta property=\"og:description\" content=\"[vc_row css=&#8221;.vc_custom_1611112894050{margin-bottom: 50px !important;padding-top: 40px !important;padding-bottom: 10px !important;background-color: #f5f5f5 !important;}&#8221;][vc_column width=&#8221;1\/2&#8243;][vc_row_inner][vc_column_inner width=&#8221;1\/4&#8243;][vc_single_image image=&#8221;9873&#8243; img_size=&#8221;full&#8221; alignment=&#8221;center&#8221;][\/vc_column_inner][vc_column_inner width=&#8221;3\/4&#8243;][vc_column_text] Inscrivez-vous \u00e0 notre newsletter Recevez nos actualit\u00e9s et bons plans [\/vc_column_text][\/vc_column_inner][\/vc_row_inner][\/vc_column][vc_column width=&#8221;1\/2&#8243;][vc_column_text][sibwp_form id=1][\/vc_column_text][\/vc_column][\/vc_row][vc_row el_id=&#8221;footer-content-row&#8221;][vc_column width=&#8221;1\/5&#8243; el_class=&#8221;five-col&#8221;][vc_column_text] Besoin d&#8217;aide ? [\/vc_column_text][vc_separator align=&#8221;align_left&#8221; el_width=&#8221;40&#8243;][vc_column_text] Contactez-nous [\/vc_column_text][vc_separator align=&#8221;align_left&#8221; el_width=&#8221;40&#8243;][vc_column_text]Email : in**@*******************ra.com [\/vc_column_text][vc_separator align=&#8221;align_left&#8221; el_width=&#8221;40&#8243;][vc_column_text]Suivez-Nous [\/vc_column_text][\/vc_column][vc_column width=&#8221;1\/5&#8243; el_class=&#8221;five-col&#8221;][vc_column_text] Villes de la C\u00f4te d&#8217;Azur [&hellip;]\" \/>\n<meta property=\"og:url\" content=\"https:\/\/visitthefrenchriviera.com\/footer-page-new\/\" \/>\n<meta property=\"og:site_name\" content=\"Visitthefrenchriviera - C\u00f4te d&#039;Azur France\" \/>\n<meta property=\"article:modified_time\" content=\"2022-03-17T10:06:58+00:00\" \/>\n<meta property=\"og:image\" content=\"https:\/\/visitthefrenchriviera.com\/wp-content\/uploads\/2021\/04\/ico_facebook_footer.png\" \/>\n<meta name=\"twitter:card\" content=\"summary_large_image\" \/>\n<meta name=\"twitter:label1\" content=\"Dur\u00e9e de lecture estim\u00e9e\" \/>\n\t<meta name=\"twitter:data1\" content=\"1 minute\" \/>\n<!-- \/ Yoast SEO plugin. -->","yoast_head_json":{"title":"Footer page new - Visitthefrenchriviera - C\u00f4te d&#039;Azur France","robots":{"index":"index","follow":"follow","max-snippet":"max-snippet:-1","max-image-preview":"max-image-preview:large","max-video-preview":"max-video-preview:-1"},"canonical":"https:\/\/visitthefrenchriviera.com\/footer-page-new\/","og_locale":"fr_FR","og_type":"article","og_title":"Footer page new - Visitthefrenchriviera - C\u00f4te d&#039;Azur France","og_description":"[vc_row css=&#8221;.vc_custom_1611112894050{margin-bottom: 50px !important;padding-top: 40px !important;padding-bottom: 10px !important;background-color: #f5f5f5 !important;}&#8221;][vc_column width=&#8221;1\/2&#8243;][vc_row_inner][vc_column_inner width=&#8221;1\/4&#8243;][vc_single_image image=&#8221;9873&#8243; img_size=&#8221;full&#8221; alignment=&#8221;center&#8221;][\/vc_column_inner][vc_column_inner width=&#8221;3\/4&#8243;][vc_column_text] Inscrivez-vous \u00e0 notre newsletter Recevez nos actualit\u00e9s et bons plans [\/vc_column_text][\/vc_column_inner][\/vc_row_inner][\/vc_column][vc_column width=&#8221;1\/2&#8243;][vc_column_text][sibwp_form id=1][\/vc_column_text][\/vc_column][\/vc_row][vc_row el_id=&#8221;footer-content-row&#8221;][vc_column width=&#8221;1\/5&#8243; el_class=&#8221;five-col&#8221;][vc_column_text] Besoin d&#8217;aide ? [\/vc_column_text][vc_separator align=&#8221;align_left&#8221; el_width=&#8221;40&#8243;][vc_column_text] Contactez-nous [\/vc_column_text][vc_separator align=&#8221;align_left&#8221; el_width=&#8221;40&#8243;][vc_column_text]Email : in**@*******************ra.com [\/vc_column_text][vc_separator align=&#8221;align_left&#8221; el_width=&#8221;40&#8243;][vc_column_text]Suivez-Nous [\/vc_column_text][\/vc_column][vc_column width=&#8221;1\/5&#8243; el_class=&#8221;five-col&#8221;][vc_column_text] Villes de la C\u00f4te d&#8217;Azur [&hellip;]","og_url":"https:\/\/visitthefrenchriviera.com\/footer-page-new\/","og_site_name":"Visitthefrenchriviera - C\u00f4te d&#039;Azur France","article_modified_time":"2022-03-17T10:06:58+00:00","og_image":[{"url":"https:\/\/visitthefrenchriviera.com\/wp-content\/uploads\/2021\/04\/ico_facebook_footer.png","type":"","width":"","height":""}],"twitter_card":"summary_large_image","twitter_misc":{"Dur\u00e9e de lecture estim\u00e9e":"1 minute"},"schema":{"@context":"https:\/\/schema.org","@graph":[{"@type":"WebPage","@id":"https:\/\/visitthefrenchriviera.com\/footer-page-new\/","url":"https:\/\/visitthefrenchriviera.com\/footer-page-new\/","name":"Footer page new - Visitthefrenchriviera - C\u00f4te d&#039;Azur France","isPartOf":{"@id":"https:\/\/visitthefrenchriviera.com\/#website"},"primaryImageOfPage":{"@id":"https:\/\/visitthefrenchriviera.com\/footer-page-new\/#primaryimage"},"image":{"@id":"https:\/\/visitthefrenchriviera.com\/footer-page-new\/#primaryimage"},"thumbnailUrl":"https:\/\/visitthefrenchriviera.com\/wp-content\/uploads\/2021\/04\/ico_facebook_footer.png","datePublished":"2021-04-08T20:22:24+00:00","dateModified":"2022-03-17T10:06:58+00:00","breadcrumb":{"@id":"https:\/\/visitthefrenchriviera.com\/footer-page-new\/#breadcrumb"},"inLanguage":"fr-FR","potentialAction":[{"@type":"ReadAction","target":["https:\/\/visitthefrenchriviera.com\/footer-page-new\/"]}]},{"@type":"ImageObject","inLanguage":"fr-FR","@id":"https:\/\/visitthefrenchriviera.com\/footer-page-new\/#primaryimage","url":"https:\/\/visitthefrenchriviera.com\/wp-content\/uploads\/2021\/04\/ico_facebook_footer.png","contentUrl":"https:\/\/visitthefrenchriviera.com\/wp-content\/uploads\/2021\/04\/ico_facebook_footer.png"},{"@type":"BreadcrumbList","@id":"https:\/\/visitthefrenchriviera.com\/footer-page-new\/#breadcrumb","itemListElement":[{"@type":"ListItem","position":1,"name":"Home","item":"https:\/\/visitthefrenchriviera.com\/"},{"@type":"ListItem","position":2,"name":"Footer page new"}]},{"@type":"WebSite","@id":"https:\/\/visitthefrenchriviera.com\/#website","url":"https:\/\/visitthefrenchriviera.com\/","name":"Visitthefrenchriviera - C\u00f4te d&#039;Azur France","description":"C\u00f4te d&#039;Azur Exclusives \u2013 Curated Experiences for the Discerning Explorer","potentialAction":[{"@type":"SearchAction","target":{"@type":"EntryPoint","urlTemplate":"https:\/\/visitthefrenchriviera.com\/?s={search_term_string}"},"query-input":{"@type":"PropertyValueSpecification","valueRequired":true,"valueName":"search_term_string"}}],"inLanguage":"fr-FR"}]}},"_links":{"self":[{"href":"https:\/\/visitthefrenchriviera.com\/fr\/wp-json\/wp\/v2\/pages\/9870","targetHints":{"allow":["GET"]}}],"collection":[{"href":"https:\/\/visitthefrenchriviera.com\/fr\/wp-json\/wp\/v2\/pages"}],"about":[{"href":"https:\/\/visitthefrenchriviera.com\/fr\/wp-json\/wp\/v2\/types\/page"}],"author":[{"embeddable":true,"href":"https:\/\/visitthefrenchriviera.com\/fr\/wp-json\/wp\/v2\/users\/3"}],"replies":[{"embeddable":true,"href":"https:\/\/visitthefrenchriviera.com\/fr\/wp-json\/wp\/v2\/comments?post=9870"}],"version-history":[{"count":8,"href":"https:\/\/visitthefrenchriviera.com\/fr\/wp-json\/wp\/v2\/pages\/9870\/revisions"}],"predecessor-version":[{"id":15436,"href":"https:\/\/visitthefrenchriviera.com\/fr\/wp-json\/wp\/v2\/pages\/9870\/revisions\/15436"}],"wp:attachment":[{"href":"https:\/\/visitthefrenchriviera.com\/fr\/wp-json\/wp\/v2\/media?parent=9870"}],"curies":[{"name":"wp","href":"https:\/\/api.w.org\/{rel}","templated":true}]}}